{"id":3690832,"date":"2025-10-13T13:44:28","date_gmt":"2025-10-13T17:44:28","guid":{"rendered":"https:\/\/stoic-curie.212-227-153-4.plesk.page\/product\/fendress-navlaka-za-bokobran-f4-bordeaux\/"},"modified":"2026-02-25T00:01:03","modified_gmt":"2026-02-25T00:01:03","slug":"fendress-navlaka-za-bokobran-f4-bordeaux","status":"publish","type":"product","link":"https:\/\/stoic-curie.212-227-153-4.plesk.page\/hr\/product\/fendress-navlaka-za-bokobran-f4-bordeaux\/","title":{"rendered":"Fendress navlaka za bokobran F4 Bordeaux"},"content":{"rendered":"<p>Fendress navlaka za bokobran F4 Bordeaux &#8211; <\/p>\n<p>Ru\u010dno ra\u0111ene Fendress navlake za fendere od mekog flisa. Premium za\u0161tita za va\u0161e fendere, uz uklanjanje \u0161kripanja i ogrebotina. Mekane i izdr\u017eljive, ove navlake u\u010dinkovito \u0161tite va\u0161u gel-coat boju i produ\u017euju vijek trajanja va\u0161ih fendera.<\/p>\n<p>\u2022 &#8220;Fendress Covers&#8221; su 100% akrilne, ru\u010dno ra\u0111ene, visoke kvalitete, otporne i neabrazivne. Mekane, pli\u0161ane flis navlake nude ultimativnu za\u0161titu za va\u0161e gornje povr\u0161ine. \u2022 &#8220;Fendress Covers&#8221; su otporne na UV zra\u010denje i morsku vodu, u\u010dinkovito \u0161tite\u0107i va\u0161u gel-coat boju od ogrebotina i abradacije. \u010cvrsta flis tkanina sadr\u017ei sve najbolje karakteristike, uklju\u010duju\u0107i otpornost na kidanje i abraziju, brzo su\u0161enje i jednostavno uklanjanje za \u010di\u0161\u0107enje. \u2022 &#8220;Fendress Covers&#8221; produ\u017euju vijek trajanja va\u0161ih fendera i eliminiraju iritantno \u0161kripanje fendera. Boje otporne na UV zra\u010denje ne ostavljaju tragove na va\u0161im povr\u0161inama. Mogu se prati u ma\u0161ini. \u2022 &#8220;Fendress Covers&#8221; visoke otpornosti na vrhu i elasti\u010dnim donjim rubom omogu\u0107avaju prilago\u0111eno prijanjanje za sve vrste fendera. Navlake su dostupne u 9 boja.<\/p>\n","protected":false},"excerpt":{"rendered":"<p>Fendress navlaka za bokobran F4 Bordeaux &#8211; Ru\u010dno ra\u0111ene Fendress navlake za fendere od mekog flisa. Premium za\u0161tita za va\u0161e<\/p>\n","protected":false},"featured_media":5944364,"comment_status":"closed","ping_status":"closed","template":"","meta":[],"product_brand":[2936],"product_cat":[1851],"product_tag":[],"class_list":{"0":"post-3690832","1":"product","2":"type-product","3":"status-publish","4":"has-post-thumbnail","6":"product_brand-fendress-hr","7":"product_cat-navlake-za-bokobrane","9":"first","10":"instock","11":"shipping-taxable","12":"purchasable","13":"product-type-simple"},"_links":{"self":[{"href":"https:\/\/stoic-curie.212-227-153-4.plesk.page\/hr\/wp-json\/wp\/v2\/product\/3690832","targetHints":{"allow":["GET"]}}],"collection":[{"href":"https:\/\/stoic-curie.212-227-153-4.plesk.page\/hr\/wp-json\/wp\/v2\/product"}],"about":[{"href":"https:\/\/stoic-curie.212-227-153-4.plesk.page\/hr\/wp-json\/wp\/v2\/types\/product"}],"replies":[{"embeddable":true,"href":"https:\/\/stoic-curie.212-227-153-4.plesk.page\/hr\/wp-json\/wp\/v2\/comments?post=3690832"}],"version-history":[{"count":0,"href":"https:\/\/stoic-curie.212-227-153-4.plesk.page\/hr\/wp-json\/wp\/v2\/product\/3690832\/revisions"}],"wp:featuredmedia":[{"embeddable":true,"href":"https:\/\/stoic-curie.212-227-153-4.plesk.page\/hr\/wp-json\/wp\/v2\/media\/5944364"}],"wp:attachment":[{"href":"https:\/\/stoic-curie.212-227-153-4.plesk.page\/hr\/wp-json\/wp\/v2\/media?parent=3690832"}],"wp:term":[{"taxonomy":"product_brand","embeddable":true,"href":"https:\/\/stoic-curie.212-227-153-4.plesk.page\/hr\/wp-json\/wp\/v2\/product_brand?post=3690832"},{"taxonomy":"product_cat","embeddable":true,"href":"https:\/\/stoic-curie.212-227-153-4.plesk.page\/hr\/wp-json\/wp\/v2\/product_cat?post=3690832"},{"taxonomy":"product_tag","embeddable":true,"href":"https:\/\/stoic-curie.212-227-153-4.plesk.page\/hr\/wp-json\/wp\/v2\/product_tag?post=3690832"}],"curies":[{"name":"wp","href":"https:\/\/api.w.org\/{rel}","templated":true}]}}