{"id":3690834,"date":"2025-10-13T13:44:29","date_gmt":"2025-10-13T17:44:29","guid":{"rendered":"https:\/\/stoic-curie.212-227-153-4.plesk.page\/product\/fendress-navlaka-za-bokobran-f5-bez\/"},"modified":"2026-02-25T00:01:03","modified_gmt":"2026-02-25T00:01:03","slug":"fendress-navlaka-za-bokobran-f5-bez","status":"publish","type":"product","link":"https:\/\/stoic-curie.212-227-153-4.plesk.page\/hr\/product\/fendress-navlaka-za-bokobran-f5-bez\/","title":{"rendered":"Fendress navlaka za bokobran F5 Be\u017e"},"content":{"rendered":"<p>Fendress navlaka za bokobran F5 Be\u017e &#8211; <\/p>\n<p>Ru\u010dne ra\u0111ene pokriva\u010de od pli\u0161anog flisa Fendress. Premium za\u0161tita za va\u0161e fendere, uz eliminaciju \u0161kripanja i ogrebotina. Mekane i \u010dvrste, ove pokriva\u010de efikasno \u0161tite va\u0161u gel-coat boju i produ\u017euju vijek trajanja va\u0161ih fendera. <\/p>\n<p> \u2022 \u201cFendress Covers\u201d su 100% akrilni, ru\u010dno ra\u0111eni premium kvaliteta, otporni i neabrazivni. Mekani, pli\u0161ani flis pokriva\u010di nude ultimativnu za\u0161titu za va\u0161e gornje strane. <br \/> \u2022 \u201cFendress Covers\u201d su otporni na UV zrake i morsku vodu, efikasno \u0161tite va\u0161u gel-coat boju od ogrebotina i abrazija. \u010cvrsti flis tkanina sadr\u017ei najbolje karakteristike, uklju\u010duju\u0107i otpornost na suze i abraziju, brzo su\u0161enje i lako uklanjanje za \u010di\u0161\u0107enje. <br \/> \u2022 \u201cFendress Covers\u201d produ\u017euju vijek trajanja va\u0161ih fendera i elimini\u0161u iritiraju\u0107e \u0161kripanje. Boje otporne na UV zra\u010denje ne ostavljaju tragove na va\u0161im gornjim stranama. Perivi u ma\u0161ini. <br \/> \u2022 \u201cFendress Covers\u201d visoko otporna gornja i elasti\u010dni donji ovratnik omogu\u0107uju prilago\u0111eno pristajanje za sve vrste fendera. Pokriva\u010di su dostupni u 9 boja.<\/p>\n","protected":false},"excerpt":{"rendered":"<p>Fendress navlaka za bokobran F5 Be\u017e &#8211; Ru\u010dne ra\u0111ene pokriva\u010de od pli\u0161anog flisa Fendress. Premium za\u0161tita za va\u0161e fendere, uz<\/p>\n","protected":false},"featured_media":5944362,"comment_status":"closed","ping_status":"closed","template":"","meta":[],"product_brand":[2936],"product_cat":[1851],"product_tag":[],"class_list":{"0":"post-3690834","1":"product","2":"type-product","3":"status-publish","4":"has-post-thumbnail","6":"product_brand-fendress-hr","7":"product_cat-navlake-za-bokobrane","9":"first","10":"instock","11":"shipping-taxable","12":"purchasable","13":"product-type-simple"},"_links":{"self":[{"href":"https:\/\/stoic-curie.212-227-153-4.plesk.page\/hr\/wp-json\/wp\/v2\/product\/3690834","targetHints":{"allow":["GET"]}}],"collection":[{"href":"https:\/\/stoic-curie.212-227-153-4.plesk.page\/hr\/wp-json\/wp\/v2\/product"}],"about":[{"href":"https:\/\/stoic-curie.212-227-153-4.plesk.page\/hr\/wp-json\/wp\/v2\/types\/product"}],"replies":[{"embeddable":true,"href":"https:\/\/stoic-curie.212-227-153-4.plesk.page\/hr\/wp-json\/wp\/v2\/comments?post=3690834"}],"version-history":[{"count":0,"href":"https:\/\/stoic-curie.212-227-153-4.plesk.page\/hr\/wp-json\/wp\/v2\/product\/3690834\/revisions"}],"wp:featuredmedia":[{"embeddable":true,"href":"https:\/\/stoic-curie.212-227-153-4.plesk.page\/hr\/wp-json\/wp\/v2\/media\/5944362"}],"wp:attachment":[{"href":"https:\/\/stoic-curie.212-227-153-4.plesk.page\/hr\/wp-json\/wp\/v2\/media?parent=3690834"}],"wp:term":[{"taxonomy":"product_brand","embeddable":true,"href":"https:\/\/stoic-curie.212-227-153-4.plesk.page\/hr\/wp-json\/wp\/v2\/product_brand?post=3690834"},{"taxonomy":"product_cat","embeddable":true,"href":"https:\/\/stoic-curie.212-227-153-4.plesk.page\/hr\/wp-json\/wp\/v2\/product_cat?post=3690834"},{"taxonomy":"product_tag","embeddable":true,"href":"https:\/\/stoic-curie.212-227-153-4.plesk.page\/hr\/wp-json\/wp\/v2\/product_tag?post=3690834"}],"curies":[{"name":"wp","href":"https:\/\/api.w.org\/{rel}","templated":true}]}}