{"id":3690835,"date":"2025-10-13T13:44:29","date_gmt":"2025-10-13T17:44:29","guid":{"rendered":"https:\/\/stoic-curie.212-227-153-4.plesk.page\/product\/fendress-navlaka-za-bokobran-f5-soft-siva\/"},"modified":"2026-02-25T00:01:03","modified_gmt":"2026-02-25T00:01:03","slug":"fendress-navlaka-za-bokobran-f5-soft-siva","status":"publish","type":"product","link":"https:\/\/stoic-curie.212-227-153-4.plesk.page\/hr\/product\/fendress-navlaka-za-bokobran-f5-soft-siva\/","title":{"rendered":"Fendress navlaka za bokobran F5 soft siva"},"content":{"rendered":"<p>Fendress navlaka za bokobran F5 soft siva &#8211; <\/p>\n<p>Ru\u010dne ra\u0111ene Fendress fender navlake od pli\u0161anog flisa. Premium za\u0161tita za va\u0161e fendere, dok eliminira \u0161kripanje i tragove habanja. Meki i izdr\u017eljivi, ovi fenderi u\u010dinkovito \u0161tite va\u0161u gelcoat boju te produ\u017euju vijek trajanja va\u0161ih fendera.<\/p>\n<p>\u2022 \u201cFendress Covers\u201d su 100% akrilne, ru\u010dno ra\u0111ene, premium kvalitete, otporne i neabrazivne. Mekane, pli\u0161ane flisne navlake pru\u017eaju ultimativnu za\u0161titu za va\u0161e bo\u010dne strane. \u2022 \u201cFendress Covers\u201d su otporne na UV zrake i slanu vodu, u\u010dinkovito \u0161tite\u0107i va\u0161u gelcoat boju od tragova habanja i ogrebotina. \u010cvrsta flis tkanina sadr\u017ei sve najbolje karakteristike, uklju\u010duju\u0107i otpornost na kidanje i habanje, brzo su\u0161enje i lako uklanjanje za \u010di\u0161\u0107enje. \u2022 \u201cFendress Covers\u201d produ\u017euju vijek trajanja va\u0161ih fendera i uklanjaju iritantne \u0161kripanje fendera. Boje otporne na UV zrake ne ostavljaju tragove na va\u0161im bo\u010dnim stranama. Perive u perilici. \u2022 \u201cFendress Covers\u201d imaju visoko otporan gornji dio i elasti\u010dnu donju rub koja omogu\u0107uje prilago\u0111eno pristajanje za sve vrste fendera. Navlake su dostupne u 9 boja.<\/p>\n","protected":false},"excerpt":{"rendered":"<p>Fendress navlaka za bokobran F5 soft siva &#8211; Ru\u010dne ra\u0111ene Fendress fender navlake od pli\u0161anog flisa. Premium za\u0161tita za va\u0161e<\/p>\n","protected":false},"featured_media":5944363,"comment_status":"closed","ping_status":"closed","template":"","meta":[],"product_brand":[2936],"product_cat":[1851],"product_tag":[],"class_list":{"0":"post-3690835","1":"product","2":"type-product","3":"status-publish","4":"has-post-thumbnail","6":"product_brand-fendress-hr","7":"product_cat-navlake-za-bokobrane","9":"first","10":"instock","11":"shipping-taxable","12":"purchasable","13":"product-type-simple"},"_links":{"self":[{"href":"https:\/\/stoic-curie.212-227-153-4.plesk.page\/hr\/wp-json\/wp\/v2\/product\/3690835","targetHints":{"allow":["GET"]}}],"collection":[{"href":"https:\/\/stoic-curie.212-227-153-4.plesk.page\/hr\/wp-json\/wp\/v2\/product"}],"about":[{"href":"https:\/\/stoic-curie.212-227-153-4.plesk.page\/hr\/wp-json\/wp\/v2\/types\/product"}],"replies":[{"embeddable":true,"href":"https:\/\/stoic-curie.212-227-153-4.plesk.page\/hr\/wp-json\/wp\/v2\/comments?post=3690835"}],"version-history":[{"count":0,"href":"https:\/\/stoic-curie.212-227-153-4.plesk.page\/hr\/wp-json\/wp\/v2\/product\/3690835\/revisions"}],"wp:featuredmedia":[{"embeddable":true,"href":"https:\/\/stoic-curie.212-227-153-4.plesk.page\/hr\/wp-json\/wp\/v2\/media\/5944363"}],"wp:attachment":[{"href":"https:\/\/stoic-curie.212-227-153-4.plesk.page\/hr\/wp-json\/wp\/v2\/media?parent=3690835"}],"wp:term":[{"taxonomy":"product_brand","embeddable":true,"href":"https:\/\/stoic-curie.212-227-153-4.plesk.page\/hr\/wp-json\/wp\/v2\/product_brand?post=3690835"},{"taxonomy":"product_cat","embeddable":true,"href":"https:\/\/stoic-curie.212-227-153-4.plesk.page\/hr\/wp-json\/wp\/v2\/product_cat?post=3690835"},{"taxonomy":"product_tag","embeddable":true,"href":"https:\/\/stoic-curie.212-227-153-4.plesk.page\/hr\/wp-json\/wp\/v2\/product_tag?post=3690835"}],"curies":[{"name":"wp","href":"https:\/\/api.w.org\/{rel}","templated":true}]}}