{"id":3690836,"date":"2025-10-13T13:44:29","date_gmt":"2025-10-13T17:44:29","guid":{"rendered":"https:\/\/stoic-curie.212-227-153-4.plesk.page\/product\/fendress-navlaka-za-bokobran-f5-bordeaux\/"},"modified":"2026-02-25T00:01:03","modified_gmt":"2026-02-25T00:01:03","slug":"fendress-navlaka-za-bokobran-f5-bordeaux","status":"publish","type":"product","link":"https:\/\/stoic-curie.212-227-153-4.plesk.page\/hr\/product\/fendress-navlaka-za-bokobran-f5-bordeaux\/","title":{"rendered":"Fendress navlaka za bokobran F5 Bordeaux"},"content":{"rendered":"<p>Fendress navlaka za bokobran F5 Bordeaux &#8211; <\/p>\n<p>Mekani ru\u010dni Fendress pokriva\u010di za fendere od flisa. Premium za\u0161tita za va\u0161e fendere, dok eliminira \u0161kripanje i tragove tro\u0161enja. Mekani i izdr\u017eljivi, ovi pokriva\u010di efikasno \u0161tite va\u0161u gelcoat boju i produ\u017euju vijek trajanja va\u0161ih fendera.<\/p>\n<p>\u2022 \u201eFendress Covers\u201c su 100% akrilne, ru\u010dno izra\u0111ene, premium kvalitete, otporne, neabrazivne pletene u petlju. Mekani, pli\u0161asti flis pokriva\u010di za fendere nude maksimalnu za\u0161titu za va\u0161 gornji dio. \u2022 \u201eFendress Covers\u201c su otporni na UV zrake i slanu vodu, efikasno \u0161tite\u0107i va\u0161u gelcoat boju od tragova tro\u0161enja i ogrebotina. \u010cvrsta i izdr\u017eljiva flis tkanina posjeduje sve najbolje karakteristike, uklju\u010duju\u0107i otpornost na kidanje i abraziju, brzo su\u0161enje i lako uklanjanje za \u010di\u0161\u0107enje. \u2022 \u201eFendress Covers\u201c produ\u017eavaju vijek trajanja va\u0161ih fendera i uklanjaju iritiraju\u0107i zvuk \u0161kripanja. Boje otporne na UV zrake ne ostavljaju mrlje na va\u0161im gornjim dijelovima. Perivo u ma\u0161ini. \u2022 \u201eFendress Covers\u201c visoke otpornosti i elasti\u010dni donji rub omogu\u0107uju prilago\u0111eno prianjanje za sve vrste fendera. Pokriva\u010di su dostupni u 9 boja.<\/p>\n","protected":false},"excerpt":{"rendered":"<p>Fendress navlaka za bokobran F5 Bordeaux &#8211; Mekani ru\u010dni Fendress pokriva\u010di za fendere od flisa. Premium za\u0161tita za va\u0161e fendere,<\/p>\n","protected":false},"featured_media":5944364,"comment_status":"closed","ping_status":"closed","template":"","meta":[],"product_brand":[2936],"product_cat":[1851],"product_tag":[],"class_list":{"0":"post-3690836","1":"product","2":"type-product","3":"status-publish","4":"has-post-thumbnail","6":"product_brand-fendress-hr","7":"product_cat-navlake-za-bokobrane","9":"first","10":"instock","11":"shipping-taxable","12":"purchasable","13":"product-type-simple"},"_links":{"self":[{"href":"https:\/\/stoic-curie.212-227-153-4.plesk.page\/hr\/wp-json\/wp\/v2\/product\/3690836","targetHints":{"allow":["GET"]}}],"collection":[{"href":"https:\/\/stoic-curie.212-227-153-4.plesk.page\/hr\/wp-json\/wp\/v2\/product"}],"about":[{"href":"https:\/\/stoic-curie.212-227-153-4.plesk.page\/hr\/wp-json\/wp\/v2\/types\/product"}],"replies":[{"embeddable":true,"href":"https:\/\/stoic-curie.212-227-153-4.plesk.page\/hr\/wp-json\/wp\/v2\/comments?post=3690836"}],"version-history":[{"count":0,"href":"https:\/\/stoic-curie.212-227-153-4.plesk.page\/hr\/wp-json\/wp\/v2\/product\/3690836\/revisions"}],"wp:featuredmedia":[{"embeddable":true,"href":"https:\/\/stoic-curie.212-227-153-4.plesk.page\/hr\/wp-json\/wp\/v2\/media\/5944364"}],"wp:attachment":[{"href":"https:\/\/stoic-curie.212-227-153-4.plesk.page\/hr\/wp-json\/wp\/v2\/media?parent=3690836"}],"wp:term":[{"taxonomy":"product_brand","embeddable":true,"href":"https:\/\/stoic-curie.212-227-153-4.plesk.page\/hr\/wp-json\/wp\/v2\/product_brand?post=3690836"},{"taxonomy":"product_cat","embeddable":true,"href":"https:\/\/stoic-curie.212-227-153-4.plesk.page\/hr\/wp-json\/wp\/v2\/product_cat?post=3690836"},{"taxonomy":"product_tag","embeddable":true,"href":"https:\/\/stoic-curie.212-227-153-4.plesk.page\/hr\/wp-json\/wp\/v2\/product_tag?post=3690836"}],"curies":[{"name":"wp","href":"https:\/\/api.w.org\/{rel}","templated":true}]}}