{"id":3690841,"date":"2025-10-13T13:44:31","date_gmt":"2025-10-13T17:44:31","guid":{"rendered":"https:\/\/stoic-curie.212-227-153-4.plesk.page\/product\/fendress-navlaka-za-bokobran-f6-bordeaux\/"},"modified":"2026-02-25T00:01:03","modified_gmt":"2026-02-25T00:01:03","slug":"fendress-navlaka-za-bokobran-f6-bordeaux","status":"publish","type":"product","link":"https:\/\/stoic-curie.212-227-153-4.plesk.page\/hr\/product\/fendress-navlaka-za-bokobran-f6-bordeaux\/","title":{"rendered":"Fendress navlaka za bokobran F6 Bordeaux"},"content":{"rendered":"<p>Fendress navlaka za bokobran F6 Bordeaux &#8211; <\/p>\n<p>Mekana pli\u0161ana ru\u010dno izra\u0111ena Fendress pokriva\u010da za fendere. Premium za\u0161tita za va\u0161e fendre, dok elimini\u0161e \u0161kripanje i ogrebotine. Mekane i \u010dvrste, ove pokriva\u010de u\u010dinkovito \u0161tite va\u0161u gel-coat boju i produ\u017euju \u017eivotni vijek va\u0161ih fendera.<\/p>\n<p>\u2022 \u201eFendress Covers\u201c su 100% akrilne ru\u010dno ra\u0111ene premium kvalitete, otporne su i neabrazivne. Nje\u017ene, pli\u0161ane fender pokriva\u010de pru\u017eaju najbolju za\u0161titu za va\u0161e bo\u010dne strane.<br \/>\u2022 \u201eFendress Covers\u201c su otporne na UV zrake i morsku vodu, u\u010dinkovito \u0161tite\u0107i va\u0161u gel-coat boju od o\u0161te\u0107enja i abrazija. Izdr\u017eljiv pli\u0161ani materijal sadr\u017ei sve najbolje karakteristike, uklju\u010duju\u0107i otpornost na kidanje i abraziju, brzu su\u0161enje i lako uklanjanje za \u010di\u0161\u0107enje.<br \/>\u2022 \u201eFendress Covers\u201c produ\u017euju trajnost va\u0161ih fendera i eliminiraju iritiraju\u0107e \u0161kripanje. Boje otporne na UV ne ostavljaju tragove na va\u0161im bo\u010dnim stranama. Mogu se prati u ma\u0161ini.<br \/>\u2022 \u201eFendress Covers\u201c visoke otpornosti na vrhu i elasti\u010dne donje rubove omogu\u0107uju prilago\u0111eno uklapanje za sve vrste fendera. Pokriva\u010de su dostupne u 9 boja.<\/p>\n","protected":false},"excerpt":{"rendered":"<p>Fendress navlaka za bokobran F6 Bordeaux &#8211; Mekana pli\u0161ana ru\u010dno izra\u0111ena Fendress pokriva\u010da za fendere. Premium za\u0161tita za va\u0161e fendre,<\/p>\n","protected":false},"featured_media":5944364,"comment_status":"closed","ping_status":"closed","template":"","meta":[],"product_brand":[2936],"product_cat":[1851],"product_tag":[],"class_list":{"0":"post-3690841","1":"product","2":"type-product","3":"status-publish","4":"has-post-thumbnail","6":"product_brand-fendress-hr","7":"product_cat-navlake-za-bokobrane","9":"first","10":"instock","11":"shipping-taxable","12":"purchasable","13":"product-type-simple"},"_links":{"self":[{"href":"https:\/\/stoic-curie.212-227-153-4.plesk.page\/hr\/wp-json\/wp\/v2\/product\/3690841","targetHints":{"allow":["GET"]}}],"collection":[{"href":"https:\/\/stoic-curie.212-227-153-4.plesk.page\/hr\/wp-json\/wp\/v2\/product"}],"about":[{"href":"https:\/\/stoic-curie.212-227-153-4.plesk.page\/hr\/wp-json\/wp\/v2\/types\/product"}],"replies":[{"embeddable":true,"href":"https:\/\/stoic-curie.212-227-153-4.plesk.page\/hr\/wp-json\/wp\/v2\/comments?post=3690841"}],"version-history":[{"count":0,"href":"https:\/\/stoic-curie.212-227-153-4.plesk.page\/hr\/wp-json\/wp\/v2\/product\/3690841\/revisions"}],"wp:featuredmedia":[{"embeddable":true,"href":"https:\/\/stoic-curie.212-227-153-4.plesk.page\/hr\/wp-json\/wp\/v2\/media\/5944364"}],"wp:attachment":[{"href":"https:\/\/stoic-curie.212-227-153-4.plesk.page\/hr\/wp-json\/wp\/v2\/media?parent=3690841"}],"wp:term":[{"taxonomy":"product_brand","embeddable":true,"href":"https:\/\/stoic-curie.212-227-153-4.plesk.page\/hr\/wp-json\/wp\/v2\/product_brand?post=3690841"},{"taxonomy":"product_cat","embeddable":true,"href":"https:\/\/stoic-curie.212-227-153-4.plesk.page\/hr\/wp-json\/wp\/v2\/product_cat?post=3690841"},{"taxonomy":"product_tag","embeddable":true,"href":"https:\/\/stoic-curie.212-227-153-4.plesk.page\/hr\/wp-json\/wp\/v2\/product_tag?post=3690841"}],"curies":[{"name":"wp","href":"https:\/\/api.w.org\/{rel}","templated":true}]}}