{"id":3690842,"date":"2025-10-13T13:44:31","date_gmt":"2025-10-13T17:44:31","guid":{"rendered":"https:\/\/stoic-curie.212-227-153-4.plesk.page\/product\/fendress-navlaka-za-bokobran-f7-mornaricko-plava\/"},"modified":"2026-02-25T00:01:03","modified_gmt":"2026-02-25T00:01:03","slug":"fendress-navlaka-za-bokobran-f7-mornaricko-plava","status":"publish","type":"product","link":"https:\/\/stoic-curie.212-227-153-4.plesk.page\/hr\/product\/fendress-navlaka-za-bokobran-f7-mornaricko-plava\/","title":{"rendered":"Fendress navlaka za bokobran F7 mornari\u010dko plava"},"content":{"rendered":"<p>Fendress navlaka za bokobran F7 mornari\u010dko plava &#8211; <\/p>\n<p>Ru\u010dno ra\u0111eni Fendress fender pokriva\u010di od pli\u0161ane vune. Premium za\u0161tita za va\u0161e fendere, dok eliminira \u0161kripanje i ogrebotine. Mekani i razgranati, ovi pokriva\u010di u\u010dinkovito \u0161tite va\u0161u gel-coat boju i produ\u017euju vijek trajanja va\u0161ih fendera.<\/p>\n<p> \u2022 &#8220;Fendress Covers&#8221; su 100 % akrilni, ru\u010dno ra\u0111eni visoke kvalitete, otporni i neabrazivni. Mekani, pli\u0161ani fender pokriva\u010di nude maksimalnu za\u0161titu za va\u0161e gornje strane. \u2022 &#8220;Fendress Covers&#8221; su otporni na UV zrake i morsku vodu, u\u010dinkovito \u0161tite\u0107i va\u0161u gel-coat boju od ogrebotina i abrazija. \u010cvrsta i izdr\u017eljiva pli\u0161ana tkanina sadr\u017ei sve najbolje karakteristike, uklju\u010duju\u0107i otpornost na kidanje i abraziju, brzo su\u0161enje i lako uklanjanje za \u010di\u0161\u0107enje. \u2022 &#8220;Fendress Covers&#8221; produ\u017euju vijek trajanja va\u0161ih fendera i eliminiraju iritantno \u0161kripanje. Boje otporne na UV zrake ne ostavljaju mrlje na va\u0161im gornjim dijelovima. Perivo u perilici. \u2022 &#8220;Fendress Covers&#8221; visoke otpornosti i elasti\u010dnog donjeg ruba omogu\u0107uju prilago\u0111enu prilagodbu za sve vrste fendera. Pokriva\u010di su dostupni u 9 boja.<\/p>\n","protected":false},"excerpt":{"rendered":"<p>Fendress navlaka za bokobran F7 mornari\u010dko plava &#8211; Ru\u010dno ra\u0111eni Fendress fender pokriva\u010di od pli\u0161ane vune. Premium za\u0161tita za va\u0161e<\/p>\n","protected":false},"featured_media":5944351,"comment_status":"closed","ping_status":"closed","template":"","meta":[],"product_brand":[2936],"product_cat":[1851],"product_tag":[],"class_list":{"0":"post-3690842","1":"product","2":"type-product","3":"status-publish","4":"has-post-thumbnail","6":"product_brand-fendress-hr","7":"product_cat-navlake-za-bokobrane","9":"first","10":"instock","11":"shipping-taxable","12":"purchasable","13":"product-type-simple"},"_links":{"self":[{"href":"https:\/\/stoic-curie.212-227-153-4.plesk.page\/hr\/wp-json\/wp\/v2\/product\/3690842","targetHints":{"allow":["GET"]}}],"collection":[{"href":"https:\/\/stoic-curie.212-227-153-4.plesk.page\/hr\/wp-json\/wp\/v2\/product"}],"about":[{"href":"https:\/\/stoic-curie.212-227-153-4.plesk.page\/hr\/wp-json\/wp\/v2\/types\/product"}],"replies":[{"embeddable":true,"href":"https:\/\/stoic-curie.212-227-153-4.plesk.page\/hr\/wp-json\/wp\/v2\/comments?post=3690842"}],"version-history":[{"count":0,"href":"https:\/\/stoic-curie.212-227-153-4.plesk.page\/hr\/wp-json\/wp\/v2\/product\/3690842\/revisions"}],"wp:featuredmedia":[{"embeddable":true,"href":"https:\/\/stoic-curie.212-227-153-4.plesk.page\/hr\/wp-json\/wp\/v2\/media\/5944351"}],"wp:attachment":[{"href":"https:\/\/stoic-curie.212-227-153-4.plesk.page\/hr\/wp-json\/wp\/v2\/media?parent=3690842"}],"wp:term":[{"taxonomy":"product_brand","embeddable":true,"href":"https:\/\/stoic-curie.212-227-153-4.plesk.page\/hr\/wp-json\/wp\/v2\/product_brand?post=3690842"},{"taxonomy":"product_cat","embeddable":true,"href":"https:\/\/stoic-curie.212-227-153-4.plesk.page\/hr\/wp-json\/wp\/v2\/product_cat?post=3690842"},{"taxonomy":"product_tag","embeddable":true,"href":"https:\/\/stoic-curie.212-227-153-4.plesk.page\/hr\/wp-json\/wp\/v2\/product_tag?post=3690842"}],"curies":[{"name":"wp","href":"https:\/\/api.w.org\/{rel}","templated":true}]}}