{"id":3690848,"date":"2025-10-13T13:44:32","date_gmt":"2025-10-13T17:44:32","guid":{"rendered":"https:\/\/stoic-curie.212-227-153-4.plesk.page\/product\/fendress-navlaka-za-bokobran-f02-crna\/"},"modified":"2026-02-25T00:01:03","modified_gmt":"2026-02-25T00:01:03","slug":"fendress-navlaka-za-bokobran-f02-crna","status":"publish","type":"product","link":"https:\/\/stoic-curie.212-227-153-4.plesk.page\/hr\/product\/fendress-navlaka-za-bokobran-f02-crna\/","title":{"rendered":"Fendress navlaka za bokobran F02 crna"},"content":{"rendered":"<p>Fendress navlaka za bokobran F02 crna &#8211; <\/p>\n<p>Ru\u010dno ra\u0111ene Fendress navlake za fendere od pli\u0161ane tkanine. Premium za\u0161tita za va\u0161e fendere, dok eliminira \u0161kripanje i ogrebotine. Mekane i izdr\u017eljive, ove navlake u\u010dinkovito \u0161tite va\u0161u gelcoat boju i produ\u017euju vijek trajanja va\u0161ih fendara. <br \/> \u2022 &#8220;Fendress Covers&#8221; su 100 % akrilne, ru\u010dno ra\u0111ene, premium kvalitete, otporne i neabrazivne. Mele, pli\u0161ane navlake za fendere nude najbolju za\u0161titu za va\u0161e bo\u010dne strane. <br \/> \u2022 &#8220;Fendress Covers&#8221; su otporne na UV zrake i morsku vodu, u\u010dinkovito \u0161tite\u0107i va\u0161u gelcoat boju od ogrebotina i o\u0161te\u0107enja. Izdr\u017eljiva i jaka tkanina od pli\u0161a sadr\u017ei sve najbolje karakteristike, uklju\u010duju\u0107i otpornost na kidanje i abraziju, brzo su\u0161enje i lako skidanje za \u010di\u0161\u0107enje. <br \/> \u2022 &#8220;Fendress Covers&#8221; produ\u017euju vijek trajanja va\u0161ih fendara i eliminiraju iritantno \u0161kripanje. Boje otporne na UV zrake ne ostavljaju tragove na va\u0161im bo\u010dnim stranama. Mogu se prati u perilici. <br \/> \u2022 &#8220;Fendress Covers&#8221; visoke otpornosti i elasti\u010dni donji rub omogu\u0107uju prilago\u0111eno prianjanje za sve vrste fendara. Navlake su dostupne u 9 boja.<\/p>\n","protected":false},"excerpt":{"rendered":"<p>Fendress navlaka za bokobran F02 crna &#8211; Ru\u010dno ra\u0111ene Fendress navlake za fendere od pli\u0161ane tkanine. Premium za\u0161tita za va\u0161e<\/p>\n","protected":false},"featured_media":5944361,"comment_status":"closed","ping_status":"closed","template":"","meta":[],"product_brand":[2936],"product_cat":[1851],"product_tag":[],"class_list":{"0":"post-3690848","1":"product","2":"type-product","3":"status-publish","4":"has-post-thumbnail","6":"product_brand-fendress-hr","7":"product_cat-navlake-za-bokobrane","9":"first","10":"instock","11":"shipping-taxable","12":"purchasable","13":"product-type-simple"},"_links":{"self":[{"href":"https:\/\/stoic-curie.212-227-153-4.plesk.page\/hr\/wp-json\/wp\/v2\/product\/3690848","targetHints":{"allow":["GET"]}}],"collection":[{"href":"https:\/\/stoic-curie.212-227-153-4.plesk.page\/hr\/wp-json\/wp\/v2\/product"}],"about":[{"href":"https:\/\/stoic-curie.212-227-153-4.plesk.page\/hr\/wp-json\/wp\/v2\/types\/product"}],"replies":[{"embeddable":true,"href":"https:\/\/stoic-curie.212-227-153-4.plesk.page\/hr\/wp-json\/wp\/v2\/comments?post=3690848"}],"version-history":[{"count":0,"href":"https:\/\/stoic-curie.212-227-153-4.plesk.page\/hr\/wp-json\/wp\/v2\/product\/3690848\/revisions"}],"wp:featuredmedia":[{"embeddable":true,"href":"https:\/\/stoic-curie.212-227-153-4.plesk.page\/hr\/wp-json\/wp\/v2\/media\/5944361"}],"wp:attachment":[{"href":"https:\/\/stoic-curie.212-227-153-4.plesk.page\/hr\/wp-json\/wp\/v2\/media?parent=3690848"}],"wp:term":[{"taxonomy":"product_brand","embeddable":true,"href":"https:\/\/stoic-curie.212-227-153-4.plesk.page\/hr\/wp-json\/wp\/v2\/product_brand?post=3690848"},{"taxonomy":"product_cat","embeddable":true,"href":"https:\/\/stoic-curie.212-227-153-4.plesk.page\/hr\/wp-json\/wp\/v2\/product_cat?post=3690848"},{"taxonomy":"product_tag","embeddable":true,"href":"https:\/\/stoic-curie.212-227-153-4.plesk.page\/hr\/wp-json\/wp\/v2\/product_tag?post=3690848"}],"curies":[{"name":"wp","href":"https:\/\/api.w.org\/{rel}","templated":true}]}}