{"id":3690849,"date":"2025-10-13T13:44:33","date_gmt":"2025-10-13T17:44:33","guid":{"rendered":"https:\/\/stoic-curie.212-227-153-4.plesk.page\/product\/navlake-za-bokobrane-fendress-boja-pijeska-19-x-64-cm-polyform-f02\/"},"modified":"2026-02-25T00:01:03","modified_gmt":"2026-02-25T00:01:03","slug":"navlake-za-bokobrane-fendress-boja-pijeska-19-x-64-cm-polyform-f02","status":"publish","type":"product","link":"https:\/\/stoic-curie.212-227-153-4.plesk.page\/hr\/product\/navlake-za-bokobrane-fendress-boja-pijeska-19-x-64-cm-polyform-f02\/","title":{"rendered":"Navlake za bokobrane Fendress boja pijeska 19 x 64 cm ( Polyform F02)"},"content":{"rendered":"<p>Navlake za bokobrane Fendress boja pijeska 19 x 64 cm ( Polyform F02) &#8211; <\/p>\n<p>Ru\u010dno ra\u0111ene Fendress navlake za fendere od pli\u0161anog flisa. Premium za\u0161tita za va\u0161e fendere, dok eliminiraju \u0161kripu i ogrebotine. Mekane i izdr\u017eljive, ove navlake u\u010dinkovito \u0161tite va\u0161u gelcoat boju i produ\u017euju vijek trajanja va\u0161ih fendera.<\/p>\n<p>\u2022 &#8220;Fendress Covers&#8221; su 100% akrilne, ru\u010dno ra\u0111ene, premium kvalitete, otporne i nisu abrazivne. Mekane, pli\u0161ane flis navlake pru\u017eaju najbolju za\u0161titu va\u0161oj gornjoj strani plovila.<\/p>\n<p>\u2022 &#8220;Fendress Covers&#8221; su otporne na UV zrake i morsku vodu, u\u010dinkovito \u0161tite\u0107i va\u0161u gelcoat boju od ogrebotina i abrazije. Izdr\u017eljivo i \u010dvrsto flis tkanje sadr\u017ei sve najbolje karakteristike, uklju\u010duju\u0107i otpornost na kidanje i abraziju, brzo su\u0161enje i lako uklanjanje za \u010di\u0161\u0107enje.<\/p>\n<p>\u2022 &#8220;Fendress Covers&#8221; produ\u017euju vijek trajanja va\u0161ih fendera i eliminiraju iritantno \u0161kripanje. Boje otporne na UV ne ostavljaju tragove na va\u0161oj gornjoj strani. Mogu se prati u perilici.<\/p>\n<p>\u2022 &#8220;Fendress Covers&#8221; visokootporni gornji dio i elasti\u010dna donja obruba omogu\u0107uju prilago\u0111eno pristajanje na sve vrste fendera. Navlake su dostupne u 9 boja.<\/p>\n","protected":false},"excerpt":{"rendered":"<p>Navlake za bokobrane Fendress boja pijeska 19 x 64 cm ( Polyform F02) &#8211; Ru\u010dno ra\u0111ene Fendress navlake za fendere<\/p>\n","protected":false},"featured_media":5944367,"comment_status":"closed","ping_status":"closed","template":"","meta":[],"product_brand":[2936],"product_cat":[1851],"product_tag":[],"class_list":{"0":"post-3690849","1":"product","2":"type-product","3":"status-publish","4":"has-post-thumbnail","6":"product_brand-fendress-hr","7":"product_cat-navlake-za-bokobrane","9":"first","10":"instock","11":"shipping-taxable","12":"purchasable","13":"product-type-simple"},"_links":{"self":[{"href":"https:\/\/stoic-curie.212-227-153-4.plesk.page\/hr\/wp-json\/wp\/v2\/product\/3690849","targetHints":{"allow":["GET"]}}],"collection":[{"href":"https:\/\/stoic-curie.212-227-153-4.plesk.page\/hr\/wp-json\/wp\/v2\/product"}],"about":[{"href":"https:\/\/stoic-curie.212-227-153-4.plesk.page\/hr\/wp-json\/wp\/v2\/types\/product"}],"replies":[{"embeddable":true,"href":"https:\/\/stoic-curie.212-227-153-4.plesk.page\/hr\/wp-json\/wp\/v2\/comments?post=3690849"}],"version-history":[{"count":0,"href":"https:\/\/stoic-curie.212-227-153-4.plesk.page\/hr\/wp-json\/wp\/v2\/product\/3690849\/revisions"}],"wp:featuredmedia":[{"embeddable":true,"href":"https:\/\/stoic-curie.212-227-153-4.plesk.page\/hr\/wp-json\/wp\/v2\/media\/5944367"}],"wp:attachment":[{"href":"https:\/\/stoic-curie.212-227-153-4.plesk.page\/hr\/wp-json\/wp\/v2\/media?parent=3690849"}],"wp:term":[{"taxonomy":"product_brand","embeddable":true,"href":"https:\/\/stoic-curie.212-227-153-4.plesk.page\/hr\/wp-json\/wp\/v2\/product_brand?post=3690849"},{"taxonomy":"product_cat","embeddable":true,"href":"https:\/\/stoic-curie.212-227-153-4.plesk.page\/hr\/wp-json\/wp\/v2\/product_cat?post=3690849"},{"taxonomy":"product_tag","embeddable":true,"href":"https:\/\/stoic-curie.212-227-153-4.plesk.page\/hr\/wp-json\/wp\/v2\/product_tag?post=3690849"}],"curies":[{"name":"wp","href":"https:\/\/api.w.org\/{rel}","templated":true}]}}