{"id":3690850,"date":"2025-10-13T13:44:33","date_gmt":"2025-10-13T17:44:33","guid":{"rendered":"https:\/\/stoic-curie.212-227-153-4.plesk.page\/product\/fendress-navlaka-za-bokobran-f02-soft-siva\/"},"modified":"2026-02-25T00:01:03","modified_gmt":"2026-02-25T00:01:03","slug":"fendress-navlaka-za-bokobran-f02-soft-siva","status":"publish","type":"product","link":"https:\/\/stoic-curie.212-227-153-4.plesk.page\/hr\/product\/fendress-navlaka-za-bokobran-f02-soft-siva\/","title":{"rendered":"Fendress navlaka za bokobran F02 soft siva"},"content":{"rendered":"<p>Fendress navlaka za bokobran F02 soft siva &#8211; <\/p>\n<p>Ru\u010dno ra\u0111ene Fendress pokriva\u010de od pli\u0161a. Premium za\u0161tita za va\u0161e fendere, dok eliminira \u0161kripe i tragove tro\u0161enja. Mekane i \u010dvrste, ove navlake za fendere u\u010dinkovito \u0161tite va\u0161u gel-coat boju i produ\u017euju \u017eivotni vijek va\u0161ih fendera. <\/p>\n<p> \u2022 &#8220;Fendress Covers&#8221; su 100% akrilne, ru\u010dno ra\u0111ene visokokvalitetne, otporne i neabrazivne pletene. Mekani, pli\u0161avi pokriva\u010di za fendere nude vrhunsku za\u0161titu za va\u0161e bo\u010dne strane. \u2022 &#8220;Fendress Covers&#8221; su otporni na UV zrake i slanu vodu, u\u010dinkovito \u0161tite\u0107i va\u0161u gel-coat boju od tragova tro\u0161enja i abrazije. \u010cvrsta i robusna pli\u0161 boja sadr\u017ei sve najbolje karakteristike, uklju\u010duju\u0107i otpornost na kidanje i abraziju, brzo su\u0161enje i lako uklanjanje za pranje. \u2022 &#8220;Fendress Covers&#8221; produ\u017euju vijek va\u0161ih fendera i eliminiraju iritantno \u0161kripe. UV-otpornim bojama ne ostavljaju tragove na va\u0161im povr\u0161inama. Mogu se prati u perilici. \u2022 &#8220;Fendress Covers&#8221; s gornjim dijelom visoke otpornosti i elasti\u010dnom donjom rubom omogu\u0107uju prilago\u0111eno odstupanje za sve vrste fendera. Pokriva\u010di su dostupni u 9 boja.<\/p>\n","protected":false},"excerpt":{"rendered":"<p>Fendress navlaka za bokobran F02 soft siva &#8211; Ru\u010dno ra\u0111ene Fendress pokriva\u010de od pli\u0161a. Premium za\u0161tita za va\u0161e fendere, dok<\/p>\n","protected":false},"featured_media":5944363,"comment_status":"closed","ping_status":"closed","template":"","meta":[],"product_brand":[2936],"product_cat":[1851],"product_tag":[],"class_list":{"0":"post-3690850","1":"product","2":"type-product","3":"status-publish","4":"has-post-thumbnail","6":"product_brand-fendress-hr","7":"product_cat-navlake-za-bokobrane","9":"first","10":"instock","11":"shipping-taxable","12":"purchasable","13":"product-type-simple"},"_links":{"self":[{"href":"https:\/\/stoic-curie.212-227-153-4.plesk.page\/hr\/wp-json\/wp\/v2\/product\/3690850","targetHints":{"allow":["GET"]}}],"collection":[{"href":"https:\/\/stoic-curie.212-227-153-4.plesk.page\/hr\/wp-json\/wp\/v2\/product"}],"about":[{"href":"https:\/\/stoic-curie.212-227-153-4.plesk.page\/hr\/wp-json\/wp\/v2\/types\/product"}],"replies":[{"embeddable":true,"href":"https:\/\/stoic-curie.212-227-153-4.plesk.page\/hr\/wp-json\/wp\/v2\/comments?post=3690850"}],"version-history":[{"count":0,"href":"https:\/\/stoic-curie.212-227-153-4.plesk.page\/hr\/wp-json\/wp\/v2\/product\/3690850\/revisions"}],"wp:featuredmedia":[{"embeddable":true,"href":"https:\/\/stoic-curie.212-227-153-4.plesk.page\/hr\/wp-json\/wp\/v2\/media\/5944363"}],"wp:attachment":[{"href":"https:\/\/stoic-curie.212-227-153-4.plesk.page\/hr\/wp-json\/wp\/v2\/media?parent=3690850"}],"wp:term":[{"taxonomy":"product_brand","embeddable":true,"href":"https:\/\/stoic-curie.212-227-153-4.plesk.page\/hr\/wp-json\/wp\/v2\/product_brand?post=3690850"},{"taxonomy":"product_cat","embeddable":true,"href":"https:\/\/stoic-curie.212-227-153-4.plesk.page\/hr\/wp-json\/wp\/v2\/product_cat?post=3690850"},{"taxonomy":"product_tag","embeddable":true,"href":"https:\/\/stoic-curie.212-227-153-4.plesk.page\/hr\/wp-json\/wp\/v2\/product_tag?post=3690850"}],"curies":[{"name":"wp","href":"https:\/\/api.w.org\/{rel}","templated":true}]}}