{"id":3690851,"date":"2025-10-13T13:44:33","date_gmt":"2025-10-13T17:44:33","guid":{"rendered":"https:\/\/stoic-curie.212-227-153-4.plesk.page\/product\/fendress-navlaka-za-bokobran-f02-bordeaux\/"},"modified":"2026-02-25T00:01:03","modified_gmt":"2026-02-25T00:01:03","slug":"fendress-navlaka-za-bokobran-f02-bordeaux","status":"publish","type":"product","link":"https:\/\/stoic-curie.212-227-153-4.plesk.page\/hr\/product\/fendress-navlaka-za-bokobran-f02-bordeaux\/","title":{"rendered":"Fendress navlaka za bokobran F02 Bordeaux"},"content":{"rendered":"<p>Fendress navlaka za bokobran F02 Bordeaux &#8211; <\/p>\n<p>Ru\u010dno ra\u0111ene Fendress pokriva\u010de od pli\u0161anog flisa. Premium za\u0161tita za va\u0161e fendere, dok eliminira \u0161kripanje i mrlje. Mekani i izdr\u017eljivi, ovi pokriva\u010di u\u010dinkovito \u0161tite va\u0161u gelcoat boju i produ\u017euju vijek trajanja va\u0161ih fendera. <\/p>\n<p> \u2022 &#8220;Fendress Covers&#8221; su 100% akrilni, ru\u010dno izra\u0111eni proizvodi visoke kvalitete, otporni i neabrazivni. Mekani pokriva\u010di od pli\u0161anog flisa nude vrhunsku za\u0161titu za va\u0161e gornje strane. <br \/> \u2022 &#8220;Fendress Covers&#8221; su otporni na UV zrake i slanu vodu, u\u010dinkovito \u0161tite\u0107i va\u0161u gelcoat boju od mrlja i ogrebotina. Iznimno \u010dvrsta i robusna flis tkanina sadr\u017ei sve najbolje karakteristike, uklju\u010duju\u0107i otpornost na kidanje i abraziju, brzinu su\u0161enja i lako uklanjanje za \u010di\u0161\u0107enje. <br \/> \u2022 &#8220;Fendress Covers&#8221; produ\u017euju vijek trajanja va\u0161ih fendera i eliminiraju iritiraju\u0107e \u0161kripanje. Boje otporne na UV zrake ne ostavljaju tragove na va\u0161im gornjim stranama. Periva u perilici. <br \/> \u2022 &#8220;Fendress Covers&#8221; visoka otpornost na gornjoj strani i elasti\u010dni donji rub omogu\u0107uju prilago\u0111eno pristajanje za sve vrste fendera. Pokriva\u010di su dostupni u 9 boja.<\/p>\n","protected":false},"excerpt":{"rendered":"<p>Fendress navlaka za bokobran F02 Bordeaux &#8211; Ru\u010dno ra\u0111ene Fendress pokriva\u010de od pli\u0161anog flisa. Premium za\u0161tita za va\u0161e fendere, dok<\/p>\n","protected":false},"featured_media":5944364,"comment_status":"closed","ping_status":"closed","template":"","meta":[],"product_brand":[2936],"product_cat":[1851],"product_tag":[],"class_list":{"0":"post-3690851","1":"product","2":"type-product","3":"status-publish","4":"has-post-thumbnail","6":"product_brand-fendress-hr","7":"product_cat-navlake-za-bokobrane","9":"first","10":"instock","11":"shipping-taxable","12":"purchasable","13":"product-type-simple"},"_links":{"self":[{"href":"https:\/\/stoic-curie.212-227-153-4.plesk.page\/hr\/wp-json\/wp\/v2\/product\/3690851","targetHints":{"allow":["GET"]}}],"collection":[{"href":"https:\/\/stoic-curie.212-227-153-4.plesk.page\/hr\/wp-json\/wp\/v2\/product"}],"about":[{"href":"https:\/\/stoic-curie.212-227-153-4.plesk.page\/hr\/wp-json\/wp\/v2\/types\/product"}],"replies":[{"embeddable":true,"href":"https:\/\/stoic-curie.212-227-153-4.plesk.page\/hr\/wp-json\/wp\/v2\/comments?post=3690851"}],"version-history":[{"count":0,"href":"https:\/\/stoic-curie.212-227-153-4.plesk.page\/hr\/wp-json\/wp\/v2\/product\/3690851\/revisions"}],"wp:featuredmedia":[{"embeddable":true,"href":"https:\/\/stoic-curie.212-227-153-4.plesk.page\/hr\/wp-json\/wp\/v2\/media\/5944364"}],"wp:attachment":[{"href":"https:\/\/stoic-curie.212-227-153-4.plesk.page\/hr\/wp-json\/wp\/v2\/media?parent=3690851"}],"wp:term":[{"taxonomy":"product_brand","embeddable":true,"href":"https:\/\/stoic-curie.212-227-153-4.plesk.page\/hr\/wp-json\/wp\/v2\/product_brand?post=3690851"},{"taxonomy":"product_cat","embeddable":true,"href":"https:\/\/stoic-curie.212-227-153-4.plesk.page\/hr\/wp-json\/wp\/v2\/product_cat?post=3690851"},{"taxonomy":"product_tag","embeddable":true,"href":"https:\/\/stoic-curie.212-227-153-4.plesk.page\/hr\/wp-json\/wp\/v2\/product_tag?post=3690851"}],"curies":[{"name":"wp","href":"https:\/\/api.w.org\/{rel}","templated":true}]}}