{"id":3690853,"date":"2025-10-13T13:44:34","date_gmt":"2025-10-13T17:44:34","guid":{"rendered":"https:\/\/stoic-curie.212-227-153-4.plesk.page\/product\/zavrsna-kapa-za-bokostitnicu-t2-h45-crna\/"},"modified":"2026-02-25T00:01:05","modified_gmt":"2026-02-25T00:01:05","slug":"zavrsna-kapa-za-bokostitnicu-t2-h45-crna","status":"publish","type":"product","link":"https:\/\/stoic-curie.212-227-153-4.plesk.page\/hr\/product\/zavrsna-kapa-za-bokostitnicu-t2-h45-crna\/","title":{"rendered":"Zavr\u0161na kapa za boko\u0161titnicu T2 H45 crna"},"content":{"rendered":"<p>Zavr\u0161na kapa za boko\u0161titnicu T2 H45 crna &#8211; <\/p>\n<p>T-oblikovni PVC fender profil. Potreban je T1 ili T2 trakasti nosa\u010d za monta\u017eu. Profil se prodaje u pakiranjima od 12, 16 i 24 metra. Zavr\u0161na kapica, zavr\u0161ni spoj i trakasti nosa\u010d dostupni su ovisno o visini profila i boji.<\/p>\n","protected":false},"excerpt":{"rendered":"<p>Zavr\u0161na kapa za boko\u0161titnicu T2 H45 crna &#8211; T-oblikovni PVC fender profil. Potreban je T1 ili T2 trakasti nosa\u010d za<\/p>\n","protected":false},"featured_media":5944401,"comment_status":"closed","ping_status":"closed","template":"","meta":[],"product_brand":[3481],"product_cat":[1852],"product_tag":[],"class_list":{"0":"post-3690853","1":"product","2":"type-product","3":"status-publish","4":"has-post-thumbnail","6":"product_brand-tessilmare-hr","7":"product_cat-profili-za-bokobrane","9":"first","10":"instock","11":"shipping-taxable","12":"purchasable","13":"product-type-simple"},"_links":{"self":[{"href":"https:\/\/stoic-curie.212-227-153-4.plesk.page\/hr\/wp-json\/wp\/v2\/product\/3690853","targetHints":{"allow":["GET"]}}],"collection":[{"href":"https:\/\/stoic-curie.212-227-153-4.plesk.page\/hr\/wp-json\/wp\/v2\/product"}],"about":[{"href":"https:\/\/stoic-curie.212-227-153-4.plesk.page\/hr\/wp-json\/wp\/v2\/types\/product"}],"replies":[{"embeddable":true,"href":"https:\/\/stoic-curie.212-227-153-4.plesk.page\/hr\/wp-json\/wp\/v2\/comments?post=3690853"}],"version-history":[{"count":0,"href":"https:\/\/stoic-curie.212-227-153-4.plesk.page\/hr\/wp-json\/wp\/v2\/product\/3690853\/revisions"}],"wp:featuredmedia":[{"embeddable":true,"href":"https:\/\/stoic-curie.212-227-153-4.plesk.page\/hr\/wp-json\/wp\/v2\/media\/5944401"}],"wp:attachment":[{"href":"https:\/\/stoic-curie.212-227-153-4.plesk.page\/hr\/wp-json\/wp\/v2\/media?parent=3690853"}],"wp:term":[{"taxonomy":"product_brand","embeddable":true,"href":"https:\/\/stoic-curie.212-227-153-4.plesk.page\/hr\/wp-json\/wp\/v2\/product_brand?post=3690853"},{"taxonomy":"product_cat","embeddable":true,"href":"https:\/\/stoic-curie.212-227-153-4.plesk.page\/hr\/wp-json\/wp\/v2\/product_cat?post=3690853"},{"taxonomy":"product_tag","embeddable":true,"href":"https:\/\/stoic-curie.212-227-153-4.plesk.page\/hr\/wp-json\/wp\/v2\/product_tag?post=3690853"}],"curies":[{"name":"wp","href":"https:\/\/api.w.org\/{rel}","templated":true}]}}