{"id":3690873,"date":"2025-10-13T13:44:41","date_gmt":"2025-10-13T17:44:41","guid":{"rendered":"https:\/\/stoic-curie.212-227-153-4.plesk.page\/product\/lezajevi-vratila-od-smole-40-x-55-x-160-mm\/"},"modified":"2026-02-25T00:01:05","modified_gmt":"2026-02-25T00:01:05","slug":"lezajevi-vratila-od-smole-40-x-55-x-160-mm","status":"publish","type":"product","link":"https:\/\/stoic-curie.212-227-153-4.plesk.page\/hr\/product\/lezajevi-vratila-od-smole-40-x-55-x-160-mm\/","title":{"rendered":"Le\u017eajevi vratila od smole 40 x 55 x 160 mm"},"content":{"rendered":"<p>Le\u017eajevi vratila od smole 40 x 55 x 160 mm &#8211; <\/p>\n<p>Podmazana vodom le\u017eajeva osovina s metri\u010dkim unutarnjim i vanjskim promjerima. Smola ku\u0107i\u0161te, unutarnji dio od gume s aksijalnim kanalima.<\/p>\n","protected":false},"excerpt":{"rendered":"<p>Le\u017eajevi vratila od smole 40 x 55 x 160 mm &#8211; Podmazana vodom le\u017eajeva osovina s metri\u010dkim unutarnjim i vanjskim<\/p>\n","protected":false},"featured_media":5936301,"comment_status":"closed","ping_status":"closed","template":"","meta":[],"product_brand":[2931],"product_cat":[1812],"product_tag":[],"class_list":{"0":"post-3690873","1":"product","2":"type-product","3":"status-publish","4":"has-post-thumbnail","6":"product_brand-exalto-marine-hr","7":"product_cat-lezajevi-osovine-propelera","9":"first","10":"instock","11":"shipping-taxable","12":"purchasable","13":"product-type-simple"},"_links":{"self":[{"href":"https:\/\/stoic-curie.212-227-153-4.plesk.page\/hr\/wp-json\/wp\/v2\/product\/3690873","targetHints":{"allow":["GET"]}}],"collection":[{"href":"https:\/\/stoic-curie.212-227-153-4.plesk.page\/hr\/wp-json\/wp\/v2\/product"}],"about":[{"href":"https:\/\/stoic-curie.212-227-153-4.plesk.page\/hr\/wp-json\/wp\/v2\/types\/product"}],"replies":[{"embeddable":true,"href":"https:\/\/stoic-curie.212-227-153-4.plesk.page\/hr\/wp-json\/wp\/v2\/comments?post=3690873"}],"version-history":[{"count":0,"href":"https:\/\/stoic-curie.212-227-153-4.plesk.page\/hr\/wp-json\/wp\/v2\/product\/3690873\/revisions"}],"wp:featuredmedia":[{"embeddable":true,"href":"https:\/\/stoic-curie.212-227-153-4.plesk.page\/hr\/wp-json\/wp\/v2\/media\/5936301"}],"wp:attachment":[{"href":"https:\/\/stoic-curie.212-227-153-4.plesk.page\/hr\/wp-json\/wp\/v2\/media?parent=3690873"}],"wp:term":[{"taxonomy":"product_brand","embeddable":true,"href":"https:\/\/stoic-curie.212-227-153-4.plesk.page\/hr\/wp-json\/wp\/v2\/product_brand?post=3690873"},{"taxonomy":"product_cat","embeddable":true,"href":"https:\/\/stoic-curie.212-227-153-4.plesk.page\/hr\/wp-json\/wp\/v2\/product_cat?post=3690873"},{"taxonomy":"product_tag","embeddable":true,"href":"https:\/\/stoic-curie.212-227-153-4.plesk.page\/hr\/wp-json\/wp\/v2\/product_tag?post=3690873"}],"curies":[{"name":"wp","href":"https:\/\/api.w.org\/{rel}","templated":true}]}}