{"id":3690878,"date":"2025-10-13T13:44:42","date_gmt":"2025-10-13T17:44:42","guid":{"rendered":"https:\/\/stoic-curie.212-227-153-4.plesk.page\/product\/sesterokutne-zrtvene-anode-za-osovinu-od-35-mm\/"},"modified":"2026-02-25T00:01:05","modified_gmt":"2026-02-25T00:01:05","slug":"sesterokutne-zrtvene-anode-za-osovinu-od-35-mm","status":"publish","type":"product","link":"https:\/\/stoic-curie.212-227-153-4.plesk.page\/hr\/product\/sesterokutne-zrtvene-anode-za-osovinu-od-35-mm\/","title":{"rendered":"\u0160esterokutne \u017ertvene anode za osovinu od 35 mm"},"content":{"rendered":"<p>\u0160esterokutne \u017ertvene anode za osovinu od 35 mm &#8211; <\/p>\n<p>Ogive anoda s konusnim heksagonalnim umetcima za osovinu propelera.<\/p>\n","protected":false},"excerpt":{"rendered":"<p>\u0160esterokutne \u017ertvene anode za osovinu od 35 mm &#8211; Ogive anoda s konusnim heksagonalnim umetcima za osovinu propelera.<\/p>\n","protected":false},"featured_media":5935614,"comment_status":"closed","ping_status":"closed","template":"","meta":[],"product_brand":[3476],"product_cat":[1636],"product_tag":[],"class_list":{"0":"post-3690878","1":"product","2":"type-product","3":"status-publish","4":"has-post-thumbnail","6":"product_brand-tecnoseal-hr","7":"product_cat-anode-za-propelere","9":"first","10":"instock","11":"shipping-taxable","12":"purchasable","13":"product-type-simple"},"_links":{"self":[{"href":"https:\/\/stoic-curie.212-227-153-4.plesk.page\/hr\/wp-json\/wp\/v2\/product\/3690878","targetHints":{"allow":["GET"]}}],"collection":[{"href":"https:\/\/stoic-curie.212-227-153-4.plesk.page\/hr\/wp-json\/wp\/v2\/product"}],"about":[{"href":"https:\/\/stoic-curie.212-227-153-4.plesk.page\/hr\/wp-json\/wp\/v2\/types\/product"}],"replies":[{"embeddable":true,"href":"https:\/\/stoic-curie.212-227-153-4.plesk.page\/hr\/wp-json\/wp\/v2\/comments?post=3690878"}],"version-history":[{"count":0,"href":"https:\/\/stoic-curie.212-227-153-4.plesk.page\/hr\/wp-json\/wp\/v2\/product\/3690878\/revisions"}],"wp:featuredmedia":[{"embeddable":true,"href":"https:\/\/stoic-curie.212-227-153-4.plesk.page\/hr\/wp-json\/wp\/v2\/media\/5935614"}],"wp:attachment":[{"href":"https:\/\/stoic-curie.212-227-153-4.plesk.page\/hr\/wp-json\/wp\/v2\/media?parent=3690878"}],"wp:term":[{"taxonomy":"product_brand","embeddable":true,"href":"https:\/\/stoic-curie.212-227-153-4.plesk.page\/hr\/wp-json\/wp\/v2\/product_brand?post=3690878"},{"taxonomy":"product_cat","embeddable":true,"href":"https:\/\/stoic-curie.212-227-153-4.plesk.page\/hr\/wp-json\/wp\/v2\/product_cat?post=3690878"},{"taxonomy":"product_tag","embeddable":true,"href":"https:\/\/stoic-curie.212-227-153-4.plesk.page\/hr\/wp-json\/wp\/v2\/product_tag?post=3690878"}],"curies":[{"name":"wp","href":"https:\/\/api.w.org\/{rel}","templated":true}]}}