{"id":3690880,"date":"2025-10-13T13:44:43","date_gmt":"2025-10-13T17:44:43","guid":{"rendered":"https:\/\/stoic-curie.212-227-153-4.plesk.page\/product\/aluminijski-produzetak-za-glomex-ra129-15-cm\/"},"modified":"2026-02-25T00:01:05","modified_gmt":"2026-02-25T00:01:05","slug":"aluminijski-produzetak-za-glomex-ra129-15-cm","status":"publish","type":"product","link":"https:\/\/stoic-curie.212-227-153-4.plesk.page\/hr\/product\/aluminijski-produzetak-za-glomex-ra129-15-cm\/","title":{"rendered":"Aluminijski produ\u017eetak za Glomex Ra129, 15 cm"},"content":{"rendered":"<p>Aluminijski produ\u017eetak za Glomex Ra129, 15 cm &#8211; <\/p>\n<p>Glomex RA129 bijeli lakirani aluminijski produ\u017eeci za GPS antene. Omogu\u0107uje sredi\u0161nje i bo\u010dno prolazak GPS kabela. Standardna nit 1&#8243; x 14 na oba kraja.<\/p>\n","protected":false},"excerpt":{"rendered":"<p>Aluminijski produ\u017eetak za Glomex Ra129, 15 cm &#8211; Glomex RA129 bijeli lakirani aluminijski produ\u017eeci za GPS antene. Omogu\u0107uje sredi\u0161nje i<\/p>\n","protected":false},"featured_media":5944445,"comment_status":"closed","ping_status":"closed","template":"","meta":[],"product_brand":[2981],"product_cat":[1744],"product_tag":[],"class_list":{"0":"post-3690880","1":"product","2":"type-product","3":"status-publish","4":"has-post-thumbnail","6":"product_brand-glomex-hr","7":"product_cat-brodska-elektronika","9":"first","10":"instock","11":"shipping-taxable","12":"purchasable","13":"product-type-simple"},"_links":{"self":[{"href":"https:\/\/stoic-curie.212-227-153-4.plesk.page\/hr\/wp-json\/wp\/v2\/product\/3690880","targetHints":{"allow":["GET"]}}],"collection":[{"href":"https:\/\/stoic-curie.212-227-153-4.plesk.page\/hr\/wp-json\/wp\/v2\/product"}],"about":[{"href":"https:\/\/stoic-curie.212-227-153-4.plesk.page\/hr\/wp-json\/wp\/v2\/types\/product"}],"replies":[{"embeddable":true,"href":"https:\/\/stoic-curie.212-227-153-4.plesk.page\/hr\/wp-json\/wp\/v2\/comments?post=3690880"}],"version-history":[{"count":0,"href":"https:\/\/stoic-curie.212-227-153-4.plesk.page\/hr\/wp-json\/wp\/v2\/product\/3690880\/revisions"}],"wp:featuredmedia":[{"embeddable":true,"href":"https:\/\/stoic-curie.212-227-153-4.plesk.page\/hr\/wp-json\/wp\/v2\/media\/5944445"}],"wp:attachment":[{"href":"https:\/\/stoic-curie.212-227-153-4.plesk.page\/hr\/wp-json\/wp\/v2\/media?parent=3690880"}],"wp:term":[{"taxonomy":"product_brand","embeddable":true,"href":"https:\/\/stoic-curie.212-227-153-4.plesk.page\/hr\/wp-json\/wp\/v2\/product_brand?post=3690880"},{"taxonomy":"product_cat","embeddable":true,"href":"https:\/\/stoic-curie.212-227-153-4.plesk.page\/hr\/wp-json\/wp\/v2\/product_cat?post=3690880"},{"taxonomy":"product_tag","embeddable":true,"href":"https:\/\/stoic-curie.212-227-153-4.plesk.page\/hr\/wp-json\/wp\/v2\/product_tag?post=3690880"}],"curies":[{"name":"wp","href":"https:\/\/api.w.org\/{rel}","templated":true}]}}