{"id":3690882,"date":"2025-10-13T13:44:43","date_gmt":"2025-10-13T17:44:43","guid":{"rendered":"https:\/\/stoic-curie.212-227-153-4.plesk.page\/product\/ekstenzija-od-nehrdajuceg-celika-h150-za-nehrdajucu-podlogu-za-antene\/"},"modified":"2026-02-25T00:01:05","modified_gmt":"2026-02-25T00:01:05","slug":"ekstenzija-od-nehrdajuceg-celika-h150-za-nehrdajucu-podlogu-za-antene","status":"publish","type":"product","link":"https:\/\/stoic-curie.212-227-153-4.plesk.page\/hr\/product\/ekstenzija-od-nehrdajuceg-celika-h150-za-nehrdajucu-podlogu-za-antene\/","title":{"rendered":"Ekstenzija od nehr\u0111aju\u0107eg \u010delika H150 za nehr\u0111aju\u0107u podlogu za antene"},"content":{"rendered":"<p>Ekstenzija od nehr\u0111aju\u0107eg \u010delika H150 za nehr\u0111aju\u0107u podlogu za antene &#8211; <\/p>\n<p>Produ\u017eni kablovi od nehr\u0111aju\u0107eg \u010delika za metalne GPS baze.<\/p>\n","protected":false},"excerpt":{"rendered":"<p>Ekstenzija od nehr\u0111aju\u0107eg \u010delika H150 za nehr\u0111aju\u0107u podlogu za antene &#8211; Produ\u017eni kablovi od nehr\u0111aju\u0107eg \u010delika za metalne GPS baze.<\/p>\n","protected":false},"featured_media":5944450,"comment_status":"closed","ping_status":"closed","template":"","meta":[],"product_brand":[2981],"product_cat":[1753],"product_tag":[],"class_list":{"0":"post-3690882","1":"product","2":"type-product","3":"status-publish","4":"has-post-thumbnail","6":"product_brand-glomex-hr","7":"product_cat-vhf-antene","9":"first","10":"outofstock","11":"shipping-taxable","12":"purchasable","13":"product-type-simple"},"_links":{"self":[{"href":"https:\/\/stoic-curie.212-227-153-4.plesk.page\/hr\/wp-json\/wp\/v2\/product\/3690882","targetHints":{"allow":["GET"]}}],"collection":[{"href":"https:\/\/stoic-curie.212-227-153-4.plesk.page\/hr\/wp-json\/wp\/v2\/product"}],"about":[{"href":"https:\/\/stoic-curie.212-227-153-4.plesk.page\/hr\/wp-json\/wp\/v2\/types\/product"}],"replies":[{"embeddable":true,"href":"https:\/\/stoic-curie.212-227-153-4.plesk.page\/hr\/wp-json\/wp\/v2\/comments?post=3690882"}],"version-history":[{"count":0,"href":"https:\/\/stoic-curie.212-227-153-4.plesk.page\/hr\/wp-json\/wp\/v2\/product\/3690882\/revisions"}],"wp:featuredmedia":[{"embeddable":true,"href":"https:\/\/stoic-curie.212-227-153-4.plesk.page\/hr\/wp-json\/wp\/v2\/media\/5944450"}],"wp:attachment":[{"href":"https:\/\/stoic-curie.212-227-153-4.plesk.page\/hr\/wp-json\/wp\/v2\/media?parent=3690882"}],"wp:term":[{"taxonomy":"product_brand","embeddable":true,"href":"https:\/\/stoic-curie.212-227-153-4.plesk.page\/hr\/wp-json\/wp\/v2\/product_brand?post=3690882"},{"taxonomy":"product_cat","embeddable":true,"href":"https:\/\/stoic-curie.212-227-153-4.plesk.page\/hr\/wp-json\/wp\/v2\/product_cat?post=3690882"},{"taxonomy":"product_tag","embeddable":true,"href":"https:\/\/stoic-curie.212-227-153-4.plesk.page\/hr\/wp-json\/wp\/v2\/product_tag?post=3690882"}],"curies":[{"name":"wp","href":"https:\/\/api.w.org\/{rel}","templated":true}]}}