{"id":3690884,"date":"2025-10-13T13:44:44","date_gmt":"2025-10-13T17:44:44","guid":{"rendered":"https:\/\/stoic-curie.212-227-153-4.plesk.page\/product\/glomex-v9123-nosac-od-nehrdajuceg-celika-za-avior-talitha-tv-antene\/"},"modified":"2026-02-25T00:01:05","modified_gmt":"2026-02-25T00:01:05","slug":"glomex-v9123-nosac-od-nehrdajuceg-celika-za-avior-talitha-tv-antene","status":"publish","type":"product","link":"https:\/\/stoic-curie.212-227-153-4.plesk.page\/hr\/product\/glomex-v9123-nosac-od-nehrdajuceg-celika-za-avior-talitha-tv-antene\/","title":{"rendered":"Glomex V9123 nosa\u010d od nehr\u0111aju\u0107eg \u010delika za Avior \/ Talitha TV antene"},"content":{"rendered":"<p>Glomex V9123 nosa\u010d od nehr\u0111aju\u0107eg \u010delika za Avior \/ Talitha TV antene &#8211; <\/p>\n<p>Omnidirekcijska Glomex V9125AGCU\/DAB20 Talitha antena za analognu\/digitalnu TV. Zahvaljuju\u0107i visini od 31 mm i obliku peraje ajkule, koja omogu\u0107ava prijem vertikalnih signala, ova antena mo\u017ee primati analogne ili digitalne TV signale polarizirane horizontalno i vertikalno, \u010dime je idealno rje\u0161enje za svaku vrstu broda, jedrilicu ili motorni brod. Opremljena je stilusom za prijem DAB signala i automatskim poja\u010dalom kontrole poja\u010danja (AGC), koje osigurava savr\u0161en signal i na moru i u luci. U kombinaciji s V9147 razdjelnikom (2-putni, opcionalno), instaliranim izme\u0111u antene i poja\u010dala, tako\u0111er mo\u017ee primati AM-FM radio frekvencije. Frekvencija 87,5\/774 MHz, 174\/240 MHz DA &#8211; Impedancija 75 Ohm &#8211; Univerzalno napajanje 12\/24V.<\/p>\n","protected":false},"excerpt":{"rendered":"<p>Glomex V9123 nosa\u010d od nehr\u0111aju\u0107eg \u010delika za Avior \/ Talitha TV antene &#8211; Omnidirekcijska Glomex V9125AGCU\/DAB20 Talitha antena za analognu\/digitalnu<\/p>\n","protected":false},"featured_media":5944453,"comment_status":"closed","ping_status":"closed","template":"","meta":[],"product_brand":[2981],"product_cat":[1754],"product_tag":[],"class_list":{"0":"post-3690884","1":"product","2":"type-product","3":"status-publish","4":"has-post-thumbnail","6":"product_brand-glomex-hr","7":"product_cat-tv-antene","9":"first","10":"instock","11":"shipping-taxable","12":"purchasable","13":"product-type-simple"},"_links":{"self":[{"href":"https:\/\/stoic-curie.212-227-153-4.plesk.page\/hr\/wp-json\/wp\/v2\/product\/3690884","targetHints":{"allow":["GET"]}}],"collection":[{"href":"https:\/\/stoic-curie.212-227-153-4.plesk.page\/hr\/wp-json\/wp\/v2\/product"}],"about":[{"href":"https:\/\/stoic-curie.212-227-153-4.plesk.page\/hr\/wp-json\/wp\/v2\/types\/product"}],"replies":[{"embeddable":true,"href":"https:\/\/stoic-curie.212-227-153-4.plesk.page\/hr\/wp-json\/wp\/v2\/comments?post=3690884"}],"version-history":[{"count":0,"href":"https:\/\/stoic-curie.212-227-153-4.plesk.page\/hr\/wp-json\/wp\/v2\/product\/3690884\/revisions"}],"wp:featuredmedia":[{"embeddable":true,"href":"https:\/\/stoic-curie.212-227-153-4.plesk.page\/hr\/wp-json\/wp\/v2\/media\/5944453"}],"wp:attachment":[{"href":"https:\/\/stoic-curie.212-227-153-4.plesk.page\/hr\/wp-json\/wp\/v2\/media?parent=3690884"}],"wp:term":[{"taxonomy":"product_brand","embeddable":true,"href":"https:\/\/stoic-curie.212-227-153-4.plesk.page\/hr\/wp-json\/wp\/v2\/product_brand?post=3690884"},{"taxonomy":"product_cat","embeddable":true,"href":"https:\/\/stoic-curie.212-227-153-4.plesk.page\/hr\/wp-json\/wp\/v2\/product_cat?post=3690884"},{"taxonomy":"product_tag","embeddable":true,"href":"https:\/\/stoic-curie.212-227-153-4.plesk.page\/hr\/wp-json\/wp\/v2\/product_tag?post=3690884"}],"curies":[{"name":"wp","href":"https:\/\/api.w.org\/{rel}","templated":true}]}}