{"id":3690888,"date":"2025-10-13T13:44:45","date_gmt":"2025-10-13T17:44:45","guid":{"rendered":"https:\/\/stoic-curie.212-227-153-4.plesk.page\/product\/fendress-navlaka-za-bokobran-f2-blue-royal\/"},"modified":"2026-02-25T00:01:05","modified_gmt":"2026-02-25T00:01:05","slug":"fendress-navlaka-za-bokobran-f2-blue-royal","status":"publish","type":"product","link":"https:\/\/stoic-curie.212-227-153-4.plesk.page\/hr\/product\/fendress-navlaka-za-bokobran-f2-blue-royal\/","title":{"rendered":"Fendress navlaka za bokobran F2 Blue Royal"},"content":{"rendered":"<p>Fendress navlaka za bokobran F2 Blue Royal &#8211; <\/p>\n<p>Mehke Fendress pokriva\u010de napravljene od pli\u0161a. Premium za\u0161tita za va\u0161e fendere, dok eliminira neugodne zvukove i ogrebotine. Mekani i jaki, ovi pokriva\u010di u\u010dinkovito \u0161tite va\u0161u gelcoat boju i produ\u017euju \u017eivotnost va\u0161ih fendera.<\/p>\n<p>\u2022 &#8220;Fendress Covers&#8221; su 100% akrilne ru\u010dno izra\u0111ene premium kvalitete, otporne i ne-abrazivne petlje. Mekani, pli\u0161ani fender pokriva\u010di nude najbolju za\u0161titu za va\u0161a gornja dijela.<\/p>\n<p>\u2022 &#8220;Fendress Covers&#8221; su otporne na UV zra\u010denje i morsku vodu, u\u010dinkovito \u0161tite\u0107i va\u0161 gelcoat od ogrebotina. \u010cvrsta i izdr\u017eljiva tkanina od flisa sadr\u017ei sve najbolje karakteristike, uklju\u010duju\u0107i otpornost na kidanje i abraziju, brzo su\u0161enje i lagano uklanjanje za \u010di\u0161\u0107enje.<\/p>\n<p>\u2022 &#8220;Fendress Covers&#8221; produ\u017euju vijek trajanja va\u0161ih fendera i eliminiraju dosadne zvukove. Boje otporne na UV zrake ne ostavljaju tragove na va\u0161im dijelovima. Mogu se prati u perilici rublja.<\/p>\n<p>\u2022 &#8220;Fendress Covers&#8221; visoke otpornosti i elasti\u010dna donja obruba omogu\u0107uju prilago\u0111eno pristajanje za sve vrste fendera. Pokriva\u010di su dostupni u 9 boja.<\/p>\n","protected":false},"excerpt":{"rendered":"<p>Fendress navlaka za bokobran F2 Blue Royal &#8211; Mehke Fendress pokriva\u010de napravljene od pli\u0161a. Premium za\u0161tita za va\u0161e fendere, dok<\/p>\n","protected":false},"featured_media":5944460,"comment_status":"closed","ping_status":"closed","template":"","meta":[],"product_brand":[2936],"product_cat":[1851],"product_tag":[],"class_list":{"0":"post-3690888","1":"product","2":"type-product","3":"status-publish","4":"has-post-thumbnail","6":"product_brand-fendress-hr","7":"product_cat-navlake-za-bokobrane","9":"first","10":"instock","11":"shipping-taxable","12":"purchasable","13":"product-type-simple"},"_links":{"self":[{"href":"https:\/\/stoic-curie.212-227-153-4.plesk.page\/hr\/wp-json\/wp\/v2\/product\/3690888","targetHints":{"allow":["GET"]}}],"collection":[{"href":"https:\/\/stoic-curie.212-227-153-4.plesk.page\/hr\/wp-json\/wp\/v2\/product"}],"about":[{"href":"https:\/\/stoic-curie.212-227-153-4.plesk.page\/hr\/wp-json\/wp\/v2\/types\/product"}],"replies":[{"embeddable":true,"href":"https:\/\/stoic-curie.212-227-153-4.plesk.page\/hr\/wp-json\/wp\/v2\/comments?post=3690888"}],"version-history":[{"count":0,"href":"https:\/\/stoic-curie.212-227-153-4.plesk.page\/hr\/wp-json\/wp\/v2\/product\/3690888\/revisions"}],"wp:featuredmedia":[{"embeddable":true,"href":"https:\/\/stoic-curie.212-227-153-4.plesk.page\/hr\/wp-json\/wp\/v2\/media\/5944460"}],"wp:attachment":[{"href":"https:\/\/stoic-curie.212-227-153-4.plesk.page\/hr\/wp-json\/wp\/v2\/media?parent=3690888"}],"wp:term":[{"taxonomy":"product_brand","embeddable":true,"href":"https:\/\/stoic-curie.212-227-153-4.plesk.page\/hr\/wp-json\/wp\/v2\/product_brand?post=3690888"},{"taxonomy":"product_cat","embeddable":true,"href":"https:\/\/stoic-curie.212-227-153-4.plesk.page\/hr\/wp-json\/wp\/v2\/product_cat?post=3690888"},{"taxonomy":"product_tag","embeddable":true,"href":"https:\/\/stoic-curie.212-227-153-4.plesk.page\/hr\/wp-json\/wp\/v2\/product_tag?post=3690888"}],"curies":[{"name":"wp","href":"https:\/\/api.w.org\/{rel}","templated":true}]}}