{"id":3690891,"date":"2025-10-13T13:44:46","date_gmt":"2025-10-13T17:44:46","guid":{"rendered":"https:\/\/stoic-curie.212-227-153-4.plesk.page\/product\/fendress-navlaka-za-bokobran-f5-blue-royal\/"},"modified":"2026-02-25T00:01:05","modified_gmt":"2026-02-25T00:01:05","slug":"fendress-navlaka-za-bokobran-f5-blue-royal","status":"publish","type":"product","link":"https:\/\/stoic-curie.212-227-153-4.plesk.page\/hr\/product\/fendress-navlaka-za-bokobran-f5-blue-royal\/","title":{"rendered":"Fendress navlaka za bokobran F5 Blue Royal"},"content":{"rendered":"<p>Fendress navlaka za bokobran F5 Blue Royal &#8211; <\/p>\n<p>Ru\u010dno izra\u0111ene Fendress pokriva\u010de za fendere od pli\u0161ane vune. Premium za\u0161tita za va\u0161e fendere, dok eliminiraju squeak zvukove i oznake ogrebanosti. Mekani i izdr\u017eljivi, ovi pokriva\u010di fendera u\u010dinkovito \u0161tite va\u0161u gel-coat boju i produ\u017euju trajnost va\u0161ih fendera.<\/p>\n<p>\u2022 &#8220;Fendress Covers&#8221; su 100 % akrilni, ru\u010dno ra\u0111eni vrhunski kvalitet, otporni i neabrazivni pleteni. Mekani, pli\u0161ani fleece pokriva\u010di fendera nude vrhunsku za\u0161titu za va\u0161e gornje strane.<br \/>\u2022 &#8220;Fendress Covers&#8221; su otporni na UV zrake i slanu vodu, u\u010dinkovito \u0161tite\u0107i va\u0161u gel-coat boju od ogrebanih oznaka i abrazija. Izdr\u017eljiva i robusna fleece tkanina sadr\u017ei sve najbolje karakteristike, uklju\u010duju\u0107i otpornost na kidanje i abraziju, br\u017ee su\u0161enje i lako uklanjanje za \u010di\u0161\u0107enje.<br \/>\u2022 &#8220;Fendress Covers&#8221; produ\u017eavaju trajnost va\u0161ih fendera i eliminiraju iritantne squeak zvukove. Boje otporne na UV zrake ne ostavljaju mrlje na va\u0161im gornjim dijelovima. Mogu se prati u perilici.<br \/>\u2022 &#8220;Fendress Covers&#8221; visoke otpornosti na gornjem dijelu i elasti\u010dnog donjeg ruba omogu\u0107uju prilago\u0111eno pristajanje za sve vrste fendera. Pokriva\u010di su dostupni u 9 boja.<\/p>\n","protected":false},"excerpt":{"rendered":"<p>Fendress navlaka za bokobran F5 Blue Royal &#8211; Ru\u010dno izra\u0111ene Fendress pokriva\u010de za fendere od pli\u0161ane vune. Premium za\u0161tita za<\/p>\n","protected":false},"featured_media":5944460,"comment_status":"closed","ping_status":"closed","template":"","meta":[],"product_brand":[2936],"product_cat":[1851],"product_tag":[],"class_list":{"0":"post-3690891","1":"product","2":"type-product","3":"status-publish","4":"has-post-thumbnail","6":"product_brand-fendress-hr","7":"product_cat-navlake-za-bokobrane","9":"first","10":"instock","11":"shipping-taxable","12":"purchasable","13":"product-type-simple"},"_links":{"self":[{"href":"https:\/\/stoic-curie.212-227-153-4.plesk.page\/hr\/wp-json\/wp\/v2\/product\/3690891","targetHints":{"allow":["GET"]}}],"collection":[{"href":"https:\/\/stoic-curie.212-227-153-4.plesk.page\/hr\/wp-json\/wp\/v2\/product"}],"about":[{"href":"https:\/\/stoic-curie.212-227-153-4.plesk.page\/hr\/wp-json\/wp\/v2\/types\/product"}],"replies":[{"embeddable":true,"href":"https:\/\/stoic-curie.212-227-153-4.plesk.page\/hr\/wp-json\/wp\/v2\/comments?post=3690891"}],"version-history":[{"count":0,"href":"https:\/\/stoic-curie.212-227-153-4.plesk.page\/hr\/wp-json\/wp\/v2\/product\/3690891\/revisions"}],"wp:featuredmedia":[{"embeddable":true,"href":"https:\/\/stoic-curie.212-227-153-4.plesk.page\/hr\/wp-json\/wp\/v2\/media\/5944460"}],"wp:attachment":[{"href":"https:\/\/stoic-curie.212-227-153-4.plesk.page\/hr\/wp-json\/wp\/v2\/media?parent=3690891"}],"wp:term":[{"taxonomy":"product_brand","embeddable":true,"href":"https:\/\/stoic-curie.212-227-153-4.plesk.page\/hr\/wp-json\/wp\/v2\/product_brand?post=3690891"},{"taxonomy":"product_cat","embeddable":true,"href":"https:\/\/stoic-curie.212-227-153-4.plesk.page\/hr\/wp-json\/wp\/v2\/product_cat?post=3690891"},{"taxonomy":"product_tag","embeddable":true,"href":"https:\/\/stoic-curie.212-227-153-4.plesk.page\/hr\/wp-json\/wp\/v2\/product_tag?post=3690891"}],"curies":[{"name":"wp","href":"https:\/\/api.w.org\/{rel}","templated":true}]}}