{"id":3690893,"date":"2025-10-13T13:44:47","date_gmt":"2025-10-13T17:44:47","guid":{"rendered":"https:\/\/stoic-curie.212-227-153-4.plesk.page\/product\/fendress-navlaka-za-bokobran-f7-blue-royal\/"},"modified":"2026-02-25T00:01:05","modified_gmt":"2026-02-25T00:01:05","slug":"fendress-navlaka-za-bokobran-f7-blue-royal","status":"publish","type":"product","link":"https:\/\/stoic-curie.212-227-153-4.plesk.page\/hr\/product\/fendress-navlaka-za-bokobran-f7-blue-royal\/","title":{"rendered":"Fendress navlaka za bokobran F7 Blue Royal"},"content":{"rendered":"<p>Fendress navlaka za bokobran F7 Blue Royal &#8211; <\/p>\n<p>Ru\u010dno ra\u0111eni pokriva\u010di za fendere Fendress od pli\u0161ane polarne tkanine. Premium za\u0161tita za va\u0161e fendere, dok uklanja \u0161kripanje fendera i ogrebotine. Mekani i izdr\u017eljivi, ovi pokriva\u010di za fendere u\u010dinkovito \u0161tite va\u0161u gelcoat boju i produ\u017euju trajnost va\u0161ih fendera.<\/p>\n<p>\u2022 &#8220;Fendress Covers&#8221; su 100% akrilni, ru\u010dno ra\u0111eni od premium kvalitete, otporni i neabrazivni. Mekani, pli\u0161ani pokriva\u010di za fendere pru\u017eaju ultimativnu za\u0161titu za va\u0161e gornje dijelove. \u2022 &#8220;Fendress Covers&#8221; su otporni na UV zrake i morsku vodu, u\u010dinkovito \u0161tite\u0107i va\u0161u gelcoat boju od ogrebotina i abrazija. \u010cvrsta polarna tkanina sadr\u017ei sve najbolje karakteristike, uklju\u010duju\u0107i otpornost na kidanje i abraziju, brzo su\u0161enje i lako uklanjanje za \u010di\u0161\u0107enje. \u2022 &#8220;Fendress Covers&#8221; produ\u017euju trajnost va\u0161ih fendera i eliminiraju iritantno \u0161kripanje fendera. Boje otporne na UV zra\u010denje ne ostavljaju tragove na va\u0161im gornjim dijelovima. Perive u perilici. \u2022 &#8220;Fendress Covers&#8221; visoke otpornosti i elasti\u010dna donja obruba omogu\u0107uju prilago\u0111eno pristajanje za sve vrste fendera. Pokriva\u010di su dostupni u 9 boja.<\/p>\n","protected":false},"excerpt":{"rendered":"<p>Fendress navlaka za bokobran F7 Blue Royal &#8211; Ru\u010dno ra\u0111eni pokriva\u010di za fendere Fendress od pli\u0161ane polarne tkanine. Premium za\u0161tita<\/p>\n","protected":false},"featured_media":5944460,"comment_status":"closed","ping_status":"closed","template":"","meta":[],"product_brand":[2936],"product_cat":[1851],"product_tag":[],"class_list":{"0":"post-3690893","1":"product","2":"type-product","3":"status-publish","4":"has-post-thumbnail","6":"product_brand-fendress-hr","7":"product_cat-navlake-za-bokobrane","9":"first","10":"instock","11":"shipping-taxable","12":"purchasable","13":"product-type-simple"},"_links":{"self":[{"href":"https:\/\/stoic-curie.212-227-153-4.plesk.page\/hr\/wp-json\/wp\/v2\/product\/3690893","targetHints":{"allow":["GET"]}}],"collection":[{"href":"https:\/\/stoic-curie.212-227-153-4.plesk.page\/hr\/wp-json\/wp\/v2\/product"}],"about":[{"href":"https:\/\/stoic-curie.212-227-153-4.plesk.page\/hr\/wp-json\/wp\/v2\/types\/product"}],"replies":[{"embeddable":true,"href":"https:\/\/stoic-curie.212-227-153-4.plesk.page\/hr\/wp-json\/wp\/v2\/comments?post=3690893"}],"version-history":[{"count":0,"href":"https:\/\/stoic-curie.212-227-153-4.plesk.page\/hr\/wp-json\/wp\/v2\/product\/3690893\/revisions"}],"wp:featuredmedia":[{"embeddable":true,"href":"https:\/\/stoic-curie.212-227-153-4.plesk.page\/hr\/wp-json\/wp\/v2\/media\/5944460"}],"wp:attachment":[{"href":"https:\/\/stoic-curie.212-227-153-4.plesk.page\/hr\/wp-json\/wp\/v2\/media?parent=3690893"}],"wp:term":[{"taxonomy":"product_brand","embeddable":true,"href":"https:\/\/stoic-curie.212-227-153-4.plesk.page\/hr\/wp-json\/wp\/v2\/product_brand?post=3690893"},{"taxonomy":"product_cat","embeddable":true,"href":"https:\/\/stoic-curie.212-227-153-4.plesk.page\/hr\/wp-json\/wp\/v2\/product_cat?post=3690893"},{"taxonomy":"product_tag","embeddable":true,"href":"https:\/\/stoic-curie.212-227-153-4.plesk.page\/hr\/wp-json\/wp\/v2\/product_tag?post=3690893"}],"curies":[{"name":"wp","href":"https:\/\/api.w.org\/{rel}","templated":true}]}}