{"id":3690901,"date":"2025-10-13T13:44:49","date_gmt":"2025-10-13T17:44:49","guid":{"rendered":"https:\/\/stoic-curie.212-227-153-4.plesk.page\/product\/sportski-prsluk-za-spasavanje-40n-25-40-kg\/"},"modified":"2026-02-25T00:01:05","modified_gmt":"2026-02-25T00:01:05","slug":"sportski-prsluk-za-spasavanje-40n-25-40-kg","status":"publish","type":"product","link":"https:\/\/stoic-curie.212-227-153-4.plesk.page\/hr\/product\/sportski-prsluk-za-spasavanje-40n-25-40-kg\/","title":{"rendered":"Sportski prsluk za spa\u0161avanje 40n 25-40 kg"},"content":{"rendered":"<p>Sportski prsluk za spa\u0161avanje 40n 25-40 kg &#8211; <\/p>\n<p>Jakna za pomo\u0107 u plovidbi od 50N odobrena prema ISO EN12402-5 za male jedrilice i kanue. Savr\u0161ena za \u0161kole jedrenja. Iznimno otporna na habanje. Sustav pode\u0161avanja sastavljen od brza otpu\u0161tanja kop\u010di i remena. 50N &#8211; pomo\u0107 u plivanju i izdr\u017eljivosti. Ovo nije prsluk za spa\u0161avanje. Za redovite pliva\u010de. Koristiti samo blizu obale.<\/p>\n","protected":false},"excerpt":{"rendered":"<p>Sportski prsluk za spa\u0161avanje 40n 25-40 kg &#8211; Jakna za pomo\u0107 u plovidbi od 50N odobrena prema ISO EN12402-5 za<\/p>\n","protected":false},"featured_media":5944471,"comment_status":"closed","ping_status":"closed","template":"","meta":[],"product_brand":[3516],"product_cat":[1842,1603],"product_tag":[],"class_list":{"0":"post-3690901","1":"product","2":"type-product","3":"status-publish","4":"has-post-thumbnail","6":"product_brand-veleria-san-giorgio-hr","7":"product_cat-prsluci-za-spasavanje-za-sportove-na-vodi","8":"product_cat-uzgonska-pomagala","10":"first","11":"instock","12":"shipping-taxable","13":"purchasable","14":"product-type-simple"},"_links":{"self":[{"href":"https:\/\/stoic-curie.212-227-153-4.plesk.page\/hr\/wp-json\/wp\/v2\/product\/3690901","targetHints":{"allow":["GET"]}}],"collection":[{"href":"https:\/\/stoic-curie.212-227-153-4.plesk.page\/hr\/wp-json\/wp\/v2\/product"}],"about":[{"href":"https:\/\/stoic-curie.212-227-153-4.plesk.page\/hr\/wp-json\/wp\/v2\/types\/product"}],"replies":[{"embeddable":true,"href":"https:\/\/stoic-curie.212-227-153-4.plesk.page\/hr\/wp-json\/wp\/v2\/comments?post=3690901"}],"version-history":[{"count":0,"href":"https:\/\/stoic-curie.212-227-153-4.plesk.page\/hr\/wp-json\/wp\/v2\/product\/3690901\/revisions"}],"wp:featuredmedia":[{"embeddable":true,"href":"https:\/\/stoic-curie.212-227-153-4.plesk.page\/hr\/wp-json\/wp\/v2\/media\/5944471"}],"wp:attachment":[{"href":"https:\/\/stoic-curie.212-227-153-4.plesk.page\/hr\/wp-json\/wp\/v2\/media?parent=3690901"}],"wp:term":[{"taxonomy":"product_brand","embeddable":true,"href":"https:\/\/stoic-curie.212-227-153-4.plesk.page\/hr\/wp-json\/wp\/v2\/product_brand?post=3690901"},{"taxonomy":"product_cat","embeddable":true,"href":"https:\/\/stoic-curie.212-227-153-4.plesk.page\/hr\/wp-json\/wp\/v2\/product_cat?post=3690901"},{"taxonomy":"product_tag","embeddable":true,"href":"https:\/\/stoic-curie.212-227-153-4.plesk.page\/hr\/wp-json\/wp\/v2\/product_tag?post=3690901"}],"curies":[{"name":"wp","href":"https:\/\/api.w.org\/{rel}","templated":true}]}}