{"id":3690904,"date":"2025-10-13T13:44:50","date_gmt":"2025-10-13T17:44:50","guid":{"rendered":"https:\/\/stoic-curie.212-227-153-4.plesk.page\/product\/glomex-v9172-nosac-od-nehrdajuceg-celika-za-televizijske-antene-nashira-adhara\/"},"modified":"2026-02-25T00:01:05","modified_gmt":"2026-02-25T00:01:05","slug":"glomex-v9172-nosac-od-nehrdajuceg-celika-za-televizijske-antene-nashira-adhara","status":"publish","type":"product","link":"https:\/\/stoic-curie.212-227-153-4.plesk.page\/hr\/product\/glomex-v9172-nosac-od-nehrdajuceg-celika-za-televizijske-antene-nashira-adhara\/","title":{"rendered":"Glomex V9172 nosa\u010d od nehr\u0111aju\u0107eg \u010delika za televizijske antene Nashira \/ Adhara"},"content":{"rendered":"<p>Glomex V9172 nosa\u010d od nehr\u0111aju\u0107eg \u010delika za televizijske antene Nashira \/ Adhara &#8211; <\/p>\n<p>Omnidirekcijska Glomex V9150AGC Adhara TV antena za analogne\/digitalne TV signale. Idealna za sve vrste \u010damaca. Zahvaljuju\u0107i visini od 55 mm, mo\u017ee primati vertikalno i horizontalno polarizirane TV signale. Opremljena stilom za prijem DAB signala i automatskim poja\u010dalom (AGC) koje osigurava savr\u0161en signal na moru i u luci. Oja\u010dana baza s mikro-odlivenim nehr\u0111aju\u0107im \u010delikom osigurava najbolju stabilnost antene u svim uvjetima na moru. S opcijskim V9147 razdjelnikom, postavljenim izme\u0111u antene i poja\u010dala, antena mo\u017ee primati i AM-FM radio frekvencije. Pogodno za 6 TV ure\u0111aja. Frekvencija 87,5\/774 MHz, 174\/240 MHz DAB &#8211; Impedancija 75 Ohm &#8211; Univerzalno napajanje 12\/24V. Uklju\u010duje 3&#215;20 metara koaksijalnih kablova i kabel za TV ure\u0111aj.<\/p>\n","protected":false},"excerpt":{"rendered":"<p>Glomex V9172 nosa\u010d od nehr\u0111aju\u0107eg \u010delika za televizijske antene Nashira \/ Adhara &#8211; Omnidirekcijska Glomex V9150AGC Adhara TV antena za<\/p>\n","protected":false},"featured_media":5944483,"comment_status":"closed","ping_status":"closed","template":"","meta":[],"product_brand":[2981],"product_cat":[1754],"product_tag":[],"class_list":{"0":"post-3690904","1":"product","2":"type-product","3":"status-publish","4":"has-post-thumbnail","6":"product_brand-glomex-hr","7":"product_cat-tv-antene","9":"first","10":"instock","11":"shipping-taxable","12":"purchasable","13":"product-type-simple"},"_links":{"self":[{"href":"https:\/\/stoic-curie.212-227-153-4.plesk.page\/hr\/wp-json\/wp\/v2\/product\/3690904","targetHints":{"allow":["GET"]}}],"collection":[{"href":"https:\/\/stoic-curie.212-227-153-4.plesk.page\/hr\/wp-json\/wp\/v2\/product"}],"about":[{"href":"https:\/\/stoic-curie.212-227-153-4.plesk.page\/hr\/wp-json\/wp\/v2\/types\/product"}],"replies":[{"embeddable":true,"href":"https:\/\/stoic-curie.212-227-153-4.plesk.page\/hr\/wp-json\/wp\/v2\/comments?post=3690904"}],"version-history":[{"count":0,"href":"https:\/\/stoic-curie.212-227-153-4.plesk.page\/hr\/wp-json\/wp\/v2\/product\/3690904\/revisions"}],"wp:featuredmedia":[{"embeddable":true,"href":"https:\/\/stoic-curie.212-227-153-4.plesk.page\/hr\/wp-json\/wp\/v2\/media\/5944483"}],"wp:attachment":[{"href":"https:\/\/stoic-curie.212-227-153-4.plesk.page\/hr\/wp-json\/wp\/v2\/media?parent=3690904"}],"wp:term":[{"taxonomy":"product_brand","embeddable":true,"href":"https:\/\/stoic-curie.212-227-153-4.plesk.page\/hr\/wp-json\/wp\/v2\/product_brand?post=3690904"},{"taxonomy":"product_cat","embeddable":true,"href":"https:\/\/stoic-curie.212-227-153-4.plesk.page\/hr\/wp-json\/wp\/v2\/product_cat?post=3690904"},{"taxonomy":"product_tag","embeddable":true,"href":"https:\/\/stoic-curie.212-227-153-4.plesk.page\/hr\/wp-json\/wp\/v2\/product_tag?post=3690904"}],"curies":[{"name":"wp","href":"https:\/\/api.w.org\/{rel}","templated":true}]}}