{"id":3690919,"date":"2025-10-13T13:44:54","date_gmt":"2025-10-13T17:44:54","guid":{"rendered":"https:\/\/stoic-curie.212-227-153-4.plesk.page\/product\/koplje-za-zastavu-od-nehrdajuceg-celika-bez-baze-d25-h1200-mm\/"},"modified":"2026-02-25T00:01:05","modified_gmt":"2026-02-25T00:01:05","slug":"koplje-za-zastavu-od-nehrdajuceg-celika-bez-baze-d25-h1200-mm","status":"publish","type":"product","link":"https:\/\/stoic-curie.212-227-153-4.plesk.page\/hr\/product\/koplje-za-zastavu-od-nehrdajuceg-celika-bez-baze-d25-h1200-mm\/","title":{"rendered":"Koplje za zastavu od nehr\u0111aju\u0107eg \u010delika bez baze D25 h1200 mm"},"content":{"rendered":"<p>Koplje za zastavu od nehr\u0111aju\u0107eg \u010delika bez baze D25 h1200 mm &#8211; <\/p>\n<p>Klasi\u010dni stup za zastavu od nehr\u0111aju\u0107eg \u010delika s 2 u\u0161icama za u\u017ead. Mo\u017ee se dopuniti standardnom ili uvu\u010denom podno\u017eju.<\/p>\n","protected":false},"excerpt":{"rendered":"<p>Koplje za zastavu od nehr\u0111aju\u0107eg \u010delika bez baze D25 h1200 mm &#8211; Klasi\u010dni stup za zastavu od nehr\u0111aju\u0107eg \u010delika s<\/p>\n","protected":false},"featured_media":5944497,"comment_status":"closed","ping_status":"closed","template":"","meta":[],"product_brand":[3491],"product_cat":[1681],"product_tag":[],"class_list":{"0":"post-3690919","1":"product","2":"type-product","3":"status-publish","4":"has-post-thumbnail","6":"product_brand-trem-hr","7":"product_cat-zastavna-koplja","9":"first","10":"instock","11":"shipping-taxable","12":"purchasable","13":"product-type-simple"},"_links":{"self":[{"href":"https:\/\/stoic-curie.212-227-153-4.plesk.page\/hr\/wp-json\/wp\/v2\/product\/3690919","targetHints":{"allow":["GET"]}}],"collection":[{"href":"https:\/\/stoic-curie.212-227-153-4.plesk.page\/hr\/wp-json\/wp\/v2\/product"}],"about":[{"href":"https:\/\/stoic-curie.212-227-153-4.plesk.page\/hr\/wp-json\/wp\/v2\/types\/product"}],"replies":[{"embeddable":true,"href":"https:\/\/stoic-curie.212-227-153-4.plesk.page\/hr\/wp-json\/wp\/v2\/comments?post=3690919"}],"version-history":[{"count":0,"href":"https:\/\/stoic-curie.212-227-153-4.plesk.page\/hr\/wp-json\/wp\/v2\/product\/3690919\/revisions"}],"wp:featuredmedia":[{"embeddable":true,"href":"https:\/\/stoic-curie.212-227-153-4.plesk.page\/hr\/wp-json\/wp\/v2\/media\/5944497"}],"wp:attachment":[{"href":"https:\/\/stoic-curie.212-227-153-4.plesk.page\/hr\/wp-json\/wp\/v2\/media?parent=3690919"}],"wp:term":[{"taxonomy":"product_brand","embeddable":true,"href":"https:\/\/stoic-curie.212-227-153-4.plesk.page\/hr\/wp-json\/wp\/v2\/product_brand?post=3690919"},{"taxonomy":"product_cat","embeddable":true,"href":"https:\/\/stoic-curie.212-227-153-4.plesk.page\/hr\/wp-json\/wp\/v2\/product_cat?post=3690919"},{"taxonomy":"product_tag","embeddable":true,"href":"https:\/\/stoic-curie.212-227-153-4.plesk.page\/hr\/wp-json\/wp\/v2\/product_tag?post=3690919"}],"curies":[{"name":"wp","href":"https:\/\/api.w.org\/{rel}","templated":true}]}}