{"id":3690922,"date":"2025-10-13T13:44:55","date_gmt":"2025-10-13T17:44:55","guid":{"rendered":"https:\/\/stoic-curie.212-227-153-4.plesk.page\/product\/jednostavni-modularni-drzaci-bokobrana-215mm\/"},"modified":"2026-02-25T00:01:05","modified_gmt":"2026-02-25T00:01:05","slug":"jednostavni-modularni-drzaci-bokobrana-215mm","status":"publish","type":"product","link":"https:\/\/stoic-curie.212-227-153-4.plesk.page\/hr\/product\/jednostavni-modularni-drzaci-bokobrana-215mm\/","title":{"rendered":"Jednostavni modularni dr\u017eaci bokobrana 215mm"},"content":{"rendered":"<p>Jednostavni modularni dr\u017eaci bokobrana 215mm &#8211; <\/p>\n<p>Klasi\u010dni modularni nosa\u010di za fendere od nehr\u0111aju\u0107eg \u010delika 316. Svestrano rje\u0161enje za pohranu fendera s konektorima koji omogu\u0107uju pri\u010dvr\u0161\u0107ivanje ko\u0161ara na ograde u bilo kojoj kombinaciji. Sve \u0161to trebate za instalaciju je odvija\u010d, jedna ili vi\u0161e ko\u0161ara i jedan ili vi\u0161e rotiraju\u0107ih ili paralelnih konektora. Rotiraju\u0107i konektor je stezaljka za cijevi promjera 22\/25 mm. Paralelni konektor povezuje vi\u0161e ko\u0161ara zajedno.<\/p>\n","protected":false},"excerpt":{"rendered":"<p>Jednostavni modularni dr\u017eaci bokobrana 215mm &#8211; Klasi\u010dni modularni nosa\u010di za fendere od nehr\u0111aju\u0107eg \u010delika 316. Svestrano rje\u0161enje za pohranu fendera<\/p>\n","protected":false},"featured_media":5937609,"comment_status":"closed","ping_status":"closed","template":"","meta":[],"product_brand":[3181],"product_cat":[1847],"product_tag":[],"class_list":{"0":"post-3690922","1":"product","2":"type-product","3":"status-publish","4":"has-post-thumbnail","6":"product_brand-nawa-hr","7":"product_cat-pribor-za-bokobrane","9":"first","10":"instock","11":"shipping-taxable","12":"purchasable","13":"product-type-simple"},"_links":{"self":[{"href":"https:\/\/stoic-curie.212-227-153-4.plesk.page\/hr\/wp-json\/wp\/v2\/product\/3690922","targetHints":{"allow":["GET"]}}],"collection":[{"href":"https:\/\/stoic-curie.212-227-153-4.plesk.page\/hr\/wp-json\/wp\/v2\/product"}],"about":[{"href":"https:\/\/stoic-curie.212-227-153-4.plesk.page\/hr\/wp-json\/wp\/v2\/types\/product"}],"replies":[{"embeddable":true,"href":"https:\/\/stoic-curie.212-227-153-4.plesk.page\/hr\/wp-json\/wp\/v2\/comments?post=3690922"}],"version-history":[{"count":0,"href":"https:\/\/stoic-curie.212-227-153-4.plesk.page\/hr\/wp-json\/wp\/v2\/product\/3690922\/revisions"}],"wp:featuredmedia":[{"embeddable":true,"href":"https:\/\/stoic-curie.212-227-153-4.plesk.page\/hr\/wp-json\/wp\/v2\/media\/5937609"}],"wp:attachment":[{"href":"https:\/\/stoic-curie.212-227-153-4.plesk.page\/hr\/wp-json\/wp\/v2\/media?parent=3690922"}],"wp:term":[{"taxonomy":"product_brand","embeddable":true,"href":"https:\/\/stoic-curie.212-227-153-4.plesk.page\/hr\/wp-json\/wp\/v2\/product_brand?post=3690922"},{"taxonomy":"product_cat","embeddable":true,"href":"https:\/\/stoic-curie.212-227-153-4.plesk.page\/hr\/wp-json\/wp\/v2\/product_cat?post=3690922"},{"taxonomy":"product_tag","embeddable":true,"href":"https:\/\/stoic-curie.212-227-153-4.plesk.page\/hr\/wp-json\/wp\/v2\/product_tag?post=3690922"}],"curies":[{"name":"wp","href":"https:\/\/api.w.org\/{rel}","templated":true}]}}