{"id":3690924,"date":"2025-10-13T13:44:55","date_gmt":"2025-10-13T17:44:55","guid":{"rendered":"https:\/\/stoic-curie.212-227-153-4.plesk.page\/product\/paralelni-konektor-za-jednostavnu-kosaru-za-bokobrane\/"},"modified":"2026-02-25T00:01:05","modified_gmt":"2026-02-25T00:01:05","slug":"paralelni-konektor-za-jednostavnu-kosaru-za-bokobrane","status":"publish","type":"product","link":"https:\/\/stoic-curie.212-227-153-4.plesk.page\/hr\/product\/paralelni-konektor-za-jednostavnu-kosaru-za-bokobrane\/","title":{"rendered":"Paralelni konektor za jednostavnu ko\u0161aru za bokobrane"},"content":{"rendered":"<p>Paralelni konektor za jednostavnu ko\u0161aru za bokobrane &#8211; <\/p>\n<p>Modularni nosa\u010di fendera klasi\u010dne izrade od nehr\u0111aju\u0107eg \u010delika 316. Vi\u0161enamjensko rje\u0161enje za pohranu fendera s konektorima koji omogu\u0107uju fiksiranje ko\u0161ara na ogradi u bilo kojoj kombinaciji. Sve \u0161to vam je potrebno za instalaciju je odvija\u010d, jedna ili vi\u0161e ko\u0161ara i jedan ili vi\u0161e rotacijskih ili paralelnih konektora. Rotacijski konektor je steznik cijevi od 22\/25 mm.<\/p>\n","protected":false},"excerpt":{"rendered":"<p>Paralelni konektor za jednostavnu ko\u0161aru za bokobrane &#8211; Modularni nosa\u010di fendera klasi\u010dne izrade od nehr\u0111aju\u0107eg \u010delika 316. Vi\u0161enamjensko rje\u0161enje za<\/p>\n","protected":false},"featured_media":5944500,"comment_status":"closed","ping_status":"closed","template":"","meta":[],"product_brand":[3181],"product_cat":[1847],"product_tag":[],"class_list":{"0":"post-3690924","1":"product","2":"type-product","3":"status-publish","4":"has-post-thumbnail","6":"product_brand-nawa-hr","7":"product_cat-pribor-za-bokobrane","9":"first","10":"instock","11":"shipping-taxable","12":"purchasable","13":"product-type-simple"},"_links":{"self":[{"href":"https:\/\/stoic-curie.212-227-153-4.plesk.page\/hr\/wp-json\/wp\/v2\/product\/3690924","targetHints":{"allow":["GET"]}}],"collection":[{"href":"https:\/\/stoic-curie.212-227-153-4.plesk.page\/hr\/wp-json\/wp\/v2\/product"}],"about":[{"href":"https:\/\/stoic-curie.212-227-153-4.plesk.page\/hr\/wp-json\/wp\/v2\/types\/product"}],"replies":[{"embeddable":true,"href":"https:\/\/stoic-curie.212-227-153-4.plesk.page\/hr\/wp-json\/wp\/v2\/comments?post=3690924"}],"version-history":[{"count":0,"href":"https:\/\/stoic-curie.212-227-153-4.plesk.page\/hr\/wp-json\/wp\/v2\/product\/3690924\/revisions"}],"wp:featuredmedia":[{"embeddable":true,"href":"https:\/\/stoic-curie.212-227-153-4.plesk.page\/hr\/wp-json\/wp\/v2\/media\/5944500"}],"wp:attachment":[{"href":"https:\/\/stoic-curie.212-227-153-4.plesk.page\/hr\/wp-json\/wp\/v2\/media?parent=3690924"}],"wp:term":[{"taxonomy":"product_brand","embeddable":true,"href":"https:\/\/stoic-curie.212-227-153-4.plesk.page\/hr\/wp-json\/wp\/v2\/product_brand?post=3690924"},{"taxonomy":"product_cat","embeddable":true,"href":"https:\/\/stoic-curie.212-227-153-4.plesk.page\/hr\/wp-json\/wp\/v2\/product_cat?post=3690924"},{"taxonomy":"product_tag","embeddable":true,"href":"https:\/\/stoic-curie.212-227-153-4.plesk.page\/hr\/wp-json\/wp\/v2\/product_tag?post=3690924"}],"curies":[{"name":"wp","href":"https:\/\/api.w.org\/{rel}","templated":true}]}}