{"id":3690929,"date":"2025-10-13T13:44:57","date_gmt":"2025-10-13T17:44:57","guid":{"rendered":"https:\/\/stoic-curie.212-227-153-4.plesk.page\/product\/navlake-za-bokobrane-fendress-tamno-siva-19-x-64-cm-polyform-f02\/"},"modified":"2026-02-25T00:01:06","modified_gmt":"2026-02-25T00:01:06","slug":"navlake-za-bokobrane-fendress-tamno-siva-19-x-64-cm-polyform-f02","status":"publish","type":"product","link":"https:\/\/stoic-curie.212-227-153-4.plesk.page\/hr\/product\/navlake-za-bokobrane-fendress-tamno-siva-19-x-64-cm-polyform-f02\/","title":{"rendered":"Navlake za bokobrane  Fendress tamno siva 19 x 64 cm ( Polyform F02)"},"content":{"rendered":"<p>Navlake za bokobrane  Fendress tamno siva 19 x 64 cm ( Polyform F02) &#8211; <\/p>\n<p>Ru\u010dne izra\u0111ene Fendress pla\u0161tevi za fendere od pli\u0161a. Premium za\u0161tita za va\u0161e fendere, dok eliminira \u0161kripanje i ogrebotine. Mekani i \u010dvrsti, ovi pla\u0161tevi u\u010dinkovito \u0161tite va\u0161u gel-coat boju i produ\u017euju vijek trajanja va\u0161ih fendera.<\/p>\n<p>\u2022 &#8220;Fendress Covers&#8221; su 100% akrilni, ru\u010dno ra\u0111eni, premium kvaliteta, otporni i neabrazivni. Mekani, pli\u0161ani fenderi pru\u017eaju ultimativnu za\u0161titu za va\u0161e strane. \u2022 &#8220;Fendress Covers&#8221; su otporni na UV zrake i slanu vodu, u\u010dinkovito \u0161tite va\u0161u gel-coat boju od ogrebotina i habanja. \u010cvrsta fleece tkanina posjeduje sve najbolje karakteristike, uklju\u010duju\u0107i otpornost na kidanje i habanje, brzo su\u0161enje i jednostavno uklanjanje za \u010di\u0161\u0107enje. \u2022 &#8220;Fendress Covers&#8221; produ\u017euju vijek trajanja va\u0161ih fendera i uklanjaju iritantno \u0161kripanje fendera. Boje otporne na UV ne\u0107e ostaviti tragove na va\u0161im stranama. Perive u perilici. \u2022 &#8220;Fendress Covers&#8221; imaju visoku otpornost na vrh i elasti\u010dan donji rub koji omogu\u0107ava prilago\u0111eno pristajanje za sve vrste fendera. Pla\u0161tevi su dostupni u 9 boja.<\/p>\n","protected":false},"excerpt":{"rendered":"<p>Navlake za bokobrane Fendress tamno siva 19 x 64 cm ( Polyform F02) &#8211; Ru\u010dne izra\u0111ene Fendress pla\u0161tevi za fendere<\/p>\n","protected":false},"featured_media":5944509,"comment_status":"closed","ping_status":"closed","template":"","meta":[],"product_brand":[2936],"product_cat":[1851],"product_tag":[],"class_list":{"0":"post-3690929","1":"product","2":"type-product","3":"status-publish","4":"has-post-thumbnail","6":"product_brand-fendress-hr","7":"product_cat-navlake-za-bokobrane","9":"first","10":"instock","11":"shipping-taxable","12":"purchasable","13":"product-type-simple"},"_links":{"self":[{"href":"https:\/\/stoic-curie.212-227-153-4.plesk.page\/hr\/wp-json\/wp\/v2\/product\/3690929","targetHints":{"allow":["GET"]}}],"collection":[{"href":"https:\/\/stoic-curie.212-227-153-4.plesk.page\/hr\/wp-json\/wp\/v2\/product"}],"about":[{"href":"https:\/\/stoic-curie.212-227-153-4.plesk.page\/hr\/wp-json\/wp\/v2\/types\/product"}],"replies":[{"embeddable":true,"href":"https:\/\/stoic-curie.212-227-153-4.plesk.page\/hr\/wp-json\/wp\/v2\/comments?post=3690929"}],"version-history":[{"count":0,"href":"https:\/\/stoic-curie.212-227-153-4.plesk.page\/hr\/wp-json\/wp\/v2\/product\/3690929\/revisions"}],"wp:featuredmedia":[{"embeddable":true,"href":"https:\/\/stoic-curie.212-227-153-4.plesk.page\/hr\/wp-json\/wp\/v2\/media\/5944509"}],"wp:attachment":[{"href":"https:\/\/stoic-curie.212-227-153-4.plesk.page\/hr\/wp-json\/wp\/v2\/media?parent=3690929"}],"wp:term":[{"taxonomy":"product_brand","embeddable":true,"href":"https:\/\/stoic-curie.212-227-153-4.plesk.page\/hr\/wp-json\/wp\/v2\/product_brand?post=3690929"},{"taxonomy":"product_cat","embeddable":true,"href":"https:\/\/stoic-curie.212-227-153-4.plesk.page\/hr\/wp-json\/wp\/v2\/product_cat?post=3690929"},{"taxonomy":"product_tag","embeddable":true,"href":"https:\/\/stoic-curie.212-227-153-4.plesk.page\/hr\/wp-json\/wp\/v2\/product_tag?post=3690929"}],"curies":[{"name":"wp","href":"https:\/\/api.w.org\/{rel}","templated":true}]}}