{"id":3690931,"date":"2025-10-13T13:44:57","date_gmt":"2025-10-13T17:44:57","guid":{"rendered":"https:\/\/stoic-curie.212-227-153-4.plesk.page\/product\/navlake-za-bokobrane-fendress-tamno-siva-88-x-29-cm\/"},"modified":"2026-02-25T00:01:06","modified_gmt":"2026-02-25T00:01:06","slug":"navlake-za-bokobrane-fendress-tamno-siva-88-x-29-cm","status":"publish","type":"product","link":"https:\/\/stoic-curie.212-227-153-4.plesk.page\/hr\/product\/navlake-za-bokobrane-fendress-tamno-siva-88-x-29-cm\/","title":{"rendered":"Navlake za bokobrane Fendress tamno siva 88 x 29 cm"},"content":{"rendered":"<p>Navlake za bokobrane Fendress tamno siva 88 x 29 cm &#8211; <\/p>\n<p>Ru\u010dna izrada Fendress pokriva\u010da za fendere od pli\u0161anog flisa. Premium za\u0161tita za va\u0161e fendere, dok istovremeno eliminira \u0161kripanje fendera i tragove ogrebotina. Mekani i \u010dvrsti, ovi pokriva\u010di za fendere u\u010dinkovito \u0161tite va\u0161u gelcoat boju i produ\u017euju vijek trajanja va\u0161ih fendera. <\/p>\n<p> \u2022 \u201cFendress Covers\u201d su 100% akril, ru\u010dno ra\u0111eni u premium kvaliteti, otporni i neabrazivni. Mekani, pli\u0161ani flis pokriva\u010di za fendere nude ultimativnu za\u0161titu za va\u0161u gornju povr\u0161inu. <br \/> \u2022 \u201cFendress Covers\u201d su otporni na UV i morsku vodu, u\u010dinkovito \u0161tite\u0107i va\u0161u gelcoat boju od tragova ogrebotina i abrazije. \u010cvrsto flis tkanje sadr\u017ei sve najbolje karakteristike, uklju\u010duju\u0107i otpornost na kidanje i abraziju, brzo su\u0161enje i lako uklanjanje za \u010di\u0161\u0107enje. <br \/> \u2022 \u201cFendress Covers\u201d produ\u017eavaju vijek trajanja va\u0161ih fendera i uklanjaju iritiraju\u0107e \u0161kripanje fendera. Boje otporne na UV ne ostavljaju tragove na va\u0161im gornjim povr\u0161inama. Perive u ma\u0161ini. <br \/> \u2022 \u201cFendress Covers\u201d s visokom otporno\u0161\u0107u na vrhu i elasti\u010dnom donjom rubu omogu\u0107uju prilago\u0111eno uklapanje za sve vrste fendera. Pokriva\u010di su dostupni u 9 boja.<\/p>\n","protected":false},"excerpt":{"rendered":"<p>Navlake za bokobrane Fendress tamno siva 88 x 29 cm &#8211; Ru\u010dna izrada Fendress pokriva\u010da za fendere od pli\u0161anog flisa.<\/p>\n","protected":false},"featured_media":5944509,"comment_status":"closed","ping_status":"closed","template":"","meta":[],"product_brand":[2936],"product_cat":[1851],"product_tag":[],"class_list":{"0":"post-3690931","1":"product","2":"type-product","3":"status-publish","4":"has-post-thumbnail","6":"product_brand-fendress-hr","7":"product_cat-navlake-za-bokobrane","9":"first","10":"instock","11":"shipping-taxable","12":"purchasable","13":"product-type-simple"},"_links":{"self":[{"href":"https:\/\/stoic-curie.212-227-153-4.plesk.page\/hr\/wp-json\/wp\/v2\/product\/3690931","targetHints":{"allow":["GET"]}}],"collection":[{"href":"https:\/\/stoic-curie.212-227-153-4.plesk.page\/hr\/wp-json\/wp\/v2\/product"}],"about":[{"href":"https:\/\/stoic-curie.212-227-153-4.plesk.page\/hr\/wp-json\/wp\/v2\/types\/product"}],"replies":[{"embeddable":true,"href":"https:\/\/stoic-curie.212-227-153-4.plesk.page\/hr\/wp-json\/wp\/v2\/comments?post=3690931"}],"version-history":[{"count":0,"href":"https:\/\/stoic-curie.212-227-153-4.plesk.page\/hr\/wp-json\/wp\/v2\/product\/3690931\/revisions"}],"wp:featuredmedia":[{"embeddable":true,"href":"https:\/\/stoic-curie.212-227-153-4.plesk.page\/hr\/wp-json\/wp\/v2\/media\/5944509"}],"wp:attachment":[{"href":"https:\/\/stoic-curie.212-227-153-4.plesk.page\/hr\/wp-json\/wp\/v2\/media?parent=3690931"}],"wp:term":[{"taxonomy":"product_brand","embeddable":true,"href":"https:\/\/stoic-curie.212-227-153-4.plesk.page\/hr\/wp-json\/wp\/v2\/product_brand?post=3690931"},{"taxonomy":"product_cat","embeddable":true,"href":"https:\/\/stoic-curie.212-227-153-4.plesk.page\/hr\/wp-json\/wp\/v2\/product_cat?post=3690931"},{"taxonomy":"product_tag","embeddable":true,"href":"https:\/\/stoic-curie.212-227-153-4.plesk.page\/hr\/wp-json\/wp\/v2\/product_tag?post=3690931"}],"curies":[{"name":"wp","href":"https:\/\/api.w.org\/{rel}","templated":true}]}}