{"id":3690936,"date":"2025-10-13T13:44:59","date_gmt":"2025-10-13T17:44:59","guid":{"rendered":"https:\/\/stoic-curie.212-227-153-4.plesk.page\/product\/uticnica-usb-uticnica-fusion-ms-cbusb3-5\/"},"modified":"2026-02-25T00:01:06","modified_gmt":"2026-02-25T00:01:06","slug":"uticnica-usb-uticnica-fusion-ms-cbusb3-5","status":"publish","type":"product","link":"https:\/\/stoic-curie.212-227-153-4.plesk.page\/hr\/product\/uticnica-usb-uticnica-fusion-ms-cbusb3-5\/","title":{"rendered":"Uticnica USB\/ uticnica Fusion Ms-cbusb3.5"},"content":{"rendered":"<p>Uticnica USB\/ uticnica Fusion Ms-cbusb3.5 &#8211; <\/p>\n<p>Fusion MS-RA70N dashboard morski stereo s LCD zaslonom s pozadinskim osvjetljenjem zalijepljenim staklom. RDS FM\/AM DAB spremni radio, USB i stra\u017enji AUX ulaz. Ugra\u0111eni Bluetooth za streaming audio s pametnih telefona i kompatibilnih ure\u0111aja. Opremljen Fusion-Link funkcijom daljinskog upravljanja koja omogu\u0107uje upravljanje stereom s Garmin sata ili kompatibilnog NMEA2000 multifunkcionalnog prikaza. Kontrola neovisnih postavki za vi\u0161e zona za dvije odvojene audio zone. IPx7 vodootporan, mo\u017ee se montirati ravno ili uvu\u010deno. D=dubina<\/p>\n","protected":false},"excerpt":{"rendered":"<p>Uticnica USB\/ uticnica Fusion Ms-cbusb3.5 &#8211; Fusion MS-RA70N dashboard morski stereo s LCD zaslonom s pozadinskim osvjetljenjem zalijepljenim staklom. RDS<\/p>\n","protected":false},"featured_media":5944523,"comment_status":"closed","ping_status":"closed","template":"","meta":[],"product_brand":[2961],"product_cat":[1733],"product_tag":[],"class_list":{"0":"post-3690936","1":"product","2":"type-product","3":"status-publish","4":"has-post-thumbnail","6":"product_brand-fusion-hr","7":"product_cat-stereo-i-zvucnici","9":"first","10":"instock","11":"shipping-taxable","12":"purchasable","13":"product-type-simple"},"_links":{"self":[{"href":"https:\/\/stoic-curie.212-227-153-4.plesk.page\/hr\/wp-json\/wp\/v2\/product\/3690936","targetHints":{"allow":["GET"]}}],"collection":[{"href":"https:\/\/stoic-curie.212-227-153-4.plesk.page\/hr\/wp-json\/wp\/v2\/product"}],"about":[{"href":"https:\/\/stoic-curie.212-227-153-4.plesk.page\/hr\/wp-json\/wp\/v2\/types\/product"}],"replies":[{"embeddable":true,"href":"https:\/\/stoic-curie.212-227-153-4.plesk.page\/hr\/wp-json\/wp\/v2\/comments?post=3690936"}],"version-history":[{"count":0,"href":"https:\/\/stoic-curie.212-227-153-4.plesk.page\/hr\/wp-json\/wp\/v2\/product\/3690936\/revisions"}],"wp:featuredmedia":[{"embeddable":true,"href":"https:\/\/stoic-curie.212-227-153-4.plesk.page\/hr\/wp-json\/wp\/v2\/media\/5944523"}],"wp:attachment":[{"href":"https:\/\/stoic-curie.212-227-153-4.plesk.page\/hr\/wp-json\/wp\/v2\/media?parent=3690936"}],"wp:term":[{"taxonomy":"product_brand","embeddable":true,"href":"https:\/\/stoic-curie.212-227-153-4.plesk.page\/hr\/wp-json\/wp\/v2\/product_brand?post=3690936"},{"taxonomy":"product_cat","embeddable":true,"href":"https:\/\/stoic-curie.212-227-153-4.plesk.page\/hr\/wp-json\/wp\/v2\/product_cat?post=3690936"},{"taxonomy":"product_tag","embeddable":true,"href":"https:\/\/stoic-curie.212-227-153-4.plesk.page\/hr\/wp-json\/wp\/v2\/product_tag?post=3690936"}],"curies":[{"name":"wp","href":"https:\/\/api.w.org\/{rel}","templated":true}]}}