{"id":3690967,"date":"2025-10-13T13:45:05","date_gmt":"2025-10-13T17:45:05","guid":{"rendered":"https:\/\/stoic-curie.212-227-153-4.plesk.page\/product\/magnetsko-staklo-za-vodu-sa-sivom-podlogom-82-x-h100-mm-2pz\/"},"modified":"2026-02-25T00:01:06","modified_gmt":"2026-02-25T00:01:06","slug":"magnetsko-staklo-za-vodu-sa-sivom-podlogom-82-x-h100-mm-2pz","status":"publish","type":"product","link":"https:\/\/stoic-curie.212-227-153-4.plesk.page\/hr\/product\/magnetsko-staklo-za-vodu-sa-sivom-podlogom-82-x-h100-mm-2pz\/","title":{"rendered":"Magnetsko staklo za vodu sa sivom podlogom 82 x H100 mm 2pz"},"content":{"rendered":"<p>Magnetsko staklo za vodu sa sivom podlogom 82 x H100 mm 2pz &#8211; <\/p>\n<p>Elegantni Silwy \u010da\u0161e s ugra\u0111enim magnetima na dnu koji ih dr\u017ee na mjestu \u010dak i u nemirnom moru. Izra\u0111ene od \u010dvrste, neprobojne, visokoprozirne, certificirane i testirane hrane plastike. Savr\u0161en omjer snage izme\u0111u podmeta\u010da i magnetske \u010da\u0161e. Metalne nano gel podmeta\u010de mogu se ukloniti bez ostataka, mogu se trajno koristiti i dr\u017ee se na svim povr\u0161inama. Dostupno kao set od 2 \u010da\u0161e, uklju\u010duju\u0107i metalne gel podmeta\u010de.<\/p>\n","protected":false},"excerpt":{"rendered":"<p>Magnetsko staklo za vodu sa sivom podlogom 82 x H100 mm 2pz &#8211; Elegantni Silwy \u010da\u0161e s ugra\u0111enim magnetima na<\/p>\n","protected":false},"featured_media":5944616,"comment_status":"closed","ping_status":"closed","template":"","meta":[],"product_brand":[3236],"product_cat":[1645],"product_tag":[],"class_list":{"0":"post-3690967","1":"product","2":"type-product","3":"status-publish","4":"has-post-thumbnail","6":"product_brand-osculati-hr","7":"product_cat-brodsko-posude","9":"first","10":"instock","11":"shipping-taxable","12":"purchasable","13":"product-type-simple"},"_links":{"self":[{"href":"https:\/\/stoic-curie.212-227-153-4.plesk.page\/hr\/wp-json\/wp\/v2\/product\/3690967","targetHints":{"allow":["GET"]}}],"collection":[{"href":"https:\/\/stoic-curie.212-227-153-4.plesk.page\/hr\/wp-json\/wp\/v2\/product"}],"about":[{"href":"https:\/\/stoic-curie.212-227-153-4.plesk.page\/hr\/wp-json\/wp\/v2\/types\/product"}],"replies":[{"embeddable":true,"href":"https:\/\/stoic-curie.212-227-153-4.plesk.page\/hr\/wp-json\/wp\/v2\/comments?post=3690967"}],"version-history":[{"count":0,"href":"https:\/\/stoic-curie.212-227-153-4.plesk.page\/hr\/wp-json\/wp\/v2\/product\/3690967\/revisions"}],"wp:featuredmedia":[{"embeddable":true,"href":"https:\/\/stoic-curie.212-227-153-4.plesk.page\/hr\/wp-json\/wp\/v2\/media\/5944616"}],"wp:attachment":[{"href":"https:\/\/stoic-curie.212-227-153-4.plesk.page\/hr\/wp-json\/wp\/v2\/media?parent=3690967"}],"wp:term":[{"taxonomy":"product_brand","embeddable":true,"href":"https:\/\/stoic-curie.212-227-153-4.plesk.page\/hr\/wp-json\/wp\/v2\/product_brand?post=3690967"},{"taxonomy":"product_cat","embeddable":true,"href":"https:\/\/stoic-curie.212-227-153-4.plesk.page\/hr\/wp-json\/wp\/v2\/product_cat?post=3690967"},{"taxonomy":"product_tag","embeddable":true,"href":"https:\/\/stoic-curie.212-227-153-4.plesk.page\/hr\/wp-json\/wp\/v2\/product_tag?post=3690967"}],"curies":[{"name":"wp","href":"https:\/\/api.w.org\/{rel}","templated":true}]}}