{"id":3690969,"date":"2025-10-13T13:45:05","date_gmt":"2025-10-13T17:45:05","guid":{"rendered":"https:\/\/stoic-curie.212-227-153-4.plesk.page\/product\/par-pocincanih-kutnih-nosaca-za-valjke-kobilice-250-x-v40mm\/"},"modified":"2026-02-25T00:01:06","modified_gmt":"2026-02-25T00:01:06","slug":"par-pocincanih-kutnih-nosaca-za-valjke-kobilice-250-x-v40mm","status":"publish","type":"product","link":"https:\/\/stoic-curie.212-227-153-4.plesk.page\/hr\/product\/par-pocincanih-kutnih-nosaca-za-valjke-kobilice-250-x-v40mm\/","title":{"rendered":"Par pocin\u010danih kutnih nosa\u010da za valjke kobilice 250 x V40mm"},"content":{"rendered":"<p>Par pocin\u010danih kutnih nosa\u010da za valjke kobilice 250 x V40mm &#8211; <\/p>\n<p>Galvanizirani \u010deli\u010dni podesivi nosa\u010di za kota\u010de krma. Prodaje se u parovima.<\/p>\n","protected":false},"excerpt":{"rendered":"<p>Par pocin\u010danih kutnih nosa\u010da za valjke kobilice 250 x V40mm &#8211; Galvanizirani \u010deli\u010dni podesivi nosa\u010di za kota\u010de krma. Prodaje se<\/p>\n","protected":false},"featured_media":5944643,"comment_status":"closed","ping_status":"closed","template":"","meta":[],"product_brand":[2891],"product_cat":[1841],"product_tag":[],"class_list":{"0":"post-3690969","1":"product","2":"type-product","3":"status-publish","4":"has-post-thumbnail","6":"product_brand-domar-hr","7":"product_cat-pribor-za-prikolicu-broda","9":"first","10":"instock","11":"shipping-taxable","12":"purchasable","13":"product-type-simple"},"_links":{"self":[{"href":"https:\/\/stoic-curie.212-227-153-4.plesk.page\/hr\/wp-json\/wp\/v2\/product\/3690969","targetHints":{"allow":["GET"]}}],"collection":[{"href":"https:\/\/stoic-curie.212-227-153-4.plesk.page\/hr\/wp-json\/wp\/v2\/product"}],"about":[{"href":"https:\/\/stoic-curie.212-227-153-4.plesk.page\/hr\/wp-json\/wp\/v2\/types\/product"}],"replies":[{"embeddable":true,"href":"https:\/\/stoic-curie.212-227-153-4.plesk.page\/hr\/wp-json\/wp\/v2\/comments?post=3690969"}],"version-history":[{"count":0,"href":"https:\/\/stoic-curie.212-227-153-4.plesk.page\/hr\/wp-json\/wp\/v2\/product\/3690969\/revisions"}],"wp:featuredmedia":[{"embeddable":true,"href":"https:\/\/stoic-curie.212-227-153-4.plesk.page\/hr\/wp-json\/wp\/v2\/media\/5944643"}],"wp:attachment":[{"href":"https:\/\/stoic-curie.212-227-153-4.plesk.page\/hr\/wp-json\/wp\/v2\/media?parent=3690969"}],"wp:term":[{"taxonomy":"product_brand","embeddable":true,"href":"https:\/\/stoic-curie.212-227-153-4.plesk.page\/hr\/wp-json\/wp\/v2\/product_brand?post=3690969"},{"taxonomy":"product_cat","embeddable":true,"href":"https:\/\/stoic-curie.212-227-153-4.plesk.page\/hr\/wp-json\/wp\/v2\/product_cat?post=3690969"},{"taxonomy":"product_tag","embeddable":true,"href":"https:\/\/stoic-curie.212-227-153-4.plesk.page\/hr\/wp-json\/wp\/v2\/product_tag?post=3690969"}],"curies":[{"name":"wp","href":"https:\/\/api.w.org\/{rel}","templated":true}]}}