{"id":3690983,"date":"2025-10-13T13:45:08","date_gmt":"2025-10-13T17:45:08","guid":{"rendered":"https:\/\/stoic-curie.212-227-153-4.plesk.page\/product\/kit-fusion-ms-ra670-i-fusion-ms-ra210-upusteni\/"},"modified":"2026-02-25T00:01:06","modified_gmt":"2026-02-25T00:01:06","slug":"kit-fusion-ms-ra670-i-fusion-ms-ra210-upusteni","status":"publish","type":"product","link":"https:\/\/stoic-curie.212-227-153-4.plesk.page\/hr\/product\/kit-fusion-ms-ra670-i-fusion-ms-ra210-upusteni\/","title":{"rendered":"KIt Fusion MS-RA670 i Fusion MS-RA210, upu\u0161teni"},"content":{"rendered":"<p>KIt Fusion MS-RA670 i Fusion MS-RA210, upu\u0161teni &#8211; <\/p>\n<p>Fusion MS-RA670 dashboard morski stereo s LCD ekranom osjetljivim na dodir i staklenom povr\u0161inom. RDS FM\/AM DAB spreman radio, USB i 2 AUX ulaza straga. Ugra\u0111eni Wi-Fi i Bluetooth za pametne telefone i kompatibilno audio strujanje. Opremljen funkcijom daljinskog upravljanja Fusion-Link koja omogu\u0107ava kontrolu stereo ure\u0111aja putem Garmin sata ili kompatibilnog NMEA2000 multifunkcijskog prikaza. Opremljen DSP (Digital Signal Processing) tehnologijom za optimizaciju zvuka u stvarnom vremenu. Kontrola neovisnih postavki za vi\u0161e zona za \u010detiri odvojene audio zone. IPx7 vodootporan, mo\u017ee se montirati ravno ili u ravnini. Zahvaljuju\u0107i Retrofit kitu, stereo se mo\u017ee prilagoditi postoje\u0107im rupama serija 650\/750\/755. D=debljina<\/p>\n","protected":false},"excerpt":{"rendered":"<p>KIt Fusion MS-RA670 i Fusion MS-RA210, upu\u0161teni &#8211; Fusion MS-RA670 dashboard morski stereo s LCD ekranom osjetljivim na dodir i<\/p>\n","protected":false},"featured_media":5944685,"comment_status":"closed","ping_status":"closed","template":"","meta":[],"product_brand":[2961],"product_cat":[1733],"product_tag":[],"class_list":{"0":"post-3690983","1":"product","2":"type-product","3":"status-publish","4":"has-post-thumbnail","6":"product_brand-fusion-hr","7":"product_cat-stereo-i-zvucnici","9":"first","10":"instock","11":"shipping-taxable","12":"purchasable","13":"product-type-simple"},"_links":{"self":[{"href":"https:\/\/stoic-curie.212-227-153-4.plesk.page\/hr\/wp-json\/wp\/v2\/product\/3690983","targetHints":{"allow":["GET"]}}],"collection":[{"href":"https:\/\/stoic-curie.212-227-153-4.plesk.page\/hr\/wp-json\/wp\/v2\/product"}],"about":[{"href":"https:\/\/stoic-curie.212-227-153-4.plesk.page\/hr\/wp-json\/wp\/v2\/types\/product"}],"replies":[{"embeddable":true,"href":"https:\/\/stoic-curie.212-227-153-4.plesk.page\/hr\/wp-json\/wp\/v2\/comments?post=3690983"}],"version-history":[{"count":0,"href":"https:\/\/stoic-curie.212-227-153-4.plesk.page\/hr\/wp-json\/wp\/v2\/product\/3690983\/revisions"}],"wp:featuredmedia":[{"embeddable":true,"href":"https:\/\/stoic-curie.212-227-153-4.plesk.page\/hr\/wp-json\/wp\/v2\/media\/5944685"}],"wp:attachment":[{"href":"https:\/\/stoic-curie.212-227-153-4.plesk.page\/hr\/wp-json\/wp\/v2\/media?parent=3690983"}],"wp:term":[{"taxonomy":"product_brand","embeddable":true,"href":"https:\/\/stoic-curie.212-227-153-4.plesk.page\/hr\/wp-json\/wp\/v2\/product_brand?post=3690983"},{"taxonomy":"product_cat","embeddable":true,"href":"https:\/\/stoic-curie.212-227-153-4.plesk.page\/hr\/wp-json\/wp\/v2\/product_cat?post=3690983"},{"taxonomy":"product_tag","embeddable":true,"href":"https:\/\/stoic-curie.212-227-153-4.plesk.page\/hr\/wp-json\/wp\/v2\/product_tag?post=3690983"}],"curies":[{"name":"wp","href":"https:\/\/api.w.org\/{rel}","templated":true}]}}