{"id":3690984,"date":"2025-10-13T13:45:08","date_gmt":"2025-10-13T17:45:08","guid":{"rendered":"https:\/\/stoic-curie.212-227-153-4.plesk.page\/product\/kit-za-retrofit-fuziju-apollo-770\/"},"modified":"2026-02-25T00:01:06","modified_gmt":"2026-02-25T00:01:06","slug":"kit-za-retrofit-fuziju-apollo-770","status":"publish","type":"product","link":"https:\/\/stoic-curie.212-227-153-4.plesk.page\/hr\/product\/kit-za-retrofit-fuziju-apollo-770\/","title":{"rendered":"Kit za retrofit fuziju Apollo 770"},"content":{"rendered":"<p>Kit za retrofit fuziju Apollo 770 &#8211; <\/p>\n<p>Fusion MS-RA770 dashboard morski stereo s LCD zaslonom osjetljivim na dodir. RDS FM\/AM DAB spreman radio, USB i 2 stra\u017enja AUX ulaza. Ugra\u0111eni Wi-Fi i Bluetooth za streaming audio sadr\u017eaja s pametnih telefona i kompatibilnih ure\u0111aja. Opremljen funkcijom daljinskog upravlja\u010da Fusion-Link koja omogu\u0107uje upravljanje stereom pomo\u0107u Garmin sata ili kompatibilnog NMEA2000 multifunkcionalnog zaslona. Opremljen DSP (Digital Signal Processing) tehnologijom za optimizaciju zvuka u stvarnom vremenu. Nezavisna kontrola vi\u0161ezonskih postavki za \u010detiri odvojene audio zone. IPx7 vodootporan, mo\u017ee biti montiran ravno ili uvu\u010den. Zahvaljuju\u0107i Retrofit kitu, stereo se mo\u017ee prilagoditi postoje\u0107im rupama serija 650\/750\/755. D= dubina<\/p>\n","protected":false},"excerpt":{"rendered":"<p>Kit za retrofit fuziju Apollo 770 &#8211; Fusion MS-RA770 dashboard morski stereo s LCD zaslonom osjetljivim na dodir. RDS FM\/AM<\/p>\n","protected":false},"featured_media":5942887,"comment_status":"closed","ping_status":"closed","template":"","meta":[],"product_brand":[2961],"product_cat":[1733],"product_tag":[],"class_list":{"0":"post-3690984","1":"product","2":"type-product","3":"status-publish","4":"has-post-thumbnail","6":"product_brand-fusion-hr","7":"product_cat-stereo-i-zvucnici","9":"first","10":"instock","11":"shipping-taxable","12":"purchasable","13":"product-type-simple"},"_links":{"self":[{"href":"https:\/\/stoic-curie.212-227-153-4.plesk.page\/hr\/wp-json\/wp\/v2\/product\/3690984","targetHints":{"allow":["GET"]}}],"collection":[{"href":"https:\/\/stoic-curie.212-227-153-4.plesk.page\/hr\/wp-json\/wp\/v2\/product"}],"about":[{"href":"https:\/\/stoic-curie.212-227-153-4.plesk.page\/hr\/wp-json\/wp\/v2\/types\/product"}],"replies":[{"embeddable":true,"href":"https:\/\/stoic-curie.212-227-153-4.plesk.page\/hr\/wp-json\/wp\/v2\/comments?post=3690984"}],"version-history":[{"count":0,"href":"https:\/\/stoic-curie.212-227-153-4.plesk.page\/hr\/wp-json\/wp\/v2\/product\/3690984\/revisions"}],"wp:featuredmedia":[{"embeddable":true,"href":"https:\/\/stoic-curie.212-227-153-4.plesk.page\/hr\/wp-json\/wp\/v2\/media\/5942887"}],"wp:attachment":[{"href":"https:\/\/stoic-curie.212-227-153-4.plesk.page\/hr\/wp-json\/wp\/v2\/media?parent=3690984"}],"wp:term":[{"taxonomy":"product_brand","embeddable":true,"href":"https:\/\/stoic-curie.212-227-153-4.plesk.page\/hr\/wp-json\/wp\/v2\/product_brand?post=3690984"},{"taxonomy":"product_cat","embeddable":true,"href":"https:\/\/stoic-curie.212-227-153-4.plesk.page\/hr\/wp-json\/wp\/v2\/product_cat?post=3690984"},{"taxonomy":"product_tag","embeddable":true,"href":"https:\/\/stoic-curie.212-227-153-4.plesk.page\/hr\/wp-json\/wp\/v2\/product_tag?post=3690984"}],"curies":[{"name":"wp","href":"https:\/\/api.w.org\/{rel}","templated":true}]}}