{"id":3690986,"date":"2025-10-13T13:45:09","date_gmt":"2025-10-13T17:45:09","guid":{"rendered":"https:\/\/stoic-curie.212-227-153-4.plesk.page\/product\/pepeljara-otporna-na-vjetar-smeda-mb\/"},"modified":"2026-02-25T00:01:06","modified_gmt":"2026-02-25T00:01:06","slug":"pepeljara-otporna-na-vjetar-smeda-mb","status":"publish","type":"product","link":"https:\/\/stoic-curie.212-227-153-4.plesk.page\/hr\/product\/pepeljara-otporna-na-vjetar-smeda-mb\/","title":{"rendered":"Pepeljara otporna na vjetar sme\u0111a MB"},"content":{"rendered":"<p>Pepeljara otporna na vjetar sme\u0111a MB &#8211; <\/p>\n<p>Cigaretna posuda od nehr\u0111aju\u0107eg \u010delika i morskog razreda Skay, otporna na vjetar, s podlogom protiv klizanja.<\/p>\n","protected":false},"excerpt":{"rendered":"<p>Pepeljara otporna na vjetar sme\u0111a MB &#8211; Cigaretna posuda od nehr\u0111aju\u0107eg \u010delika i morskog razreda Skay, otporna na vjetar, s<\/p>\n","protected":false},"featured_media":5944704,"comment_status":"closed","ping_status":"closed","template":"","meta":[],"product_brand":[3111],"product_cat":[1640,1644],"product_tag":[],"class_list":{"0":"post-3690986","1":"product","2":"type-product","3":"status-publish","4":"has-post-thumbnail","6":"product_brand-marine-business-mb-hr","7":"product_cat-nauticki-dekor","8":"product_cat-pribor-za-spremista","10":"first","11":"instock","12":"shipping-taxable","13":"purchasable","14":"product-type-simple"},"_links":{"self":[{"href":"https:\/\/stoic-curie.212-227-153-4.plesk.page\/hr\/wp-json\/wp\/v2\/product\/3690986","targetHints":{"allow":["GET"]}}],"collection":[{"href":"https:\/\/stoic-curie.212-227-153-4.plesk.page\/hr\/wp-json\/wp\/v2\/product"}],"about":[{"href":"https:\/\/stoic-curie.212-227-153-4.plesk.page\/hr\/wp-json\/wp\/v2\/types\/product"}],"replies":[{"embeddable":true,"href":"https:\/\/stoic-curie.212-227-153-4.plesk.page\/hr\/wp-json\/wp\/v2\/comments?post=3690986"}],"version-history":[{"count":0,"href":"https:\/\/stoic-curie.212-227-153-4.plesk.page\/hr\/wp-json\/wp\/v2\/product\/3690986\/revisions"}],"wp:featuredmedia":[{"embeddable":true,"href":"https:\/\/stoic-curie.212-227-153-4.plesk.page\/hr\/wp-json\/wp\/v2\/media\/5944704"}],"wp:attachment":[{"href":"https:\/\/stoic-curie.212-227-153-4.plesk.page\/hr\/wp-json\/wp\/v2\/media?parent=3690986"}],"wp:term":[{"taxonomy":"product_brand","embeddable":true,"href":"https:\/\/stoic-curie.212-227-153-4.plesk.page\/hr\/wp-json\/wp\/v2\/product_brand?post=3690986"},{"taxonomy":"product_cat","embeddable":true,"href":"https:\/\/stoic-curie.212-227-153-4.plesk.page\/hr\/wp-json\/wp\/v2\/product_cat?post=3690986"},{"taxonomy":"product_tag","embeddable":true,"href":"https:\/\/stoic-curie.212-227-153-4.plesk.page\/hr\/wp-json\/wp\/v2\/product_tag?post=3690986"}],"curies":[{"name":"wp","href":"https:\/\/api.w.org\/{rel}","templated":true}]}}