{"id":3690995,"date":"2025-10-13T13:45:12","date_gmt":"2025-10-13T17:45:12","guid":{"rendered":"https:\/\/stoic-curie.212-227-153-4.plesk.page\/product\/salveta-mb-dobrodosli-45-x-30-cm-6-kom\/"},"modified":"2026-02-25T00:01:06","modified_gmt":"2026-02-25T00:01:06","slug":"salveta-mb-dobrodosli-45-x-30-cm-6-kom","status":"publish","type":"product","link":"https:\/\/stoic-curie.212-227-153-4.plesk.page\/hr\/product\/salveta-mb-dobrodosli-45-x-30-cm-6-kom\/","title":{"rendered":"Salveta MB Dobrodo\u0161li 45 x 30 cm 6 kom."},"content":{"rendered":"<p>Salveta MB Dobrodo\u0161li 45 x 30 cm 6 kom. &#8211; <\/p>\n<p>Dobrodo\u0161li na brod! Ukra\u0161eni PVC tanjur za stavljanje ispod jela. 6 komada po pakiranju.<\/p>\n","protected":false},"excerpt":{"rendered":"<p>Salveta MB Dobrodo\u0161li 45 x 30 cm 6 kom. &#8211; Dobrodo\u0161li na brod! Ukra\u0161eni PVC tanjur za stavljanje ispod jela.<\/p>\n","protected":false},"featured_media":5944726,"comment_status":"closed","ping_status":"closed","template":"","meta":[],"product_brand":[3111],"product_cat":[1645],"product_tag":[],"class_list":{"0":"post-3690995","1":"product","2":"type-product","3":"status-publish","4":"has-post-thumbnail","6":"product_brand-marine-business-mb-hr","7":"product_cat-brodsko-posude","9":"first","10":"instock","11":"shipping-taxable","12":"purchasable","13":"product-type-simple"},"_links":{"self":[{"href":"https:\/\/stoic-curie.212-227-153-4.plesk.page\/hr\/wp-json\/wp\/v2\/product\/3690995","targetHints":{"allow":["GET"]}}],"collection":[{"href":"https:\/\/stoic-curie.212-227-153-4.plesk.page\/hr\/wp-json\/wp\/v2\/product"}],"about":[{"href":"https:\/\/stoic-curie.212-227-153-4.plesk.page\/hr\/wp-json\/wp\/v2\/types\/product"}],"replies":[{"embeddable":true,"href":"https:\/\/stoic-curie.212-227-153-4.plesk.page\/hr\/wp-json\/wp\/v2\/comments?post=3690995"}],"version-history":[{"count":0,"href":"https:\/\/stoic-curie.212-227-153-4.plesk.page\/hr\/wp-json\/wp\/v2\/product\/3690995\/revisions"}],"wp:featuredmedia":[{"embeddable":true,"href":"https:\/\/stoic-curie.212-227-153-4.plesk.page\/hr\/wp-json\/wp\/v2\/media\/5944726"}],"wp:attachment":[{"href":"https:\/\/stoic-curie.212-227-153-4.plesk.page\/hr\/wp-json\/wp\/v2\/media?parent=3690995"}],"wp:term":[{"taxonomy":"product_brand","embeddable":true,"href":"https:\/\/stoic-curie.212-227-153-4.plesk.page\/hr\/wp-json\/wp\/v2\/product_brand?post=3690995"},{"taxonomy":"product_cat","embeddable":true,"href":"https:\/\/stoic-curie.212-227-153-4.plesk.page\/hr\/wp-json\/wp\/v2\/product_cat?post=3690995"},{"taxonomy":"product_tag","embeddable":true,"href":"https:\/\/stoic-curie.212-227-153-4.plesk.page\/hr\/wp-json\/wp\/v2\/product_tag?post=3690995"}],"curies":[{"name":"wp","href":"https:\/\/api.w.org\/{rel}","templated":true}]}}