{"id":3691002,"date":"2025-10-13T13:45:14","date_gmt":"2025-10-13T17:45:14","guid":{"rendered":"https:\/\/stoic-curie.212-227-153-4.plesk.page\/product\/uteg-za-bacac-konopa-koza-04kg\/"},"modified":"2026-02-25T00:01:06","modified_gmt":"2026-02-25T00:01:06","slug":"uteg-za-bacac-konopa-koza-04kg","status":"publish","type":"product","link":"https:\/\/stoic-curie.212-227-153-4.plesk.page\/hr\/product\/uteg-za-bacac-konopa-koza-04kg\/","title":{"rendered":"Uteg za baca\u010d konopa, ko\u017ea 0,4kg"},"content":{"rendered":"<p>Uteg za baca\u010d konopa, ko\u017ea 0,4kg &#8211; <\/p>\n<p>Lansirna linija otporna na UV i morsku okolinu s okom od nehr\u0111aju\u0107eg \u010delika. Koristi se za bacanje kai\u0161eva za privez s broda na obalu i obrnuto.<\/p>\n","protected":false},"excerpt":{"rendered":"<p>Uteg za baca\u010d konopa, ko\u017ea 0,4kg &#8211; Lansirna linija otporna na UV i morsku okolinu s okom od nehr\u0111aju\u0107eg \u010delika.<\/p>\n","protected":false},"featured_media":5944741,"comment_status":"closed","ping_status":"closed","template":"","meta":[],"product_brand":[3366],"product_cat":[1605,1604],"product_tag":[],"class_list":{"0":"post-3691002","1":"product","2":"type-product","3":"status-publish","4":"has-post-thumbnail","6":"product_brand-securmar-hr","7":"product_cat-oprema-za-sigurnost-plovila","8":"product_cat-pojasevi-za-spasavanje-i-remenje","10":"first","11":"instock","12":"shipping-taxable","13":"purchasable","14":"product-type-simple"},"_links":{"self":[{"href":"https:\/\/stoic-curie.212-227-153-4.plesk.page\/hr\/wp-json\/wp\/v2\/product\/3691002","targetHints":{"allow":["GET"]}}],"collection":[{"href":"https:\/\/stoic-curie.212-227-153-4.plesk.page\/hr\/wp-json\/wp\/v2\/product"}],"about":[{"href":"https:\/\/stoic-curie.212-227-153-4.plesk.page\/hr\/wp-json\/wp\/v2\/types\/product"}],"replies":[{"embeddable":true,"href":"https:\/\/stoic-curie.212-227-153-4.plesk.page\/hr\/wp-json\/wp\/v2\/comments?post=3691002"}],"version-history":[{"count":0,"href":"https:\/\/stoic-curie.212-227-153-4.plesk.page\/hr\/wp-json\/wp\/v2\/product\/3691002\/revisions"}],"wp:featuredmedia":[{"embeddable":true,"href":"https:\/\/stoic-curie.212-227-153-4.plesk.page\/hr\/wp-json\/wp\/v2\/media\/5944741"}],"wp:attachment":[{"href":"https:\/\/stoic-curie.212-227-153-4.plesk.page\/hr\/wp-json\/wp\/v2\/media?parent=3691002"}],"wp:term":[{"taxonomy":"product_brand","embeddable":true,"href":"https:\/\/stoic-curie.212-227-153-4.plesk.page\/hr\/wp-json\/wp\/v2\/product_brand?post=3691002"},{"taxonomy":"product_cat","embeddable":true,"href":"https:\/\/stoic-curie.212-227-153-4.plesk.page\/hr\/wp-json\/wp\/v2\/product_cat?post=3691002"},{"taxonomy":"product_tag","embeddable":true,"href":"https:\/\/stoic-curie.212-227-153-4.plesk.page\/hr\/wp-json\/wp\/v2\/product_tag?post=3691002"}],"curies":[{"name":"wp","href":"https:\/\/api.w.org\/{rel}","templated":true}]}}