{"id":3691005,"date":"2025-10-13T13:45:15","date_gmt":"2025-10-13T17:45:15","guid":{"rendered":"https:\/\/stoic-curie.212-227-153-4.plesk.page\/product\/broncano-koljeno-45-f-f-3-8\/"},"modified":"2026-02-25T00:01:06","modified_gmt":"2026-02-25T00:01:06","slug":"broncano-koljeno-45-f-f-3-8","status":"publish","type":"product","link":"https:\/\/stoic-curie.212-227-153-4.plesk.page\/hr\/product\/broncano-koljeno-45-f-f-3-8\/","title":{"rendered":"Broncano koljeno 45\u00b0 F-F 3\/8&#8243;"},"content":{"rendered":"<p>Broncano koljeno 45\u00b0 F-F 3\/8&#8243; &#8211; <\/p>\n<p>Bron\u010dani spoj \u017eenski-\u017eenski pod kutom od 45\u00b0.<\/p>\n","protected":false},"excerpt":{"rendered":"<p>Broncano koljeno 45\u00b0 F-F 3\/8&#8243; &#8211; Bron\u010dani spoj \u017eenski-\u017eenski pod kutom od 45\u00b0.<\/p>\n","protected":false},"featured_media":5944752,"comment_status":"closed","ping_status":"closed","template":"","meta":[],"product_brand":[2996],"product_cat":[1669],"product_tag":[],"class_list":{"0":"post-3691005","1":"product","2":"type-product","3":"status-publish","4":"has-post-thumbnail","6":"product_brand-guidi-marine-hr","7":"product_cat-elementi-brodskog-sustava-vode-bronca","9":"first","10":"instock","11":"shipping-taxable","12":"purchasable","13":"product-type-simple"},"_links":{"self":[{"href":"https:\/\/stoic-curie.212-227-153-4.plesk.page\/hr\/wp-json\/wp\/v2\/product\/3691005","targetHints":{"allow":["GET"]}}],"collection":[{"href":"https:\/\/stoic-curie.212-227-153-4.plesk.page\/hr\/wp-json\/wp\/v2\/product"}],"about":[{"href":"https:\/\/stoic-curie.212-227-153-4.plesk.page\/hr\/wp-json\/wp\/v2\/types\/product"}],"replies":[{"embeddable":true,"href":"https:\/\/stoic-curie.212-227-153-4.plesk.page\/hr\/wp-json\/wp\/v2\/comments?post=3691005"}],"version-history":[{"count":0,"href":"https:\/\/stoic-curie.212-227-153-4.plesk.page\/hr\/wp-json\/wp\/v2\/product\/3691005\/revisions"}],"wp:featuredmedia":[{"embeddable":true,"href":"https:\/\/stoic-curie.212-227-153-4.plesk.page\/hr\/wp-json\/wp\/v2\/media\/5944752"}],"wp:attachment":[{"href":"https:\/\/stoic-curie.212-227-153-4.plesk.page\/hr\/wp-json\/wp\/v2\/media?parent=3691005"}],"wp:term":[{"taxonomy":"product_brand","embeddable":true,"href":"https:\/\/stoic-curie.212-227-153-4.plesk.page\/hr\/wp-json\/wp\/v2\/product_brand?post=3691005"},{"taxonomy":"product_cat","embeddable":true,"href":"https:\/\/stoic-curie.212-227-153-4.plesk.page\/hr\/wp-json\/wp\/v2\/product_cat?post=3691005"},{"taxonomy":"product_tag","embeddable":true,"href":"https:\/\/stoic-curie.212-227-153-4.plesk.page\/hr\/wp-json\/wp\/v2\/product_tag?post=3691005"}],"curies":[{"name":"wp","href":"https:\/\/api.w.org\/{rel}","templated":true}]}}