{"id":3691014,"date":"2025-10-13T13:45:17","date_gmt":"2025-10-13T17:45:17","guid":{"rendered":"https:\/\/stoic-curie.212-227-153-4.plesk.page\/product\/polu-fleksibilne-solarne-ploce-20w-12-24v-500-x-355mm\/"},"modified":"2026-02-25T00:01:07","modified_gmt":"2026-02-25T00:01:07","slug":"polu-fleksibilne-solarne-ploce-20w-12-24v-500-x-355mm","status":"publish","type":"product","link":"https:\/\/stoic-curie.212-227-153-4.plesk.page\/hr\/product\/polu-fleksibilne-solarne-ploce-20w-12-24v-500-x-355mm\/","title":{"rendered":"Polu-fleksibilne solarne plo\u010de 20W 12-24V 500 x 355mm"},"content":{"rendered":"<p>Polu-fleksibilne solarne plo\u010de 20W 12-24V 500 x 355mm &#8211; <\/p>\n<p>Laki i otporni polu-flexibilni solarni paneli s visokoefikasnim monokristalnim silicijskim \u0107elijama. ETFE polimerni pokrov i TPT laminatna kompozitna osnova s ukupnom debljinom od 2,5 mm za superiornu fleksibilnost i snagu. U kompletu sa nehr\u0111aju\u0107im \u010deli\u010dnim okovima za u\u010dvr\u0161\u0107ivanje, dva kabela od 90 cm i MC4 konektorima. Dioda i priklju\u010dna kutija uronjene u IP68 silikonsku pastu. Potrebno je dovr\u0161iti s regulatorom punjenja na temelju broja potrebnih izlaza i zbroja ampera (Imp) svakog pojedina\u010dnog panela. Wp = Ocijenjena snaga (W) Imp = Maksimalni strujni (A) Voc = Napon otvorenog kruga (V)<\/p>\n","protected":false},"excerpt":{"rendered":"<p>Polu-fleksibilne solarne plo\u010de 20W 12-24V 500 x 355mm &#8211; Laki i otporni polu-flexibilni solarni paneli s visokoefikasnim monokristalnim silicijskim \u0107elijama.<\/p>\n","protected":false},"featured_media":5943387,"comment_status":"closed","ping_status":"closed","template":"","meta":[],"product_brand":[2831],"product_cat":[1749],"product_tag":[],"class_list":{"0":"post-3691014","1":"product","2":"type-product","3":"status-publish","4":"has-post-thumbnail","6":"product_brand-blue-sea-systems-hr","7":"product_cat-solarni-paneli","9":"first","10":"instock","11":"shipping-taxable","12":"purchasable","13":"product-type-simple"},"_links":{"self":[{"href":"https:\/\/stoic-curie.212-227-153-4.plesk.page\/hr\/wp-json\/wp\/v2\/product\/3691014","targetHints":{"allow":["GET"]}}],"collection":[{"href":"https:\/\/stoic-curie.212-227-153-4.plesk.page\/hr\/wp-json\/wp\/v2\/product"}],"about":[{"href":"https:\/\/stoic-curie.212-227-153-4.plesk.page\/hr\/wp-json\/wp\/v2\/types\/product"}],"replies":[{"embeddable":true,"href":"https:\/\/stoic-curie.212-227-153-4.plesk.page\/hr\/wp-json\/wp\/v2\/comments?post=3691014"}],"version-history":[{"count":0,"href":"https:\/\/stoic-curie.212-227-153-4.plesk.page\/hr\/wp-json\/wp\/v2\/product\/3691014\/revisions"}],"wp:featuredmedia":[{"embeddable":true,"href":"https:\/\/stoic-curie.212-227-153-4.plesk.page\/hr\/wp-json\/wp\/v2\/media\/5943387"}],"wp:attachment":[{"href":"https:\/\/stoic-curie.212-227-153-4.plesk.page\/hr\/wp-json\/wp\/v2\/media?parent=3691014"}],"wp:term":[{"taxonomy":"product_brand","embeddable":true,"href":"https:\/\/stoic-curie.212-227-153-4.plesk.page\/hr\/wp-json\/wp\/v2\/product_brand?post=3691014"},{"taxonomy":"product_cat","embeddable":true,"href":"https:\/\/stoic-curie.212-227-153-4.plesk.page\/hr\/wp-json\/wp\/v2\/product_cat?post=3691014"},{"taxonomy":"product_tag","embeddable":true,"href":"https:\/\/stoic-curie.212-227-153-4.plesk.page\/hr\/wp-json\/wp\/v2\/product_tag?post=3691014"}],"curies":[{"name":"wp","href":"https:\/\/api.w.org\/{rel}","templated":true}]}}