{"id":3691016,"date":"2025-10-13T13:45:18","date_gmt":"2025-10-13T17:45:18","guid":{"rendered":"https:\/\/stoic-curie.212-227-153-4.plesk.page\/product\/eltex-marine-425-x-380-x-h475-mm-zamjenski-jastuci-za-sjedala\/"},"modified":"2026-02-25T00:01:07","modified_gmt":"2026-02-25T00:01:07","slug":"eltex-marine-425-x-380-x-h475-mm-zamjenski-jastuci-za-sjedala","status":"publish","type":"product","link":"https:\/\/stoic-curie.212-227-153-4.plesk.page\/hr\/product\/eltex-marine-425-x-380-x-h475-mm-zamjenski-jastuci-za-sjedala\/","title":{"rendered":"Eltex Marine 425 x 380 x h475 mm zamjenski jastuci za sjedala"},"content":{"rendered":"<p>Eltex Marine 425 x 380 x h475 mm zamjenski jastuci za sjedala &#8211; <\/p>\n<p>Otpornu prekretni\u010dku stolicu od polietilena za more. \u010cvrsta i jaka, potpuno bez odr\u017eavanja. Mo\u017ee se dopuniti jastucima. Osnova za spajanje 270 x 327 mm sa uklju\u010denim vijcima.<\/p>\n","protected":false},"excerpt":{"rendered":"<p>Eltex Marine 425 x 380 x h475 mm zamjenski jastuci za sjedala &#8211; Otpornu prekretni\u010dku stolicu od polietilena za more.<\/p>\n","protected":false},"featured_media":5944762,"comment_status":"closed","ping_status":"closed","template":"","meta":[],"product_brand":[2966],"product_cat":[1678],"product_tag":[],"class_list":{"0":"post-3691016","1":"product","2":"type-product","3":"status-publish","4":"has-post-thumbnail","6":"product_brand-garelick-hr","7":"product_cat-brodska-sjedala","9":"first","10":"instock","11":"shipping-taxable","12":"purchasable","13":"product-type-simple"},"_links":{"self":[{"href":"https:\/\/stoic-curie.212-227-153-4.plesk.page\/hr\/wp-json\/wp\/v2\/product\/3691016","targetHints":{"allow":["GET"]}}],"collection":[{"href":"https:\/\/stoic-curie.212-227-153-4.plesk.page\/hr\/wp-json\/wp\/v2\/product"}],"about":[{"href":"https:\/\/stoic-curie.212-227-153-4.plesk.page\/hr\/wp-json\/wp\/v2\/types\/product"}],"replies":[{"embeddable":true,"href":"https:\/\/stoic-curie.212-227-153-4.plesk.page\/hr\/wp-json\/wp\/v2\/comments?post=3691016"}],"version-history":[{"count":0,"href":"https:\/\/stoic-curie.212-227-153-4.plesk.page\/hr\/wp-json\/wp\/v2\/product\/3691016\/revisions"}],"wp:featuredmedia":[{"embeddable":true,"href":"https:\/\/stoic-curie.212-227-153-4.plesk.page\/hr\/wp-json\/wp\/v2\/media\/5944762"}],"wp:attachment":[{"href":"https:\/\/stoic-curie.212-227-153-4.plesk.page\/hr\/wp-json\/wp\/v2\/media?parent=3691016"}],"wp:term":[{"taxonomy":"product_brand","embeddable":true,"href":"https:\/\/stoic-curie.212-227-153-4.plesk.page\/hr\/wp-json\/wp\/v2\/product_brand?post=3691016"},{"taxonomy":"product_cat","embeddable":true,"href":"https:\/\/stoic-curie.212-227-153-4.plesk.page\/hr\/wp-json\/wp\/v2\/product_cat?post=3691016"},{"taxonomy":"product_tag","embeddable":true,"href":"https:\/\/stoic-curie.212-227-153-4.plesk.page\/hr\/wp-json\/wp\/v2\/product_tag?post=3691016"}],"curies":[{"name":"wp","href":"https:\/\/api.w.org\/{rel}","templated":true}]}}