{"id":3691018,"date":"2025-10-13T13:45:19","date_gmt":"2025-10-13T17:45:19","guid":{"rendered":"https:\/\/stoic-curie.212-227-153-4.plesk.page\/product\/orbitrade-19638-cink-anoda-za-kuciste-kopce-za-volvo-penta-dpx-sterndrive\/"},"modified":"2026-02-25T00:01:07","modified_gmt":"2026-02-25T00:01:07","slug":"orbitrade-19638-cink-anoda-za-kuciste-kopce-za-volvo-penta-dpx-sterndrive","status":"publish","type":"product","link":"https:\/\/stoic-curie.212-227-153-4.plesk.page\/hr\/product\/orbitrade-19638-cink-anoda-za-kuciste-kopce-za-volvo-penta-dpx-sterndrive\/","title":{"rendered":"Orbitrade 19638 Cink anoda za ku\u010di\u0161te kop\u010de za Volvo Penta DPX Sterndrive"},"content":{"rendered":"<p>Orbitrade 19638 Cink anoda za ku\u010di\u0161te kop\u010de za Volvo Penta DPX Sterndrive &#8211; <\/p>\n<div class=\"col-24 col-md-15\">\n<p>Orbitrade Marine cinkovana anoda dizajnirana je za zamjenu Volvo dijela broj 876638. Ova anoda je pogodna za pri\u010dvr\u0161\u0107ivanje na donji ku\u0107i\u0161te mjenja\u010da radi za\u0161tite od elektrolitske korozije. Cinkovna anoda pogodna je za sljede\u0107e Volvo Penta sterndrives:<\/p>\n<p>DPX-A, DPX-C, DPX-R, DPX-S i DPX-S1.<\/p>\n<\/div>\n<h3>Specifikacije<\/h3>\n<table class=\"table\">\n<tbody>\n<tr>\n<td><strong>Brend<\/strong><\/td>\n<td>Orbitrade Marine<\/td>\n<\/tr>\n<tr>\n<td><strong>Materijal<\/strong><\/td>\n<td>Cink<\/td>\n<\/tr>\n<tr>\n<td><strong>Zamjenjuje<\/strong><\/td>\n<td>Volvo 876638<\/td>\n<\/tr>\n<tr>\n<td><strong>Opis stila<\/strong><\/td>\n<td>Prava anoda<\/td>\n<\/tr>\n<tr>\n<td><strong>Prikladnost<\/strong><\/td>\n<td>Volvo Penta DPX<\/td>\n<\/tr>\n<\/tbody>\n<\/table>\n","protected":false},"excerpt":{"rendered":"<p>Orbitrade 19638 Cink anoda za ku\u010di\u0161te kop\u010de za Volvo Penta DPX Sterndrive &#8211; Orbitrade Marine cinkovana anoda dizajnirana je za<\/p>\n","protected":false},"featured_media":5944768,"comment_status":"closed","ping_status":"closed","template":"","meta":[],"product_brand":[3226],"product_cat":[1829],"product_tag":[],"class_list":{"0":"post-3691018","1":"product","2":"type-product","3":"status-publish","4":"has-post-thumbnail","6":"product_brand-orbitrade-marine-hr","7":"product_cat-rezervni-dijelovi-za-motore-volvo-penta","9":"first","10":"instock","11":"shipping-taxable","12":"purchasable","13":"product-type-simple"},"_links":{"self":[{"href":"https:\/\/stoic-curie.212-227-153-4.plesk.page\/hr\/wp-json\/wp\/v2\/product\/3691018","targetHints":{"allow":["GET"]}}],"collection":[{"href":"https:\/\/stoic-curie.212-227-153-4.plesk.page\/hr\/wp-json\/wp\/v2\/product"}],"about":[{"href":"https:\/\/stoic-curie.212-227-153-4.plesk.page\/hr\/wp-json\/wp\/v2\/types\/product"}],"replies":[{"embeddable":true,"href":"https:\/\/stoic-curie.212-227-153-4.plesk.page\/hr\/wp-json\/wp\/v2\/comments?post=3691018"}],"version-history":[{"count":0,"href":"https:\/\/stoic-curie.212-227-153-4.plesk.page\/hr\/wp-json\/wp\/v2\/product\/3691018\/revisions"}],"wp:featuredmedia":[{"embeddable":true,"href":"https:\/\/stoic-curie.212-227-153-4.plesk.page\/hr\/wp-json\/wp\/v2\/media\/5944768"}],"wp:attachment":[{"href":"https:\/\/stoic-curie.212-227-153-4.plesk.page\/hr\/wp-json\/wp\/v2\/media?parent=3691018"}],"wp:term":[{"taxonomy":"product_brand","embeddable":true,"href":"https:\/\/stoic-curie.212-227-153-4.plesk.page\/hr\/wp-json\/wp\/v2\/product_brand?post=3691018"},{"taxonomy":"product_cat","embeddable":true,"href":"https:\/\/stoic-curie.212-227-153-4.plesk.page\/hr\/wp-json\/wp\/v2\/product_cat?post=3691018"},{"taxonomy":"product_tag","embeddable":true,"href":"https:\/\/stoic-curie.212-227-153-4.plesk.page\/hr\/wp-json\/wp\/v2\/product_tag?post=3691018"}],"curies":[{"name":"wp","href":"https:\/\/api.w.org\/{rel}","templated":true}]}}