{"id":3691019,"date":"2025-10-13T13:45:19","date_gmt":"2025-10-13T17:45:19","guid":{"rendered":"https:\/\/stoic-curie.212-227-153-4.plesk.page\/product\/bijela-vatrogasna-vrata-s-adapterom-za-crijevo-od-90-stupnjeva-za-aparat-za-gasenje-pozara\/"},"modified":"2026-02-25T00:01:07","modified_gmt":"2026-02-25T00:01:07","slug":"bijela-vatrogasna-vrata-s-adapterom-za-crijevo-od-90-stupnjeva-za-aparat-za-gasenje-pozara","status":"publish","type":"product","link":"https:\/\/stoic-curie.212-227-153-4.plesk.page\/hr\/product\/bijela-vatrogasna-vrata-s-adapterom-za-crijevo-od-90-stupnjeva-za-aparat-za-gasenje-pozara\/","title":{"rendered":"Bijela vatrogasna vrata s adapterom za crijevo od 90 stupnjeva za aparat za ga\u0161enje po\u017eara"},"content":{"rendered":"<p>Bijela vatrogasna vrata s adapterom za crijevo od 90 stupnjeva za aparat za ga\u0161enje po\u017eara &#8211; <\/p>\n<div class=\"col-24 col-md-15\">\n<p>Prolaz za vatru pru\u017ea ekonomi\u010dno rje\u0161enje za za\u0161titu va\u0161ih putnika i posade na brodu omogu\u0107uju\u0107i vam vizualnu inspekciju i ispu\u0161tanje aparata za ga\u0161enje po\u017eara u prostor motora ili bilo koje drugo zatvoreno podru\u010dje kada je prisutna vatra. Prolaz za vatru dolazi s bijelim plasti\u010dnim rubom, 90\u00b0 crijevom, vodonepropusnim prozirnim inspekcijskim portom i bijelim plasti\u010dnim mati\u010dnim maticama. Ovaj model prolaza za vatru Osculati pogodan je za monta\u017eu na zid ili pod i mo\u017ee se povezati s kutijom motora ili drugim zatvorenim prostorima cijevi.<\/p>\n<p>U slu\u010daju po\u017eara, jednostavno postavljanje mlaznice aparata za ga\u0161enje po\u017eara kroz prolaz za vatru i ispu\u0161tanje omogu\u0107uje ga\u0161enje vatre bez otvaranja dodatnih inspekcijskih otvora, \u0161to mo\u017ee dodati dodatni kisik u vatru i potaknuti rizik. Budu\u0107i da se prolaz za vatru mo\u017ee koristiti bez otvaranja dodatnih otvora, to omogu\u0107uje sadr\u017eaju aparata za ga\u0161enje da cilja samo na zahva\u0107eno podru\u010dje, bez raspr\u0161ivanja u druge dijelove broda.<\/p>\n<p>Instalacija prolaza za vatru toplo se preporu\u010duje prema CE i A.B.Y.C. direktivama i mo\u017ee se lako instalirati jednostavnim izrezivanjem potrebne veli\u010dine od 38 mm.<\/p>\n<\/div>\n<h3>Specifikacije<\/h3>\n<table class=\"table\">\n<tbody>\n<tr>\n<td><strong>Veli\u010dina crijeva<\/strong><\/td>\n<td>38mm \/ 1-1\/2&#8243;<\/td>\n<\/tr>\n<tr>\n<td><strong>Brend<\/strong><\/td>\n<td>Osculati<\/td>\n<\/tr>\n<tr>\n<td><strong>Izrada<\/strong><\/td>\n<td>Brtvena plastika, mati\u010dna matica, izlaz crijeva i PVC membrana<\/td>\n<\/tr>\n<tr>\n<td><strong>Promjer<\/strong><\/td>\n<td>Izrez: 50mm (2&#8243;), OD: 70mm (2-3\/4&#8243;)<\/td>\n<\/tr>\n<tr>\n<td><strong>Dubina<\/strong><\/td>\n<td>Maksimalni obru\u0161ak od 19mm<\/td>\n<\/tr>\n<\/tbody>\n<\/table>\n","protected":false},"excerpt":{"rendered":"<p>Bijela vatrogasna vrata s adapterom za crijevo od 90 stupnjeva za aparat za ga\u0161enje po\u017eara &#8211; Prolaz za vatru pru\u017ea<\/p>\n","protected":false},"featured_media":5944776,"comment_status":"closed","ping_status":"closed","template":"","meta":[],"product_brand":[2776],"product_cat":[1600],"product_tag":[],"class_list":{"0":"post-3691019","1":"product","2":"type-product","3":"status-publish","4":"has-post-thumbnail","6":"product_brand-anaf-marine-hr","7":"product_cat-brodski-aparati-za-gasenje-pozara","9":"first","10":"instock","11":"shipping-taxable","12":"purchasable","13":"product-type-simple"},"_links":{"self":[{"href":"https:\/\/stoic-curie.212-227-153-4.plesk.page\/hr\/wp-json\/wp\/v2\/product\/3691019","targetHints":{"allow":["GET"]}}],"collection":[{"href":"https:\/\/stoic-curie.212-227-153-4.plesk.page\/hr\/wp-json\/wp\/v2\/product"}],"about":[{"href":"https:\/\/stoic-curie.212-227-153-4.plesk.page\/hr\/wp-json\/wp\/v2\/types\/product"}],"replies":[{"embeddable":true,"href":"https:\/\/stoic-curie.212-227-153-4.plesk.page\/hr\/wp-json\/wp\/v2\/comments?post=3691019"}],"version-history":[{"count":0,"href":"https:\/\/stoic-curie.212-227-153-4.plesk.page\/hr\/wp-json\/wp\/v2\/product\/3691019\/revisions"}],"wp:featuredmedia":[{"embeddable":true,"href":"https:\/\/stoic-curie.212-227-153-4.plesk.page\/hr\/wp-json\/wp\/v2\/media\/5944776"}],"wp:attachment":[{"href":"https:\/\/stoic-curie.212-227-153-4.plesk.page\/hr\/wp-json\/wp\/v2\/media?parent=3691019"}],"wp:term":[{"taxonomy":"product_brand","embeddable":true,"href":"https:\/\/stoic-curie.212-227-153-4.plesk.page\/hr\/wp-json\/wp\/v2\/product_brand?post=3691019"},{"taxonomy":"product_cat","embeddable":true,"href":"https:\/\/stoic-curie.212-227-153-4.plesk.page\/hr\/wp-json\/wp\/v2\/product_cat?post=3691019"},{"taxonomy":"product_tag","embeddable":true,"href":"https:\/\/stoic-curie.212-227-153-4.plesk.page\/hr\/wp-json\/wp\/v2\/product_tag?post=3691019"}],"curies":[{"name":"wp","href":"https:\/\/api.w.org\/{rel}","templated":true}]}}