{"id":3691020,"date":"2025-10-13T13:45:19","date_gmt":"2025-10-13T17:45:19","guid":{"rendered":"https:\/\/stoic-curie.212-227-153-4.plesk.page\/product\/ravna-ploca-za-pricvrscivanje-plinske-opruge-pin-8-mm\/"},"modified":"2026-02-25T00:01:07","modified_gmt":"2026-02-25T00:01:07","slug":"ravna-ploca-za-pricvrscivanje-plinske-opruge-pin-8-mm","status":"publish","type":"product","link":"https:\/\/stoic-curie.212-227-153-4.plesk.page\/hr\/product\/ravna-ploca-za-pricvrscivanje-plinske-opruge-pin-8-mm\/","title":{"rendered":"Ravna plo\u010da za pri\u010dvr\u0161\u0107ivanje plinske opruge (Pin 8 Mm)"},"content":{"rendered":"<p>Ravna plo\u010da za pri\u010dvr\u0161\u0107ivanje plinske opruge (Pin 8 Mm) &#8211; <\/p>\n<div class=\"col-24\" col-md-15=\"\">\n<p>Osculati plosna plo\u010da za pri\u010dvr\u0161\u0107ivanje plina izra\u0111ena od nehr\u0111aju\u0107eg \u010delika, \u0161irine 50 mm i duljine 60 mm. Plo\u010da za pri\u010dvr\u0161\u0107ivanje ima iglu promjera 8 mm.<\/p>\n<\/div>\n<h3>Tehni\u010dke specifikacije<\/h3>\n<table class=\"table\">\n<tbody>\n<tr>\n<td><strong>Marka<\/strong><\/td>\n<td>Osculati<\/td>\n<\/tr>\n<tr>\n<td><strong>Materijal<\/strong><\/td>\n<td>Nehr\u0111aju\u0107i \u010celik<\/td>\n<\/tr>\n<tr>\n<td><strong>Dimenzije<\/strong><\/td>\n<td>\u0160irina: 50 mm, Duljina: 60 mm<\/td>\n<\/tr>\n<\/tbody>\n<\/table>\n","protected":false},"excerpt":{"rendered":"<p>Ravna plo\u010da za pri\u010dvr\u0161\u0107ivanje plinske opruge (Pin 8 Mm) &#8211; Osculati plosna plo\u010da za pri\u010dvr\u0161\u0107ivanje plina izra\u0111ena od nehr\u0111aju\u0107eg \u010delika,<\/p>\n","protected":false},"featured_media":5944779,"comment_status":"closed","ping_status":"closed","template":"","meta":[],"product_brand":[3501],"product_cat":[1688],"product_tag":[],"class_list":{"0":"post-3691020","1":"product","2":"type-product","3":"status-publish","4":"has-post-thumbnail","6":"product_brand-ultraflex-uflex-hr","7":"product_cat-plinske-opruge-za-poklopce","9":"first","10":"instock","11":"shipping-taxable","12":"purchasable","13":"product-type-simple"},"_links":{"self":[{"href":"https:\/\/stoic-curie.212-227-153-4.plesk.page\/hr\/wp-json\/wp\/v2\/product\/3691020","targetHints":{"allow":["GET"]}}],"collection":[{"href":"https:\/\/stoic-curie.212-227-153-4.plesk.page\/hr\/wp-json\/wp\/v2\/product"}],"about":[{"href":"https:\/\/stoic-curie.212-227-153-4.plesk.page\/hr\/wp-json\/wp\/v2\/types\/product"}],"replies":[{"embeddable":true,"href":"https:\/\/stoic-curie.212-227-153-4.plesk.page\/hr\/wp-json\/wp\/v2\/comments?post=3691020"}],"version-history":[{"count":0,"href":"https:\/\/stoic-curie.212-227-153-4.plesk.page\/hr\/wp-json\/wp\/v2\/product\/3691020\/revisions"}],"wp:featuredmedia":[{"embeddable":true,"href":"https:\/\/stoic-curie.212-227-153-4.plesk.page\/hr\/wp-json\/wp\/v2\/media\/5944779"}],"wp:attachment":[{"href":"https:\/\/stoic-curie.212-227-153-4.plesk.page\/hr\/wp-json\/wp\/v2\/media?parent=3691020"}],"wp:term":[{"taxonomy":"product_brand","embeddable":true,"href":"https:\/\/stoic-curie.212-227-153-4.plesk.page\/hr\/wp-json\/wp\/v2\/product_brand?post=3691020"},{"taxonomy":"product_cat","embeddable":true,"href":"https:\/\/stoic-curie.212-227-153-4.plesk.page\/hr\/wp-json\/wp\/v2\/product_cat?post=3691020"},{"taxonomy":"product_tag","embeddable":true,"href":"https:\/\/stoic-curie.212-227-153-4.plesk.page\/hr\/wp-json\/wp\/v2\/product_tag?post=3691020"}],"curies":[{"name":"wp","href":"https:\/\/api.w.org\/{rel}","templated":true}]}}