{"id":3691022,"date":"2025-10-13T13:45:20","date_gmt":"2025-10-13T17:45:20","guid":{"rendered":"https:\/\/stoic-curie.212-227-153-4.plesk.page\/product\/elektricni-vodootporni-okretni-prekidac-dva-polozaja\/"},"modified":"2026-02-25T00:01:07","modified_gmt":"2026-02-25T00:01:07","slug":"elektricni-vodootporni-okretni-prekidac-dva-polozaja","status":"publish","type":"product","link":"https:\/\/stoic-curie.212-227-153-4.plesk.page\/hr\/product\/elektricni-vodootporni-okretni-prekidac-dva-polozaja\/","title":{"rendered":"Elektricni vodootporni okretni prekida\u010d (dva polo\u017eaja)"},"content":{"rendered":"<p>Elektricni vodootporni okretni prekida\u010d (dva polo\u017eaja) &#8211; Neosvijetljeni, vodootporni prekida\u010d. Ovaj prekida\u010d ima 2 polo\u017eaja i uklju\u010duje i isklju\u010duje.<\/p>\n<p>Prekida\u010d:<br \/>\n&#8211; Irez: 12mm<br \/>\n&#8211; Napon: 12V<br \/>\n&#8211; Struja: 15A<\/p>\n<p>Specifikacije:<br \/>\n&#8211; Amperi: Maksimalna struja prebacivanja: 15A<br \/>\n&#8211; Napon: 12V DC<br \/>\n&#8211; Marko: Elektri\u010dni<\/p>\n","protected":false},"excerpt":{"rendered":"<p>Elektricni vodootporni okretni prekida\u010d (dva polo\u017eaja) &#8211; Neosvijetljeni, vodootporni prekida\u010d. Ovaj prekida\u010d ima 2 polo\u017eaja i uklju\u010duje i isklju\u010duje. Prekida\u010d:<\/p>\n","protected":false},"featured_media":5944782,"comment_status":"closed","ping_status":"closed","template":"","meta":[],"product_brand":[2831],"product_cat":[1743],"product_tag":[],"class_list":{"0":"post-3691022","1":"product","2":"type-product","3":"status-publish","4":"has-post-thumbnail","6":"product_brand-blue-sea-systems-hr","7":"product_cat-elektricni-prekidaci","9":"first","10":"instock","11":"shipping-taxable","12":"purchasable","13":"product-type-simple"},"_links":{"self":[{"href":"https:\/\/stoic-curie.212-227-153-4.plesk.page\/hr\/wp-json\/wp\/v2\/product\/3691022","targetHints":{"allow":["GET"]}}],"collection":[{"href":"https:\/\/stoic-curie.212-227-153-4.plesk.page\/hr\/wp-json\/wp\/v2\/product"}],"about":[{"href":"https:\/\/stoic-curie.212-227-153-4.plesk.page\/hr\/wp-json\/wp\/v2\/types\/product"}],"replies":[{"embeddable":true,"href":"https:\/\/stoic-curie.212-227-153-4.plesk.page\/hr\/wp-json\/wp\/v2\/comments?post=3691022"}],"version-history":[{"count":0,"href":"https:\/\/stoic-curie.212-227-153-4.plesk.page\/hr\/wp-json\/wp\/v2\/product\/3691022\/revisions"}],"wp:featuredmedia":[{"embeddable":true,"href":"https:\/\/stoic-curie.212-227-153-4.plesk.page\/hr\/wp-json\/wp\/v2\/media\/5944782"}],"wp:attachment":[{"href":"https:\/\/stoic-curie.212-227-153-4.plesk.page\/hr\/wp-json\/wp\/v2\/media?parent=3691022"}],"wp:term":[{"taxonomy":"product_brand","embeddable":true,"href":"https:\/\/stoic-curie.212-227-153-4.plesk.page\/hr\/wp-json\/wp\/v2\/product_brand?post=3691022"},{"taxonomy":"product_cat","embeddable":true,"href":"https:\/\/stoic-curie.212-227-153-4.plesk.page\/hr\/wp-json\/wp\/v2\/product_cat?post=3691022"},{"taxonomy":"product_tag","embeddable":true,"href":"https:\/\/stoic-curie.212-227-153-4.plesk.page\/hr\/wp-json\/wp\/v2\/product_tag?post=3691022"}],"curies":[{"name":"wp","href":"https:\/\/api.w.org\/{rel}","templated":true}]}}