{"id":3691023,"date":"2025-10-13T13:45:20","date_gmt":"2025-10-13T17:45:20","guid":{"rendered":"https:\/\/stoic-curie.212-227-153-4.plesk.page\/product\/perko-1247-plasticni-kljuc-za-palubni-poklopac-28mm-lugs\/"},"modified":"2026-02-25T00:01:07","modified_gmt":"2026-02-25T00:01:07","slug":"perko-1247-plasticni-kljuc-za-palubni-poklopac-28mm-lugs","status":"publish","type":"product","link":"https:\/\/stoic-curie.212-227-153-4.plesk.page\/hr\/product\/perko-1247-plasticni-kljuc-za-palubni-poklopac-28mm-lugs\/","title":{"rendered":"Perko 1247 plasti\u010dni klju\u010d za palubni poklopac (28mm Lugs)"},"content":{"rendered":"<p>Perko 1247 plasti\u010dni klju\u010d za palubni poklopac (28mm Lugs) &#8211; Perko broja dijela: 1247DP0BLK. Perko 1247 klju\u010d za poklopac palube za punja\u010de palube ima crnu plasti\u010dnu konstrukciju i ima rupu za pri\u010dvr\u0161\u0107ivanje na privjesak za klju\u010deve. Ovaj klju\u010d za poklopac palube uklju\u010duje pipke i utor. Prilago\u0111en je Perko 32 mm (1-1\/4&#8243;) i 38 mm (1-1\/2&#8243;) poklopcima palube, kao i mnogim drugim &#8216;utorna&#8217; tipovima poklopaca palube. Tako\u0111er dostupan u &#8216;paketu na veliko&#8217; za OEM upotrebu. Veli\u010dina kutije je 50 komada. Naru\u010dite 50 x 1247000BLK. Specifikacije: Duljina: Ukupno: 44 mm (1-3\/4&#8243;), \u0160pica: 25 mm (1&#8243;). Marka: Perko. Konstrukcija: Plastika. Dimenzije: Od sredi\u0161ta do sredi\u0161ta lugova: 28,5 mm (1-1\/8&#8243;). Prikladnost: Prilago\u0111ava se Perko 1-1\/4&#8243; &#038; 1-1\/2&#8243; poklopcima palube.<\/p>\n","protected":false},"excerpt":{"rendered":"<p>Perko 1247 plasti\u010dni klju\u010d za palubni poklopac (28mm Lugs) &#8211; Perko broja dijela: 1247DP0BLK. Perko 1247 klju\u010d za poklopac palube<\/p>\n","protected":false},"featured_media":5944785,"comment_status":"closed","ping_status":"closed","template":"","meta":[],"product_brand":[3206],"product_cat":[1801,1668],"product_tag":[],"class_list":{"0":"post-3691023","1":"product","2":"type-product","3":"status-publish","4":"has-post-thumbnail","6":"product_brand-nova-argonautica-hr","7":"product_cat-cepovi-za-punjenje-goriva","8":"product_cat-palubni-otvori-za-punjenje-vode","10":"first","11":"instock","12":"shipping-taxable","13":"purchasable","14":"product-type-simple"},"_links":{"self":[{"href":"https:\/\/stoic-curie.212-227-153-4.plesk.page\/hr\/wp-json\/wp\/v2\/product\/3691023","targetHints":{"allow":["GET"]}}],"collection":[{"href":"https:\/\/stoic-curie.212-227-153-4.plesk.page\/hr\/wp-json\/wp\/v2\/product"}],"about":[{"href":"https:\/\/stoic-curie.212-227-153-4.plesk.page\/hr\/wp-json\/wp\/v2\/types\/product"}],"replies":[{"embeddable":true,"href":"https:\/\/stoic-curie.212-227-153-4.plesk.page\/hr\/wp-json\/wp\/v2\/comments?post=3691023"}],"version-history":[{"count":0,"href":"https:\/\/stoic-curie.212-227-153-4.plesk.page\/hr\/wp-json\/wp\/v2\/product\/3691023\/revisions"}],"wp:featuredmedia":[{"embeddable":true,"href":"https:\/\/stoic-curie.212-227-153-4.plesk.page\/hr\/wp-json\/wp\/v2\/media\/5944785"}],"wp:attachment":[{"href":"https:\/\/stoic-curie.212-227-153-4.plesk.page\/hr\/wp-json\/wp\/v2\/media?parent=3691023"}],"wp:term":[{"taxonomy":"product_brand","embeddable":true,"href":"https:\/\/stoic-curie.212-227-153-4.plesk.page\/hr\/wp-json\/wp\/v2\/product_brand?post=3691023"},{"taxonomy":"product_cat","embeddable":true,"href":"https:\/\/stoic-curie.212-227-153-4.plesk.page\/hr\/wp-json\/wp\/v2\/product_cat?post=3691023"},{"taxonomy":"product_tag","embeddable":true,"href":"https:\/\/stoic-curie.212-227-153-4.plesk.page\/hr\/wp-json\/wp\/v2\/product_tag?post=3691023"}],"curies":[{"name":"wp","href":"https:\/\/api.w.org\/{rel}","templated":true}]}}