{"id":3691024,"date":"2025-10-13T13:45:20","date_gmt":"2025-10-13T17:45:20","guid":{"rendered":"https:\/\/stoic-curie.212-227-153-4.plesk.page\/product\/kljuc-od-nehrdajuceg-celika-za-uljeve-na-palubi-4dek-kapica-za-vitlo\/"},"modified":"2026-02-25T00:01:07","modified_gmt":"2026-02-25T00:01:07","slug":"kljuc-od-nehrdajuceg-celika-za-uljeve-na-palubi-4dek-kapica-za-vitlo","status":"publish","type":"product","link":"https:\/\/stoic-curie.212-227-153-4.plesk.page\/hr\/product\/kljuc-od-nehrdajuceg-celika-za-uljeve-na-palubi-4dek-kapica-za-vitlo\/","title":{"rendered":"Kljuc od nehr\u0111aju\u0107eg \u010delika za uljeve na palubi 4Dek (kapica za vitlo)"},"content":{"rendered":"<p>Kljuc od nehr\u0111aju\u0107eg \u010delika za uljeve na palubi 4Dek (kapica za vitlo) &#8211; Klju\u010d za dektoo od nehr\u0111aju\u0107eg \u010delika 316 pogodan za \u010depove za punjenje tipa uti\u010dnice za vitlo. Ovaj klju\u010d ima vanjski promjer od 25 mm u obliku zvijezde.<\/p>\n<p>### Tehni\u010dke specifikacije<\/p>\n<p>| **Marka**                | 4Dek |<br \/>\n|&#8212;&#8212;&#8212;&#8212;&#8212;&#8212;&#8212;&#8212;&#8212;|&#8212;&#8212;-|<br \/>\n| **Materijal**            | Nehr\u0111aju\u0107i \u010celik Marine Grade 316 |<br \/>\n| **Dimenzije**            | Zvijezda od 25 mm OD |<br \/>\n| **Prikladnost**          | \u010cepovi za punjenje uti\u010dnica za vitlo |<\/p>\n","protected":false},"excerpt":{"rendered":"<p>Kljuc od nehr\u0111aju\u0107eg \u010delika za uljeve na palubi 4Dek (kapica za vitlo) &#8211; Klju\u010d za dektoo od nehr\u0111aju\u0107eg \u010delika 316<\/p>\n","protected":false},"featured_media":5944786,"comment_status":"closed","ping_status":"closed","template":"","meta":[],"product_brand":[3121],"product_cat":[1668],"product_tag":[],"class_list":{"0":"post-3691024","1":"product","2":"type-product","3":"status-publish","4":"has-post-thumbnail","6":"product_brand-marinetech-hr","7":"product_cat-palubni-otvori-za-punjenje-vode","9":"first","10":"instock","11":"shipping-taxable","12":"purchasable","13":"product-type-simple"},"_links":{"self":[{"href":"https:\/\/stoic-curie.212-227-153-4.plesk.page\/hr\/wp-json\/wp\/v2\/product\/3691024","targetHints":{"allow":["GET"]}}],"collection":[{"href":"https:\/\/stoic-curie.212-227-153-4.plesk.page\/hr\/wp-json\/wp\/v2\/product"}],"about":[{"href":"https:\/\/stoic-curie.212-227-153-4.plesk.page\/hr\/wp-json\/wp\/v2\/types\/product"}],"replies":[{"embeddable":true,"href":"https:\/\/stoic-curie.212-227-153-4.plesk.page\/hr\/wp-json\/wp\/v2\/comments?post=3691024"}],"version-history":[{"count":0,"href":"https:\/\/stoic-curie.212-227-153-4.plesk.page\/hr\/wp-json\/wp\/v2\/product\/3691024\/revisions"}],"wp:featuredmedia":[{"embeddable":true,"href":"https:\/\/stoic-curie.212-227-153-4.plesk.page\/hr\/wp-json\/wp\/v2\/media\/5944786"}],"wp:attachment":[{"href":"https:\/\/stoic-curie.212-227-153-4.plesk.page\/hr\/wp-json\/wp\/v2\/media?parent=3691024"}],"wp:term":[{"taxonomy":"product_brand","embeddable":true,"href":"https:\/\/stoic-curie.212-227-153-4.plesk.page\/hr\/wp-json\/wp\/v2\/product_brand?post=3691024"},{"taxonomy":"product_cat","embeddable":true,"href":"https:\/\/stoic-curie.212-227-153-4.plesk.page\/hr\/wp-json\/wp\/v2\/product_cat?post=3691024"},{"taxonomy":"product_tag","embeddable":true,"href":"https:\/\/stoic-curie.212-227-153-4.plesk.page\/hr\/wp-json\/wp\/v2\/product_tag?post=3691024"}],"curies":[{"name":"wp","href":"https:\/\/api.w.org\/{rel}","templated":true}]}}