{"id":3691025,"date":"2025-10-13T13:45:20","date_gmt":"2025-10-13T17:45:20","guid":{"rendered":"https:\/\/stoic-curie.212-227-153-4.plesk.page\/product\/jg-speedfit-cijevni-konektor-za-15mm-cijev-3-4-bsp-zenski\/"},"modified":"2026-02-25T00:01:07","modified_gmt":"2026-02-25T00:01:07","slug":"jg-speedfit-cijevni-konektor-za-15mm-cijev-3-4-bsp-zenski","status":"publish","type":"product","link":"https:\/\/stoic-curie.212-227-153-4.plesk.page\/hr\/product\/jg-speedfit-cijevni-konektor-za-15mm-cijev-3-4-bsp-zenski\/","title":{"rendered":"JG Speedfit cijevni konektor za 15mm cijev (3\/4&#8243; BSP \u017eenski)"},"content":{"rendered":"<p>JG Speedfit cijevni konektor za 15mm cijev (3\/4&#8243; BSP \u017eenski) &#8211; John Guest Speedfit plasti\u010dni priklju\u010dak za brzi spoj pogodan je za povezivanje plasti\u010dnih ili bakrenih cijevi u sustavima s toplom ili hladnom vodom. \u017denski spoj sadr\u017ei 3\/4&#8243; BSP \u017eensku vezu i Speedfit vezu za cijevi od 15 mm. Ovaj spoj je bez olova, netoksi\u010dan i slobodan od naslaga kamenca i korozije. Da biste instalirali, jednostavno gurnite spoj potpuno na cijev i okrenite plasti\u010dnu maticu u smjeru kazaljke na satu da biste je zaklju\u010dali na mjestu. Da biste uklonili vezu, otklju\u010dajte maticu i gurnite collet prema tijelu spojke dok vu\u010dete cijev da biste je oslobodili. Spoj za brzi spoj olak\u0161ava instalaciju u uskim prostorima, a vrijeme instalacije mo\u017ee se smanjiti za oko 40% u usporedbi s standardnim metodama pri\u010dvr\u0161\u0107ivanja.<\/p>\n","protected":false},"excerpt":{"rendered":"<p>JG Speedfit cijevni konektor za 15mm cijev (3\/4&#8243; BSP \u017eenski) &#8211; John Guest Speedfit plasti\u010dni priklju\u010dak za brzi spoj pogodan<\/p>\n","protected":false},"featured_media":5944792,"comment_status":"closed","ping_status":"closed","template":"","meta":[],"product_brand":[3426],"product_cat":[1661],"product_tag":[],"class_list":{"0":"post-3691025","1":"product","2":"type-product","3":"status-publish","4":"has-post-thumbnail","6":"product_brand-speedfit-hr","7":"product_cat-elementi-brodskog-vovovoda-plastika","9":"first","10":"instock","11":"shipping-taxable","12":"purchasable","13":"product-type-simple"},"_links":{"self":[{"href":"https:\/\/stoic-curie.212-227-153-4.plesk.page\/hr\/wp-json\/wp\/v2\/product\/3691025","targetHints":{"allow":["GET"]}}],"collection":[{"href":"https:\/\/stoic-curie.212-227-153-4.plesk.page\/hr\/wp-json\/wp\/v2\/product"}],"about":[{"href":"https:\/\/stoic-curie.212-227-153-4.plesk.page\/hr\/wp-json\/wp\/v2\/types\/product"}],"replies":[{"embeddable":true,"href":"https:\/\/stoic-curie.212-227-153-4.plesk.page\/hr\/wp-json\/wp\/v2\/comments?post=3691025"}],"version-history":[{"count":0,"href":"https:\/\/stoic-curie.212-227-153-4.plesk.page\/hr\/wp-json\/wp\/v2\/product\/3691025\/revisions"}],"wp:featuredmedia":[{"embeddable":true,"href":"https:\/\/stoic-curie.212-227-153-4.plesk.page\/hr\/wp-json\/wp\/v2\/media\/5944792"}],"wp:attachment":[{"href":"https:\/\/stoic-curie.212-227-153-4.plesk.page\/hr\/wp-json\/wp\/v2\/media?parent=3691025"}],"wp:term":[{"taxonomy":"product_brand","embeddable":true,"href":"https:\/\/stoic-curie.212-227-153-4.plesk.page\/hr\/wp-json\/wp\/v2\/product_brand?post=3691025"},{"taxonomy":"product_cat","embeddable":true,"href":"https:\/\/stoic-curie.212-227-153-4.plesk.page\/hr\/wp-json\/wp\/v2\/product_cat?post=3691025"},{"taxonomy":"product_tag","embeddable":true,"href":"https:\/\/stoic-curie.212-227-153-4.plesk.page\/hr\/wp-json\/wp\/v2\/product_tag?post=3691025"}],"curies":[{"name":"wp","href":"https:\/\/api.w.org\/{rel}","templated":true}]}}