{"id":3691027,"date":"2025-10-13T13:45:21","date_gmt":"2025-10-13T17:45:21","guid":{"rendered":"https:\/\/stoic-curie.212-227-153-4.plesk.page\/product\/skoljkasti-odzracnik-tanka-sa-gazom-maestrini-kromirani-mesing-3-8-bsp\/"},"modified":"2026-02-25T00:01:07","modified_gmt":"2026-02-25T00:01:07","slug":"skoljkasti-odzracnik-tanka-sa-gazom-maestrini-kromirani-mesing-3-8-bsp","status":"publish","type":"product","link":"https:\/\/stoic-curie.212-227-153-4.plesk.page\/hr\/product\/skoljkasti-odzracnik-tanka-sa-gazom-maestrini-kromirani-mesing-3-8-bsp\/","title":{"rendered":"\u0160koljkasti odzra\u010dnik tanka, sa gazom, Maestrini kromirani mesing (3\/8&#8243; BSP)"},"content":{"rendered":"<p>\u0160koljkasti odzra\u010dnik tanka, sa gazom, Maestrini kromirani mesing (3\/8&#8243; BSP) &#8211; Ventil za spremnik od kromiranog mesinga, prikladan za kori\u0161tenje kao prolazni ventil za spremnike goriva, spremnike svje\u017ee vode i sustave zadr\u017eavanja. Navojni ventil za spremnik dolazi s nehr\u0111aju\u0107om mre\u017eicom protiv plamena, kao i s maticom i podlo\u0161kom od mesinga. <\/p>\n<h3>Specifikacije<\/h3>\n<table class='table'>\n<tbody>\n<tr>\n<td><strong>Duljina<\/strong><\/td>\n<td>Ukupno: 91,5 mm, \u0161koljka: 57 mm, navoj: 70,5 mm<\/td>\n<\/tr>\n<tr>\n<td><strong>\u0160irina<\/strong><\/td>\n<td>Maksimalna \u0161irina \u0161koljke: 35 mm<\/td>\n<\/tr>\n<tr>\n<td><strong>Marka<\/strong><\/td>\n<td>Maestrini<\/td>\n<\/tr>\n<tr>\n<td><strong>Zemlja podrijetla<\/strong><\/td>\n<td>Italija<\/td>\n<\/tr>\n<tr>\n<td><strong>Za\u0161tita od plamena<\/strong><\/td>\n<td>Da<\/td>\n<\/tr>\n<tr>\n<td><strong>Materijal<\/strong><\/td>\n<td>Kromirani mesing<\/td>\n<\/tr>\n<tr>\n<td><strong>Ocjena pritiska<\/strong><\/td>\n<td>580 PSI (40 Bar)<\/td>\n<\/tr>\n<tr>\n<td><strong>Zamjenjuje<\/strong><\/td>\n<td>Ventil spremnika 305200.<\/td>\n<\/tr>\n<tr>\n<td><strong>Oblik<\/strong><\/td>\n<td>Ravan<\/td>\n<\/tr>\n<tr>\n<td><strong>Veli\u010dina navoja<\/strong><\/td>\n<td>3\/8&#8243; BSP Mu\u0161ki<\/td>\n<\/tr>\n<\/tbody>\n<\/table>\n","protected":false},"excerpt":{"rendered":"<p>\u0160koljkasti odzra\u010dnik tanka, sa gazom, Maestrini kromirani mesing (3\/8&#8243; BSP) &#8211; Ventil za spremnik od kromiranog mesinga, prikladan za kori\u0161tenje<\/p>\n","protected":false},"featured_media":5944796,"comment_status":"closed","ping_status":"closed","template":"","meta":[],"product_brand":[3236],"product_cat":[1699,1800],"product_tag":[],"class_list":{"0":"post-3691027","1":"product","2":"type-product","3":"status-publish","4":"has-post-thumbnail","6":"product_brand-osculati-hr","7":"product_cat-palubni-ventilacijski-otvori","8":"product_cat-spremnici-goriva","10":"first","11":"instock","12":"shipping-taxable","13":"purchasable","14":"product-type-simple"},"_links":{"self":[{"href":"https:\/\/stoic-curie.212-227-153-4.plesk.page\/hr\/wp-json\/wp\/v2\/product\/3691027","targetHints":{"allow":["GET"]}}],"collection":[{"href":"https:\/\/stoic-curie.212-227-153-4.plesk.page\/hr\/wp-json\/wp\/v2\/product"}],"about":[{"href":"https:\/\/stoic-curie.212-227-153-4.plesk.page\/hr\/wp-json\/wp\/v2\/types\/product"}],"replies":[{"embeddable":true,"href":"https:\/\/stoic-curie.212-227-153-4.plesk.page\/hr\/wp-json\/wp\/v2\/comments?post=3691027"}],"version-history":[{"count":0,"href":"https:\/\/stoic-curie.212-227-153-4.plesk.page\/hr\/wp-json\/wp\/v2\/product\/3691027\/revisions"}],"wp:featuredmedia":[{"embeddable":true,"href":"https:\/\/stoic-curie.212-227-153-4.plesk.page\/hr\/wp-json\/wp\/v2\/media\/5944796"}],"wp:attachment":[{"href":"https:\/\/stoic-curie.212-227-153-4.plesk.page\/hr\/wp-json\/wp\/v2\/media?parent=3691027"}],"wp:term":[{"taxonomy":"product_brand","embeddable":true,"href":"https:\/\/stoic-curie.212-227-153-4.plesk.page\/hr\/wp-json\/wp\/v2\/product_brand?post=3691027"},{"taxonomy":"product_cat","embeddable":true,"href":"https:\/\/stoic-curie.212-227-153-4.plesk.page\/hr\/wp-json\/wp\/v2\/product_cat?post=3691027"},{"taxonomy":"product_tag","embeddable":true,"href":"https:\/\/stoic-curie.212-227-153-4.plesk.page\/hr\/wp-json\/wp\/v2\/product_tag?post=3691027"}],"curies":[{"name":"wp","href":"https:\/\/api.w.org\/{rel}","templated":true}]}}