{"id":3691032,"date":"2025-10-13T13:45:22","date_gmt":"2025-10-13T17:45:22","guid":{"rendered":"https:\/\/stoic-curie.212-227-153-4.plesk.page\/product\/skoljkasti-odzracnik-tanka-sa-gazom-maestrini-kromirani-mesing-1-1-2-bsp\/"},"modified":"2026-02-25T00:01:07","modified_gmt":"2026-02-25T00:01:07","slug":"skoljkasti-odzracnik-tanka-sa-gazom-maestrini-kromirani-mesing-1-1-2-bsp","status":"publish","type":"product","link":"https:\/\/stoic-curie.212-227-153-4.plesk.page\/hr\/product\/skoljkasti-odzracnik-tanka-sa-gazom-maestrini-kromirani-mesing-1-1-2-bsp\/","title":{"rendered":"\u0160koljkasti odzra\u010dnik tanka, sa gazom, Maestrini kromirani mesing (1-1\/2&#8243; BSP)"},"content":{"rendered":"<p>\u0160koljkasti odzra\u010dnik tanka, sa gazom, Maestrini kromirani mesing (1-1\/2&#8243; BSP) &#8211; Maestrini ventil za rezervoare izra\u0111en je od kromiranog mesinga i pogodna je za kori\u0161tenje kao prolazni ventil za rezervoare goriva, rezervoare pitke vode i sabirne rezervoare. Navojni ventil dolazi s re\u0161etkom od nehr\u0111aju\u0107eg \u010delika otporne na plamen, kao i s pri\u010dvrsnom maticom i podlo\u0161kom od mesinga.<\/p>\n<p>Specifikacije:<br \/>\n&#8211; Duljina: Ukupno: 112 mm, Navoji: 79,5 mm<br \/>\n&#8211; Brand: Maestrini<br \/>\n&#8211; Zemlja podrijetla: Italija<br \/>\n&#8211; Ograni\u010diva\u010d plamena: Da<br \/>\n&#8211; Konstrukcija: Kromirani mesing<br \/>\n&#8211; Ocjena pritiska: 363 PSI (25 Bar)<br \/>\n&#8211; Oblik: Ravno<br \/>\n&#8211; Veli\u010dina navoja: 1-1\/2&#8243; BSP Mu\u0161ki<\/p>\n","protected":false},"excerpt":{"rendered":"<p>\u0160koljkasti odzra\u010dnik tanka, sa gazom, Maestrini kromirani mesing (1-1\/2&#8243; BSP) &#8211; Maestrini ventil za rezervoare izra\u0111en je od kromiranog mesinga<\/p>\n","protected":false},"featured_media":5944806,"comment_status":"closed","ping_status":"closed","template":"","meta":[],"product_brand":[3236],"product_cat":[1699,1800],"product_tag":[],"class_list":{"0":"post-3691032","1":"product","2":"type-product","3":"status-publish","4":"has-post-thumbnail","6":"product_brand-osculati-hr","7":"product_cat-palubni-ventilacijski-otvori","8":"product_cat-spremnici-goriva","10":"first","11":"instock","12":"shipping-taxable","13":"purchasable","14":"product-type-simple"},"_links":{"self":[{"href":"https:\/\/stoic-curie.212-227-153-4.plesk.page\/hr\/wp-json\/wp\/v2\/product\/3691032","targetHints":{"allow":["GET"]}}],"collection":[{"href":"https:\/\/stoic-curie.212-227-153-4.plesk.page\/hr\/wp-json\/wp\/v2\/product"}],"about":[{"href":"https:\/\/stoic-curie.212-227-153-4.plesk.page\/hr\/wp-json\/wp\/v2\/types\/product"}],"replies":[{"embeddable":true,"href":"https:\/\/stoic-curie.212-227-153-4.plesk.page\/hr\/wp-json\/wp\/v2\/comments?post=3691032"}],"version-history":[{"count":0,"href":"https:\/\/stoic-curie.212-227-153-4.plesk.page\/hr\/wp-json\/wp\/v2\/product\/3691032\/revisions"}],"wp:featuredmedia":[{"embeddable":true,"href":"https:\/\/stoic-curie.212-227-153-4.plesk.page\/hr\/wp-json\/wp\/v2\/media\/5944806"}],"wp:attachment":[{"href":"https:\/\/stoic-curie.212-227-153-4.plesk.page\/hr\/wp-json\/wp\/v2\/media?parent=3691032"}],"wp:term":[{"taxonomy":"product_brand","embeddable":true,"href":"https:\/\/stoic-curie.212-227-153-4.plesk.page\/hr\/wp-json\/wp\/v2\/product_brand?post=3691032"},{"taxonomy":"product_cat","embeddable":true,"href":"https:\/\/stoic-curie.212-227-153-4.plesk.page\/hr\/wp-json\/wp\/v2\/product_cat?post=3691032"},{"taxonomy":"product_tag","embeddable":true,"href":"https:\/\/stoic-curie.212-227-153-4.plesk.page\/hr\/wp-json\/wp\/v2\/product_tag?post=3691032"}],"curies":[{"name":"wp","href":"https:\/\/api.w.org\/{rel}","templated":true}]}}