{"id":3691033,"date":"2025-10-13T13:45:23","date_gmt":"2025-10-13T17:45:23","guid":{"rendered":"https:\/\/stoic-curie.212-227-153-4.plesk.page\/product\/driveforce-beneteau-jeanneau-prop-shaft-lezaj-22-x-29-x-75mm\/"},"modified":"2026-02-25T00:01:07","modified_gmt":"2026-02-25T00:01:07","slug":"driveforce-beneteau-jeanneau-prop-shaft-lezaj-22-x-29-x-75mm","status":"publish","type":"product","link":"https:\/\/stoic-curie.212-227-153-4.plesk.page\/hr\/product\/driveforce-beneteau-jeanneau-prop-shaft-lezaj-22-x-29-x-75mm\/","title":{"rendered":"DriveForce Beneteau Jeanneau Prop Shaft Le\u017eaj (22 x 29 x 75mm)"},"content":{"rendered":"<p>DriveForce Beneteau Jeanneau Prop Shaft Le\u017eaj (22 x 29 x 75mm) &#8211; Zamjenski \u010dahura le\u017eaja osovine dizajnirana za zamjenu specijalnog le\u017eaja osovine propelera koji se koristi na mnogim Beneteau jedrilicama, Jeanneau i Dufour. Ova le\u017eaj dolazi s 2 nemetalne lokacijske vijka. Ova le\u017eaj je za osovinu propelera promjera 22 mm i ima vanjski promjer od 29 mm x 75 mm du\u017eine. (debljina 3,5 mm)<\/p>\n<h3>Specifikacije<\/h3>\n<table class=\"table\">\n<tbody>\n<tr>\n<td><strong>Duljina<\/strong><\/td>\n<td>75 mm<\/td>\n<\/tr>\n<tr>\n<td><strong>Marka<\/strong><\/td>\n<td>Drive Force<\/td>\n<\/tr>\n<tr>\n<td><strong>Veli\u010dina osovine<\/strong><\/td>\n<td>22 mm<\/td>\n<\/tr>\n<tr>\n<td><strong>Promjer<\/strong><\/td>\n<td>OD: 29 mm<\/td>\n<\/tr>\n<tr>\n<td><strong>Debljina<\/strong><\/td>\n<td>3,5 mm<\/td>\n<\/tr>\n<\/tbody>\n<\/table>\n","protected":false},"excerpt":{"rendered":"<p>DriveForce Beneteau Jeanneau Prop Shaft Le\u017eaj (22 x 29 x 75mm) &#8211; Zamjenski \u010dahura le\u017eaja osovine dizajnirana za zamjenu specijalnog<\/p>\n","protected":false},"featured_media":5944816,"comment_status":"closed","ping_status":"closed","template":"","meta":[],"product_brand":[3226],"product_cat":[1812],"product_tag":[],"class_list":{"0":"post-3691033","1":"product","2":"type-product","3":"status-publish","4":"has-post-thumbnail","6":"product_brand-orbitrade-marine-hr","7":"product_cat-lezajevi-osovine-propelera","9":"first","10":"instock","11":"shipping-taxable","12":"purchasable","13":"product-type-simple"},"_links":{"self":[{"href":"https:\/\/stoic-curie.212-227-153-4.plesk.page\/hr\/wp-json\/wp\/v2\/product\/3691033","targetHints":{"allow":["GET"]}}],"collection":[{"href":"https:\/\/stoic-curie.212-227-153-4.plesk.page\/hr\/wp-json\/wp\/v2\/product"}],"about":[{"href":"https:\/\/stoic-curie.212-227-153-4.plesk.page\/hr\/wp-json\/wp\/v2\/types\/product"}],"replies":[{"embeddable":true,"href":"https:\/\/stoic-curie.212-227-153-4.plesk.page\/hr\/wp-json\/wp\/v2\/comments?post=3691033"}],"version-history":[{"count":0,"href":"https:\/\/stoic-curie.212-227-153-4.plesk.page\/hr\/wp-json\/wp\/v2\/product\/3691033\/revisions"}],"wp:featuredmedia":[{"embeddable":true,"href":"https:\/\/stoic-curie.212-227-153-4.plesk.page\/hr\/wp-json\/wp\/v2\/media\/5944816"}],"wp:attachment":[{"href":"https:\/\/stoic-curie.212-227-153-4.plesk.page\/hr\/wp-json\/wp\/v2\/media?parent=3691033"}],"wp:term":[{"taxonomy":"product_brand","embeddable":true,"href":"https:\/\/stoic-curie.212-227-153-4.plesk.page\/hr\/wp-json\/wp\/v2\/product_brand?post=3691033"},{"taxonomy":"product_cat","embeddable":true,"href":"https:\/\/stoic-curie.212-227-153-4.plesk.page\/hr\/wp-json\/wp\/v2\/product_cat?post=3691033"},{"taxonomy":"product_tag","embeddable":true,"href":"https:\/\/stoic-curie.212-227-153-4.plesk.page\/hr\/wp-json\/wp\/v2\/product_tag?post=3691033"}],"curies":[{"name":"wp","href":"https:\/\/api.w.org\/{rel}","templated":true}]}}