{"id":3691034,"date":"2025-10-13T13:45:23","date_gmt":"2025-10-13T17:45:23","guid":{"rendered":"https:\/\/stoic-curie.212-227-153-4.plesk.page\/product\/driveforce-beneteau-jeanneau-prop-shaft-lezaj-22-x-36-x-80mm\/"},"modified":"2026-02-25T00:01:07","modified_gmt":"2026-02-25T00:01:07","slug":"driveforce-beneteau-jeanneau-prop-shaft-lezaj-22-x-36-x-80mm","status":"publish","type":"product","link":"https:\/\/stoic-curie.212-227-153-4.plesk.page\/hr\/product\/driveforce-beneteau-jeanneau-prop-shaft-lezaj-22-x-36-x-80mm\/","title":{"rendered":"DriveForce Beneteau Jeanneau Prop Shaft Le\u017eaj (22 x 36 x 80mm)"},"content":{"rendered":"<p>DriveForce Beneteau Jeanneau Prop Shaft Le\u017eaj (22 x 36 x 80mm) &#8211; Zamjenska \u010da\u0161ica le\u017eaja osovine dizajnirana za zamjenu posebnog le\u017eaja osovine propelera koji je ugra\u0111en na mnogim jedrilicama Beneteau, Jeanneau i Dufour. Ovaj le\u017eaj dolazi s 2 nemetalne lokacijske vijke. Ovaj le\u017eaj je za osovinu propelera promjera 22 mm i ima vanjski promjer od 36 mm te du\u017einu od 80 mm. (7 mm debljina) <\/p>\n<p>Tehni\u010dki podaci: <\/p>\n<p>&#8211; Duljina: 80 mm<br \/>\n&#8211; Marka: Drive Force<br \/>\n&#8211; Veli\u010dina osovine: 22 mm<br \/>\n&#8211; Promjer: OD: 36 mm<br \/>\n&#8211; Debljina: 7 mm<\/p>\n","protected":false},"excerpt":{"rendered":"<p>DriveForce Beneteau Jeanneau Prop Shaft Le\u017eaj (22 x 36 x 80mm) &#8211; Zamjenska \u010da\u0161ica le\u017eaja osovine dizajnirana za zamjenu posebnog<\/p>\n","protected":false},"featured_media":5944817,"comment_status":"closed","ping_status":"closed","template":"","meta":[],"product_brand":[3226],"product_cat":[1812],"product_tag":[],"class_list":{"0":"post-3691034","1":"product","2":"type-product","3":"status-publish","4":"has-post-thumbnail","6":"product_brand-orbitrade-marine-hr","7":"product_cat-lezajevi-osovine-propelera","9":"first","10":"instock","11":"shipping-taxable","12":"purchasable","13":"product-type-simple"},"_links":{"self":[{"href":"https:\/\/stoic-curie.212-227-153-4.plesk.page\/hr\/wp-json\/wp\/v2\/product\/3691034","targetHints":{"allow":["GET"]}}],"collection":[{"href":"https:\/\/stoic-curie.212-227-153-4.plesk.page\/hr\/wp-json\/wp\/v2\/product"}],"about":[{"href":"https:\/\/stoic-curie.212-227-153-4.plesk.page\/hr\/wp-json\/wp\/v2\/types\/product"}],"replies":[{"embeddable":true,"href":"https:\/\/stoic-curie.212-227-153-4.plesk.page\/hr\/wp-json\/wp\/v2\/comments?post=3691034"}],"version-history":[{"count":0,"href":"https:\/\/stoic-curie.212-227-153-4.plesk.page\/hr\/wp-json\/wp\/v2\/product\/3691034\/revisions"}],"wp:featuredmedia":[{"embeddable":true,"href":"https:\/\/stoic-curie.212-227-153-4.plesk.page\/hr\/wp-json\/wp\/v2\/media\/5944817"}],"wp:attachment":[{"href":"https:\/\/stoic-curie.212-227-153-4.plesk.page\/hr\/wp-json\/wp\/v2\/media?parent=3691034"}],"wp:term":[{"taxonomy":"product_brand","embeddable":true,"href":"https:\/\/stoic-curie.212-227-153-4.plesk.page\/hr\/wp-json\/wp\/v2\/product_brand?post=3691034"},{"taxonomy":"product_cat","embeddable":true,"href":"https:\/\/stoic-curie.212-227-153-4.plesk.page\/hr\/wp-json\/wp\/v2\/product_cat?post=3691034"},{"taxonomy":"product_tag","embeddable":true,"href":"https:\/\/stoic-curie.212-227-153-4.plesk.page\/hr\/wp-json\/wp\/v2\/product_tag?post=3691034"}],"curies":[{"name":"wp","href":"https:\/\/api.w.org\/{rel}","templated":true}]}}