{"id":3691035,"date":"2025-10-13T13:45:23","date_gmt":"2025-10-13T17:45:23","guid":{"rendered":"https:\/\/stoic-curie.212-227-153-4.plesk.page\/product\/lezaj-vratila-za-beneteau-jeanneau-25-x-36-x-100-mm\/"},"modified":"2026-02-25T00:01:07","modified_gmt":"2026-02-25T00:01:07","slug":"lezaj-vratila-za-beneteau-jeanneau-25-x-36-x-100-mm","status":"publish","type":"product","link":"https:\/\/stoic-curie.212-227-153-4.plesk.page\/hr\/product\/lezaj-vratila-za-beneteau-jeanneau-25-x-36-x-100-mm\/","title":{"rendered":"Le\u017eaj vratila za Beneteau Jeanneau (25 x 36 x 100 mm)"},"content":{"rendered":"<p>Le\u017eaj vratila za Beneteau Jeanneau (25 x 36 x 100 mm) &#8211; Zamjenska \u010dahura le\u017eaja propellerske osovine dizajnirana da zamijeni posebno le\u017eaj propellerske osovine koji je montiran na mnogim Beneteau jedrilicama, Jeanneau i Dufour. Ovaj le\u017eaj se isporu\u010duje u kompletu s 2 nemetalne pri\u010dvr\u0161\u0107iva\u0107e vijaka. Ovaj le\u017eaj je za propellersku osovinu promjera 25 mm i ima vanjski promjer od 36 mm i duljinu od 100 mm (debljina 5,5 mm).<\/p>\n","protected":false},"excerpt":{"rendered":"<p>Le\u017eaj vratila za Beneteau Jeanneau (25 x 36 x 100 mm) &#8211; Zamjenska \u010dahura le\u017eaja propellerske osovine dizajnirana da zamijeni<\/p>\n","protected":false},"featured_media":5944818,"comment_status":"closed","ping_status":"closed","template":"","meta":[],"product_brand":[3226],"product_cat":[1812],"product_tag":[],"class_list":{"0":"post-3691035","1":"product","2":"type-product","3":"status-publish","4":"has-post-thumbnail","6":"product_brand-orbitrade-marine-hr","7":"product_cat-lezajevi-osovine-propelera","9":"first","10":"instock","11":"shipping-taxable","12":"purchasable","13":"product-type-simple"},"_links":{"self":[{"href":"https:\/\/stoic-curie.212-227-153-4.plesk.page\/hr\/wp-json\/wp\/v2\/product\/3691035","targetHints":{"allow":["GET"]}}],"collection":[{"href":"https:\/\/stoic-curie.212-227-153-4.plesk.page\/hr\/wp-json\/wp\/v2\/product"}],"about":[{"href":"https:\/\/stoic-curie.212-227-153-4.plesk.page\/hr\/wp-json\/wp\/v2\/types\/product"}],"replies":[{"embeddable":true,"href":"https:\/\/stoic-curie.212-227-153-4.plesk.page\/hr\/wp-json\/wp\/v2\/comments?post=3691035"}],"version-history":[{"count":0,"href":"https:\/\/stoic-curie.212-227-153-4.plesk.page\/hr\/wp-json\/wp\/v2\/product\/3691035\/revisions"}],"wp:featuredmedia":[{"embeddable":true,"href":"https:\/\/stoic-curie.212-227-153-4.plesk.page\/hr\/wp-json\/wp\/v2\/media\/5944818"}],"wp:attachment":[{"href":"https:\/\/stoic-curie.212-227-153-4.plesk.page\/hr\/wp-json\/wp\/v2\/media?parent=3691035"}],"wp:term":[{"taxonomy":"product_brand","embeddable":true,"href":"https:\/\/stoic-curie.212-227-153-4.plesk.page\/hr\/wp-json\/wp\/v2\/product_brand?post=3691035"},{"taxonomy":"product_cat","embeddable":true,"href":"https:\/\/stoic-curie.212-227-153-4.plesk.page\/hr\/wp-json\/wp\/v2\/product_cat?post=3691035"},{"taxonomy":"product_tag","embeddable":true,"href":"https:\/\/stoic-curie.212-227-153-4.plesk.page\/hr\/wp-json\/wp\/v2\/product_tag?post=3691035"}],"curies":[{"name":"wp","href":"https:\/\/api.w.org\/{rel}","templated":true}]}}