{"id":3691036,"date":"2025-10-13T13:45:23","date_gmt":"2025-10-13T17:45:23","guid":{"rendered":"https:\/\/stoic-curie.212-227-153-4.plesk.page\/product\/elektricni-baterijski-kabelski-ocni-terminal-25mm-kabel-8mm-stud\/"},"modified":"2026-02-25T00:01:07","modified_gmt":"2026-02-25T00:01:07","slug":"elektricni-baterijski-kabelski-ocni-terminal-25mm-kabel-8mm-stud","status":"publish","type":"product","link":"https:\/\/stoic-curie.212-227-153-4.plesk.page\/hr\/product\/elektricni-baterijski-kabelski-ocni-terminal-25mm-kabel-8mm-stud\/","title":{"rendered":"Elektricni baterijski kabelski ocni terminal (25mm kabel \/ 8mm Stud)"},"content":{"rendered":"<p>Elektricni baterijski kabelski ocni terminal (25mm kabel \/ 8mm Stud) &#8211; <\/p>\n<div class=\"col-24 col-md-15\">\n<p>Baterijski kabel terminal o\u010diju izra\u0111en od pocin\u010danog bakra, deo Electrical asortimana. Ovaj terminal koristi fiksaciju s okom za pri\u010dvr\u0161\u0107ivanje na battery studs i ulaz za kabel prikladan za krimpanje ili lemljenje. Ima inspekcijski otvor na prednjoj strani terminala.<\/p>\n<p>O\u010dajne terminale treba uvijek izolirati koriste\u0107i pokrove terminala, od kojih imamo \u0161iroku ponudu u VTE asortimanu.<\/p>\n<\/div>\n<h3>Specifikacije<\/h3>\n<table class=\"table\">\n<tbody>\n<tr>\n<td><strong>Duljina<\/strong><\/td>\n<td>42mm<\/td>\n<\/tr>\n<tr>\n<td><strong>\u0160irina<\/strong><\/td>\n<td>13mm<\/td>\n<\/tr>\n<tr>\n<td><strong>Brend<\/strong><\/td>\n<td>Electrical<\/td>\n<\/tr>\n<tr>\n<td><strong>Ulazna veli\u010dina kabelskog terminala o\u010diju<\/strong><\/td>\n<td>7mm<\/td>\n<\/tr>\n<tr>\n<td><strong>Veli\u010dina stuba kabelskog oka<\/strong><\/td>\n<td>8mm<\/td>\n<\/tr>\n<tr>\n<td><strong>Izgradnja<\/strong><\/td>\n<td>Pocin\u010dani bakar<\/td>\n<\/tr>\n<tr>\n<td><strong>Zamijeniti<\/strong><\/td>\n<td>Ovo je na\u0161a najbli\u017ea alternativa neprekidnom 713708 kabelskom terminalu oka, koji je imao 90 stupnjeva.<\/td>\n<\/tr>\n<\/tbody>\n<\/table>\n","protected":false},"excerpt":{"rendered":"<p>Elektricni baterijski kabelski ocni terminal (25mm kabel \/ 8mm Stud) &#8211; Baterijski kabel terminal o\u010diju izra\u0111en od pocin\u010danog bakra, deo<\/p>\n","protected":false},"featured_media":5944823,"comment_status":"closed","ping_status":"closed","template":"","meta":[],"product_brand":[3216],"product_cat":[1752],"product_tag":[],"class_list":{"0":"post-3691036","1":"product","2":"type-product","3":"status-publish","4":"has-post-thumbnail","6":"product_brand-oceanflex-hr","7":"product_cat-kabel-i-terminali-za-baterije","9":"first","10":"instock","11":"shipping-taxable","12":"purchasable","13":"product-type-simple"},"_links":{"self":[{"href":"https:\/\/stoic-curie.212-227-153-4.plesk.page\/hr\/wp-json\/wp\/v2\/product\/3691036","targetHints":{"allow":["GET"]}}],"collection":[{"href":"https:\/\/stoic-curie.212-227-153-4.plesk.page\/hr\/wp-json\/wp\/v2\/product"}],"about":[{"href":"https:\/\/stoic-curie.212-227-153-4.plesk.page\/hr\/wp-json\/wp\/v2\/types\/product"}],"replies":[{"embeddable":true,"href":"https:\/\/stoic-curie.212-227-153-4.plesk.page\/hr\/wp-json\/wp\/v2\/comments?post=3691036"}],"version-history":[{"count":0,"href":"https:\/\/stoic-curie.212-227-153-4.plesk.page\/hr\/wp-json\/wp\/v2\/product\/3691036\/revisions"}],"wp:featuredmedia":[{"embeddable":true,"href":"https:\/\/stoic-curie.212-227-153-4.plesk.page\/hr\/wp-json\/wp\/v2\/media\/5944823"}],"wp:attachment":[{"href":"https:\/\/stoic-curie.212-227-153-4.plesk.page\/hr\/wp-json\/wp\/v2\/media?parent=3691036"}],"wp:term":[{"taxonomy":"product_brand","embeddable":true,"href":"https:\/\/stoic-curie.212-227-153-4.plesk.page\/hr\/wp-json\/wp\/v2\/product_brand?post=3691036"},{"taxonomy":"product_cat","embeddable":true,"href":"https:\/\/stoic-curie.212-227-153-4.plesk.page\/hr\/wp-json\/wp\/v2\/product_cat?post=3691036"},{"taxonomy":"product_tag","embeddable":true,"href":"https:\/\/stoic-curie.212-227-153-4.plesk.page\/hr\/wp-json\/wp\/v2\/product_tag?post=3691036"}],"curies":[{"name":"wp","href":"https:\/\/api.w.org\/{rel}","templated":true}]}}